{"id":19642,"date":"2022-02-11T14:22:34","date_gmt":"2022-02-11T13:22:34","guid":{"rendered":"https:\/\/musicole78.fr\/?page_id=19642"},"modified":"2022-06-22T13:40:36","modified_gmt":"2022-06-22T12:40:36","slug":"la-chorale","status":"publish","type":"page","link":"https:\/\/musicole78.fr\/?page_id=19642","title":{"rendered":"La Chorale"},"content":{"rendered":"<div class=\"wpb-content-wrapper\">[vc_row][vc_column width=\u00a0\u00bb1\/2&Prime;]<div class=\"true-contentbox tt_animate_none \"><div class=\"true-contentbox-title true-cb-title-orange\"> <span>Formation musicale ludique...<\/span><\/div><div class=\"true-contentbox-content true-content-style-orange\">La formation musicale est volontairement ludique et s&rsquo;int\u00e8gre parfaitement \u00e0 la pratique d&rsquo;un instrument. Oubli\u00e9es les contraintes li\u00e9es \u00e0 l&rsquo;apprentissage de la musique&#8230; Avec Contraste Music&rsquo;Ole apprenez et jouez de votre voix avec plaisir.<\/div><\/div><div class=\"true-contentbox tt_animate_none \"><div class=\"true-contentbox-title true-cb-title-yogigreen\"> <span>Les premiers principes de technique vocale<\/span><\/div><div class=\"true-contentbox-content true-content-style-yogigreen\">En d\u00e9but d&rsquo;ann\u00e9e, le cours de chorale\u00a0permet d&rsquo;aborder les premiers principes de technique vocale afin de poser de bonnes bases pour faciliter l&rsquo;interpr\u00e9tation :\n<p>Acqu\u00e9rir une autonomie suffisante pour l\u2019entrainement personnel, tout en avan\u00e7ant \u00e0 son rythme, vous permettra de vous ouvrir \u00e0 tous les tr\u00e9sors du r\u00e9pertoire musical !<\/p>\n<p>Respiration, placement de la voix, articulation, projection, travail sur les voyelles, r\u00f4le des consonnes.<\/p><\/div><\/div>[\/vc_column][vc_column width=\u00a0\u00bb1\/2&Prime;]<div class=\"true-contentbox tt_animate_none \"><div class=\"true-contentbox-title true-cb-title-buoyred\"> <span>Une ambiance conviviale.<\/span><\/div><div class=\"true-contentbox-content true-content-style-buoyred\">Le cours de chorale est\u00a0un vrai travail sur le corps, la respiration et les r\u00e9sonateurs. De splendides voix et des personnalit\u00e9s rayonnantes peuvent se r\u00e9v\u00e9ler\u00a0!!! Cela permet de d\u00e9couvrir le chant\u00a0au sein d&rsquo;un groupe, dans une ambiance conviviale.\n<p>M\u00eame les personnes timides s\u2019y sentiront \u00e0 l\u2019aise\u00a0et pourront se familiariser avec d&rsquo;autres \u00e9l\u00e8ves chanteurs.<\/p>\n<p>Chacun pourra non seulement apprendre de sa propre exp\u00e9rience, mais aussi de l\u2019\u00e9coute des autres dans un contexte amical et propice \u00e0 l&rsquo;\u00e9change et \u00e0 l&rsquo;\u00e9mulation.<\/p><\/div><\/div><div class=\"true-contentbox tt_animate_none \"><div class=\"true-contentbox-title true-cb-title-skyblue\"> <span>Le travail sur l\u2019interpr\u00e9tation et l\u2019expression sc\u00e9nique<\/span><\/div><div class=\"true-contentbox-content true-content-style-skyblue\">\n<div align=\"justify\">Cette approche se fait progressivement tout au long de l\u2019ann\u00e9e.<\/div>\n<div align=\"justify\">Les spectacles sont un merveilleux moments pour se retrouver, \u00e9changer, entendre les autres et s\u2019en inspirer\u2026.<\/div>\n<div align=\"justify\">Quels que soient votre style, votre niveau, votre \u00e2ge, nous choisirons ensemble les morceaux qui vous motiveront le plus.<\/div>\n<\/div><\/div>[\/vc_column][\/vc_row][vc_row][vc_column]<div class=\"true-contentbox tt_animate_none \"><div class=\"true-contentbox-title true-cb-title-cherry\"> <span>Les Spectacles<\/span><\/div><div class=\"true-contentbox-content true-content-style-cherry\">\n<div style=\"text-align: center;\" align=\"justify\">Les \u00e9l\u00e8ves qui ont r\u00e9guli\u00e8rement particip\u00e9 aux cours participeront aux spectacles de fin d&rsquo;ann\u00e9e.<\/div>\n<\/div><\/div>[vc_column_text]\n<div class=\"wa-comp wa-text wa-bg-gradient param[grad(rgba(0,0,0,0)) border(0 #969696)] \">\n<div align=\"justify\">\n<p>&nbsp;<\/p>\n<\/div>\n<\/div>\n\n\t\t<style type=\"text\/css\">\n\t\t\t#gallery-1 {\n\t\t\t\tmargin: auto;\n\t\t\t}\n\t\t\t#gallery-1 .gallery-item {\n\t\t\t\tfloat: left;\n\t\t\t\tmargin-top: 10px;\n\t\t\t\ttext-align: center;\n\t\t\t\twidth: 20%;\n\t\t\t}\n\t\t\t#gallery-1 img {\n\t\t\t\tborder: 2px solid #cfcfcf;\n\t\t\t}\n\t\t\t#gallery-1 .gallery-caption {\n\t\t\t\tmargin-left: 0;\n\t\t\t}\n\t\t\t\/* see gallery_shortcode() in wp-includes\/media.php *\/\n\t\t<\/style>\n\t\t<div id='gallery-1' class='gallery galleryid-19642 gallery-columns-5 gallery-size-thumbnail'><dl class='gallery-item'>\n\t\t\t<dt class='gallery-icon landscape'>\n\t\t\t\t<a href='https:\/\/musicole78.fr\/?attachment_id=3359'><img loading=\"lazy\" decoding=\"async\" width=\"150\" height=\"150\" src=\"https:\/\/musicole78.fr\/wp-content\/uploads\/2016\/12\/chant9-150x150.jpg\" class=\"attachment-thumbnail size-thumbnail\" alt=\"\" srcset=\"https:\/\/musicole78.fr\/wp-content\/uploads\/2016\/12\/chant9-150x150.jpg 150w, https:\/\/musicole78.fr\/wp-content\/uploads\/2016\/12\/chant9-100x100.jpg 100w, https:\/\/musicole78.fr\/wp-content\/uploads\/2016\/12\/chant9-71x71.jpg 71w, https:\/\/musicole78.fr\/wp-content\/uploads\/2016\/12\/chant9-36x36.jpg 36w\" sizes=\"auto, (max-width: 150px) 100vw, 150px\" \/><\/a>\n\t\t\t<\/dt><\/dl><dl class='gallery-item'>\n\t\t\t<dt class='gallery-icon landscape'>\n\t\t\t\t<a href='https:\/\/musicole78.fr\/?attachment_id=3357'><img loading=\"lazy\" decoding=\"async\" width=\"150\" height=\"150\" src=\"https:\/\/musicole78.fr\/wp-content\/uploads\/2016\/12\/conviviale-150x150.jpg\" class=\"attachment-thumbnail size-thumbnail\" alt=\"\" srcset=\"https:\/\/musicole78.fr\/wp-content\/uploads\/2016\/12\/conviviale-150x150.jpg 150w, https:\/\/musicole78.fr\/wp-content\/uploads\/2016\/12\/conviviale-500x500.jpg 500w, https:\/\/musicole78.fr\/wp-content\/uploads\/2016\/12\/conviviale-100x100.jpg 100w, https:\/\/musicole78.fr\/wp-content\/uploads\/2016\/12\/conviviale-71x71.jpg 71w, https:\/\/musicole78.fr\/wp-content\/uploads\/2016\/12\/conviviale-36x36.jpg 36w, https:\/\/musicole78.fr\/wp-content\/uploads\/2016\/12\/conviviale-200x200.jpg 200w\" sizes=\"auto, (max-width: 150px) 100vw, 150px\" \/><\/a>\n\t\t\t<\/dt><\/dl><dl class='gallery-item'>\n\t\t\t<dt class='gallery-icon landscape'>\n\t\t\t\t<a href='https:\/\/musicole78.fr\/?attachment_id=3356'><img loading=\"lazy\" decoding=\"async\" width=\"150\" height=\"150\" src=\"https:\/\/musicole78.fr\/wp-content\/uploads\/2016\/12\/crbst_Emmanuel_20DEKOKER-benevole-150x150.jpg\" class=\"attachment-thumbnail size-thumbnail\" alt=\"\" srcset=\"https:\/\/musicole78.fr\/wp-content\/uploads\/2016\/12\/crbst_Emmanuel_20DEKOKER-benevole-150x150.jpg 150w, https:\/\/musicole78.fr\/wp-content\/uploads\/2016\/12\/crbst_Emmanuel_20DEKOKER-benevole-500x500.jpg 500w, https:\/\/musicole78.fr\/wp-content\/uploads\/2016\/12\/crbst_Emmanuel_20DEKOKER-benevole-100x100.jpg 100w, https:\/\/musicole78.fr\/wp-content\/uploads\/2016\/12\/crbst_Emmanuel_20DEKOKER-benevole-700x700.jpg 700w, https:\/\/musicole78.fr\/wp-content\/uploads\/2016\/12\/crbst_Emmanuel_20DEKOKER-benevole-300x300.jpg 300w, https:\/\/musicole78.fr\/wp-content\/uploads\/2016\/12\/crbst_Emmanuel_20DEKOKER-benevole-768x768.jpg 768w, https:\/\/musicole78.fr\/wp-content\/uploads\/2016\/12\/crbst_Emmanuel_20DEKOKER-benevole-71x71.jpg 71w, https:\/\/musicole78.fr\/wp-content\/uploads\/2016\/12\/crbst_Emmanuel_20DEKOKER-benevole-36x36.jpg 36w, https:\/\/musicole78.fr\/wp-content\/uploads\/2016\/12\/crbst_Emmanuel_20DEKOKER-benevole-600x600.jpg 600w, https:\/\/musicole78.fr\/wp-content\/uploads\/2016\/12\/crbst_Emmanuel_20DEKOKER-benevole-200x200.jpg 200w, https:\/\/musicole78.fr\/wp-content\/uploads\/2016\/12\/crbst_Emmanuel_20DEKOKER-benevole-400x400.jpg 400w, https:\/\/musicole78.fr\/wp-content\/uploads\/2016\/12\/crbst_Emmanuel_20DEKOKER-benevole.jpg 1024w\" sizes=\"auto, (max-width: 150px) 100vw, 150px\" \/><\/a>\n\t\t\t<\/dt><\/dl><dl class='gallery-item'>\n\t\t\t<dt class='gallery-icon portrait'>\n\t\t\t\t<a href='https:\/\/musicole78.fr\/?attachment_id=3328'><img loading=\"lazy\" decoding=\"async\" width=\"150\" height=\"150\" src=\"https:\/\/musicole78.fr\/wp-content\/uploads\/2016\/12\/Chant2-150x150.jpg\" class=\"attachment-thumbnail size-thumbnail\" alt=\"\" srcset=\"https:\/\/musicole78.fr\/wp-content\/uploads\/2016\/12\/Chant2-150x150.jpg 150w, https:\/\/musicole78.fr\/wp-content\/uploads\/2016\/12\/Chant2-500x500.jpg 500w, https:\/\/musicole78.fr\/wp-content\/uploads\/2016\/12\/Chant2-100x100.jpg 100w, https:\/\/musicole78.fr\/wp-content\/uploads\/2016\/12\/Chant2-71x71.jpg 71w, https:\/\/musicole78.fr\/wp-content\/uploads\/2016\/12\/Chant2-36x36.jpg 36w, https:\/\/musicole78.fr\/wp-content\/uploads\/2016\/12\/Chant2-200x200.jpg 200w\" sizes=\"auto, (max-width: 150px) 100vw, 150px\" \/><\/a>\n\t\t\t<\/dt><\/dl><dl class='gallery-item'>\n\t\t\t<dt class='gallery-icon portrait'>\n\t\t\t\t<a href='https:\/\/musicole78.fr\/?attachment_id=3326'><img loading=\"lazy\" decoding=\"async\" width=\"150\" height=\"150\" src=\"https:\/\/musicole78.fr\/wp-content\/uploads\/2016\/12\/Chant1-150x150.jpg\" class=\"attachment-thumbnail size-thumbnail\" alt=\"\" srcset=\"https:\/\/musicole78.fr\/wp-content\/uploads\/2016\/12\/Chant1-150x150.jpg 150w, https:\/\/musicole78.fr\/wp-content\/uploads\/2016\/12\/Chant1-scaled-500x500.jpg 500w, https:\/\/musicole78.fr\/wp-content\/uploads\/2016\/12\/Chant1-scaled-100x100.jpg 100w, https:\/\/musicole78.fr\/wp-content\/uploads\/2016\/12\/Chant1-71x71.jpg 71w, https:\/\/musicole78.fr\/wp-content\/uploads\/2016\/12\/Chant1-36x36.jpg 36w, https:\/\/musicole78.fr\/wp-content\/uploads\/2016\/12\/Chant1-200x200.jpg 200w\" sizes=\"auto, (max-width: 150px) 100vw, 150px\" \/><\/a>\n\t\t\t<\/dt><\/dl><br style=\"clear: both\" \/>\n\t\t<\/div>\n\n<p>&nbsp;<\/p>\n\n\t\t<style type=\"text\/css\">\n\t\t\t#gallery-2 {\n\t\t\t\tmargin: auto;\n\t\t\t}\n\t\t\t#gallery-2 .gallery-item {\n\t\t\t\tfloat: left;\n\t\t\t\tmargin-top: 10px;\n\t\t\t\ttext-align: center;\n\t\t\t\twidth: 20%;\n\t\t\t}\n\t\t\t#gallery-2 img {\n\t\t\t\tborder: 2px solid #cfcfcf;\n\t\t\t}\n\t\t\t#gallery-2 .gallery-caption {\n\t\t\t\tmargin-left: 0;\n\t\t\t}\n\t\t\t\/* see gallery_shortcode() in wp-includes\/media.php *\/\n\t\t<\/style>\n\t\t<div id='gallery-2' class='gallery galleryid-19642 gallery-columns-5 gallery-size-thumbnail'><dl class='gallery-item'>\n\t\t\t<dt class='gallery-icon landscape'>\n\t\t\t\t<img loading=\"lazy\" decoding=\"async\" width=\"150\" height=\"106\" src=\"https:\/\/musicole78.fr\/wp-content\/uploads\/2016\/12\/CHANT12-150x106.jpg\" class=\"attachment-thumbnail size-thumbnail\" alt=\"\" \/>\n\t\t\t<\/dt><\/dl><dl class='gallery-item'>\n\t\t\t<dt class='gallery-icon portrait'>\n\t\t\t\t<img loading=\"lazy\" decoding=\"async\" width=\"106\" height=\"150\" src=\"https:\/\/musicole78.fr\/wp-content\/uploads\/2016\/12\/CHANT13-106x150.jpg\" class=\"attachment-thumbnail size-thumbnail\" alt=\"\" \/>\n\t\t\t<\/dt><\/dl><dl class='gallery-item'>\n\t\t\t<dt class='gallery-icon portrait'>\n\t\t\t\t<img loading=\"lazy\" decoding=\"async\" width=\"108\" height=\"145\" src=\"https:\/\/musicole78.fr\/wp-content\/uploads\/2016\/12\/CHANT14.jpg\" class=\"attachment-thumbnail size-thumbnail\" alt=\"\" \/>\n\t\t\t<\/dt><\/dl><dl class='gallery-item'>\n\t\t\t<dt class='gallery-icon landscape'>\n\t\t\t\t<img loading=\"lazy\" decoding=\"async\" width=\"145\" height=\"120\" src=\"https:\/\/musicole78.fr\/wp-content\/uploads\/2016\/12\/CHANT11.jpg\" class=\"attachment-thumbnail size-thumbnail\" alt=\"\" \/>\n\t\t\t<\/dt><\/dl><dl class='gallery-item'>\n\t\t\t<dt class='gallery-icon portrait'>\n\t\t\t\t<img loading=\"lazy\" decoding=\"async\" width=\"133\" height=\"150\" src=\"https:\/\/musicole78.fr\/wp-content\/uploads\/2016\/12\/chant10-133x150.jpg\" class=\"attachment-thumbnail size-thumbnail\" alt=\"\" \/>\n\t\t\t<\/dt><\/dl><br style=\"clear: both\" \/>\n\t\t<\/div>\n\n<div class=\"wa-comp wa-text wa-bg-gradient param[grad(rgba(0,0,0,0)) border(0 #969696)] \">\n<div align=\"justify\">\n\n\t\t<style type=\"text\/css\">\n\t\t\t#gallery-3 {\n\t\t\t\tmargin: auto;\n\t\t\t}\n\t\t\t#gallery-3 .gallery-item {\n\t\t\t\tfloat: left;\n\t\t\t\tmargin-top: 10px;\n\t\t\t\ttext-align: center;\n\t\t\t\twidth: 20%;\n\t\t\t}\n\t\t\t#gallery-3 img {\n\t\t\t\tborder: 2px solid #cfcfcf;\n\t\t\t}\n\t\t\t#gallery-3 .gallery-caption {\n\t\t\t\tmargin-left: 0;\n\t\t\t}\n\t\t\t\/* see gallery_shortcode() in wp-includes\/media.php *\/\n\t\t<\/style>\n\t\t<div id='gallery-3' class='gallery galleryid-19642 gallery-columns-5 gallery-size-thumbnail'><dl class='gallery-item'>\n\t\t\t<dt class='gallery-icon landscape'>\n\t\t\t\t<img loading=\"lazy\" decoding=\"async\" width=\"150\" height=\"138\" src=\"https:\/\/musicole78.fr\/wp-content\/uploads\/2016\/12\/CHANT32-150x138.jpg\" class=\"attachment-thumbnail size-thumbnail\" alt=\"\" \/>\n\t\t\t<\/dt><\/dl><dl class='gallery-item'>\n\t\t\t<dt class='gallery-icon landscape'>\n\t\t\t\t<img loading=\"lazy\" decoding=\"async\" width=\"150\" height=\"133\" src=\"https:\/\/musicole78.fr\/wp-content\/uploads\/2016\/12\/CHANT30-150x133.jpg\" class=\"attachment-thumbnail size-thumbnail\" alt=\"\" \/>\n\t\t\t<\/dt><\/dl><dl class='gallery-item'>\n\t\t\t<dt class='gallery-icon portrait'>\n\t\t\t\t<img loading=\"lazy\" decoding=\"async\" width=\"146\" height=\"150\" src=\"https:\/\/musicole78.fr\/wp-content\/uploads\/2016\/12\/CHANT31-146x150.jpg\" class=\"attachment-thumbnail size-thumbnail\" alt=\"\" srcset=\"https:\/\/musicole78.fr\/wp-content\/uploads\/2016\/12\/CHANT31-146x150.jpg 146w, https:\/\/musicole78.fr\/wp-content\/uploads\/2016\/12\/CHANT31-36x36.jpg 36w\" sizes=\"auto, (max-width: 146px) 100vw, 146px\" \/>\n\t\t\t<\/dt><\/dl><dl class='gallery-item'>\n\t\t\t<dt class='gallery-icon portrait'>\n\t\t\t\t<img loading=\"lazy\" decoding=\"async\" width=\"130\" height=\"150\" src=\"https:\/\/musicole78.fr\/wp-content\/uploads\/2016\/12\/CHANT27-130x150.jpg\" class=\"attachment-thumbnail size-thumbnail\" alt=\"\" \/>\n\t\t\t<\/dt><\/dl><dl class='gallery-item'>\n\t\t\t<dt class='gallery-icon landscape'>\n\t\t\t\t<img loading=\"lazy\" decoding=\"async\" width=\"150\" height=\"150\" src=\"https:\/\/musicole78.fr\/wp-content\/uploads\/2016\/12\/CHANT22-150x150.jpg\" class=\"attachment-thumbnail size-thumbnail\" alt=\"\" srcset=\"https:\/\/musicole78.fr\/wp-content\/uploads\/2016\/12\/CHANT22-150x150.jpg 150w, https:\/\/musicole78.fr\/wp-content\/uploads\/2016\/12\/CHANT22-100x100.jpg 100w, https:\/\/musicole78.fr\/wp-content\/uploads\/2016\/12\/CHANT22-71x71.jpg 71w, https:\/\/musicole78.fr\/wp-content\/uploads\/2016\/12\/CHANT22-36x36.jpg 36w\" sizes=\"auto, (max-width: 150px) 100vw, 150px\" \/>\n\t\t\t<\/dt><\/dl><br style=\"clear: both\" \/>\n\t\t<\/div>\n\n<\/div>\n<\/div>\n\n\t\t<style type=\"text\/css\">\n\t\t\t#gallery-4 {\n\t\t\t\tmargin: auto;\n\t\t\t}\n\t\t\t#gallery-4 .gallery-item {\n\t\t\t\tfloat: left;\n\t\t\t\tmargin-top: 10px;\n\t\t\t\ttext-align: center;\n\t\t\t\twidth: 20%;\n\t\t\t}\n\t\t\t#gallery-4 img {\n\t\t\t\tborder: 2px solid #cfcfcf;\n\t\t\t}\n\t\t\t#gallery-4 .gallery-caption {\n\t\t\t\tmargin-left: 0;\n\t\t\t}\n\t\t\t\/* see gallery_shortcode() in wp-includes\/media.php *\/\n\t\t<\/style>\n\t\t<div id='gallery-4' class='gallery galleryid-19642 gallery-columns-5 gallery-size-thumbnail'><dl class='gallery-item'>\n\t\t\t<dt class='gallery-icon landscape'>\n\t\t\t\t<img loading=\"lazy\" decoding=\"async\" width=\"150\" height=\"133\" src=\"https:\/\/musicole78.fr\/wp-content\/uploads\/2016\/12\/CHANT19-150x133.jpg\" class=\"attachment-thumbnail size-thumbnail\" alt=\"\" \/>\n\t\t\t<\/dt><\/dl><dl class='gallery-item'>\n\t\t\t<dt class='gallery-icon landscape'>\n\t\t\t\t<img loading=\"lazy\" decoding=\"async\" width=\"150\" height=\"133\" src=\"https:\/\/musicole78.fr\/wp-content\/uploads\/2016\/12\/CHANT17-150x133.jpg\" class=\"attachment-thumbnail size-thumbnail\" alt=\"\" \/>\n\t\t\t<\/dt><\/dl><dl class='gallery-item'>\n\t\t\t<dt class='gallery-icon portrait'>\n\t\t\t\t<img loading=\"lazy\" decoding=\"async\" width=\"105\" height=\"150\" src=\"https:\/\/musicole78.fr\/wp-content\/uploads\/2016\/12\/CHANT20-105x150.jpg\" class=\"attachment-thumbnail size-thumbnail\" alt=\"\" \/>\n\t\t\t<\/dt><\/dl><dl class='gallery-item'>\n\t\t\t<dt class='gallery-icon landscape'>\n\t\t\t\t<img loading=\"lazy\" decoding=\"async\" width=\"133\" height=\"100\" src=\"https:\/\/musicole78.fr\/wp-content\/uploads\/2016\/12\/CHANT21.jpg\" class=\"attachment-thumbnail size-thumbnail\" alt=\"\" \/>\n\t\t\t<\/dt><\/dl><dl class='gallery-item'>\n\t\t\t<dt class='gallery-icon portrait'>\n\t\t\t\t<img loading=\"lazy\" decoding=\"async\" width=\"150\" height=\"150\" src=\"https:\/\/musicole78.fr\/wp-content\/uploads\/2016\/12\/CHANT23-150x150.jpg\" class=\"attachment-thumbnail size-thumbnail\" alt=\"\" srcset=\"https:\/\/musicole78.fr\/wp-content\/uploads\/2016\/12\/CHANT23-150x150.jpg 150w, https:\/\/musicole78.fr\/wp-content\/uploads\/2016\/12\/CHANT23-100x100.jpg 100w, https:\/\/musicole78.fr\/wp-content\/uploads\/2016\/12\/CHANT23-71x71.jpg 71w, https:\/\/musicole78.fr\/wp-content\/uploads\/2016\/12\/CHANT23-36x36.jpg 36w\" sizes=\"auto, (max-width: 150px) 100vw, 150px\" \/>\n\t\t\t<\/dt><\/dl><br style=\"clear: both\" \/>\n\t\t<\/div>\n\n\n\t\t<style type=\"text\/css\">\n\t\t\t#gallery-5 {\n\t\t\t\tmargin: auto;\n\t\t\t}\n\t\t\t#gallery-5 .gallery-item {\n\t\t\t\tfloat: left;\n\t\t\t\tmargin-top: 10px;\n\t\t\t\ttext-align: center;\n\t\t\t\twidth: 20%;\n\t\t\t}\n\t\t\t#gallery-5 img {\n\t\t\t\tborder: 2px solid #cfcfcf;\n\t\t\t}\n\t\t\t#gallery-5 .gallery-caption {\n\t\t\t\tmargin-left: 0;\n\t\t\t}\n\t\t\t\/* see gallery_shortcode() in wp-includes\/media.php *\/\n\t\t<\/style>\n\t\t<div id='gallery-5' class='gallery galleryid-19642 gallery-columns-5 gallery-size-thumbnail'><dl class='gallery-item'>\n\t\t\t<dt class='gallery-icon portrait'>\n\t\t\t\t<img loading=\"lazy\" decoding=\"async\" width=\"150\" height=\"150\" src=\"https:\/\/musicole78.fr\/wp-content\/uploads\/2016\/12\/Joelle-150x150.jpg\" class=\"attachment-thumbnail size-thumbnail\" alt=\"\" srcset=\"https:\/\/musicole78.fr\/wp-content\/uploads\/2016\/12\/Joelle-150x150.jpg 150w, https:\/\/musicole78.fr\/wp-content\/uploads\/2016\/12\/Joelle-500x500.jpg 500w, https:\/\/musicole78.fr\/wp-content\/uploads\/2016\/12\/Joelle-100x100.jpg 100w, https:\/\/musicole78.fr\/wp-content\/uploads\/2016\/12\/Joelle-71x71.jpg 71w, https:\/\/musicole78.fr\/wp-content\/uploads\/2016\/12\/Joelle-36x36.jpg 36w, https:\/\/musicole78.fr\/wp-content\/uploads\/2016\/12\/Joelle-200x200.jpg 200w\" sizes=\"auto, (max-width: 150px) 100vw, 150px\" \/>\n\t\t\t<\/dt><\/dl><dl class='gallery-item'>\n\t\t\t<dt class='gallery-icon landscape'>\n\t\t\t\t<img loading=\"lazy\" decoding=\"async\" width=\"150\" height=\"150\" src=\"https:\/\/musicole78.fr\/wp-content\/uploads\/2016\/12\/CHANT28-150x150.jpg\" class=\"attachment-thumbnail size-thumbnail\" alt=\"\" srcset=\"https:\/\/musicole78.fr\/wp-content\/uploads\/2016\/12\/CHANT28-150x150.jpg 150w, https:\/\/musicole78.fr\/wp-content\/uploads\/2016\/12\/CHANT28-100x100.jpg 100w, https:\/\/musicole78.fr\/wp-content\/uploads\/2016\/12\/CHANT28-71x71.jpg 71w, https:\/\/musicole78.fr\/wp-content\/uploads\/2016\/12\/CHANT28-36x36.jpg 36w\" sizes=\"auto, (max-width: 150px) 100vw, 150px\" \/>\n\t\t\t<\/dt><\/dl><dl class='gallery-item'>\n\t\t\t<dt class='gallery-icon portrait'>\n\t\t\t\t<img loading=\"lazy\" decoding=\"async\" width=\"146\" height=\"150\" src=\"https:\/\/musicole78.fr\/wp-content\/uploads\/2016\/12\/CHANT24-146x150.jpg\" class=\"attachment-thumbnail size-thumbnail\" alt=\"\" srcset=\"https:\/\/musicole78.fr\/wp-content\/uploads\/2016\/12\/CHANT24-146x150.jpg 146w, https:\/\/musicole78.fr\/wp-content\/uploads\/2016\/12\/CHANT24-36x36.jpg 36w\" sizes=\"auto, (max-width: 146px) 100vw, 146px\" \/>\n\t\t\t<\/dt><\/dl><dl class='gallery-item'>\n\t\t\t<dt class='gallery-icon landscape'>\n\t\t\t\t<img loading=\"lazy\" decoding=\"async\" width=\"150\" height=\"150\" src=\"https:\/\/musicole78.fr\/wp-content\/uploads\/2016\/11\/crbst_thierry-president_202-150x150.jpg\" class=\"attachment-thumbnail size-thumbnail\" alt=\"\" srcset=\"https:\/\/musicole78.fr\/wp-content\/uploads\/2016\/11\/crbst_thierry-president_202-150x150.jpg 150w, https:\/\/musicole78.fr\/wp-content\/uploads\/2016\/11\/crbst_thierry-president_202-500x497.jpg 500w, https:\/\/musicole78.fr\/wp-content\/uploads\/2016\/11\/crbst_thierry-president_202-100x100.jpg 100w, https:\/\/musicole78.fr\/wp-content\/uploads\/2016\/11\/crbst_thierry-president_202-700x695.jpg 700w, https:\/\/musicole78.fr\/wp-content\/uploads\/2016\/11\/crbst_thierry-president_202-300x298.jpg 300w, https:\/\/musicole78.fr\/wp-content\/uploads\/2016\/11\/crbst_thierry-president_202-768x763.jpg 768w, https:\/\/musicole78.fr\/wp-content\/uploads\/2016\/11\/crbst_thierry-president_202-1024x1017.jpg 1024w, https:\/\/musicole78.fr\/wp-content\/uploads\/2016\/11\/crbst_thierry-president_202-71x71.jpg 71w, https:\/\/musicole78.fr\/wp-content\/uploads\/2016\/11\/crbst_thierry-president_202-36x36.jpg 36w, https:\/\/musicole78.fr\/wp-content\/uploads\/2016\/11\/crbst_thierry-president_202-600x596.jpg 600w, https:\/\/musicole78.fr\/wp-content\/uploads\/2016\/11\/crbst_thierry-president_202-200x200.jpg 200w, https:\/\/musicole78.fr\/wp-content\/uploads\/2016\/11\/crbst_thierry-president_202-400x397.jpg 400w, https:\/\/musicole78.fr\/wp-content\/uploads\/2016\/11\/crbst_thierry-president_202.jpg 1027w\" sizes=\"auto, (max-width: 150px) 100vw, 150px\" \/>\n\t\t\t<\/dt><\/dl><dl class='gallery-item'>\n\t\t\t<dt class='gallery-icon portrait'>\n\t\t\t\t<img loading=\"lazy\" decoding=\"async\" width=\"150\" height=\"150\" src=\"https:\/\/musicole78.fr\/wp-content\/uploads\/2016\/11\/Orianne-150x150.jpg\" class=\"attachment-thumbnail size-thumbnail\" alt=\"\" srcset=\"https:\/\/musicole78.fr\/wp-content\/uploads\/2016\/11\/Orianne-150x150.jpg 150w, https:\/\/musicole78.fr\/wp-content\/uploads\/2016\/11\/Orianne-500x500.jpg 500w, https:\/\/musicole78.fr\/wp-content\/uploads\/2016\/11\/Orianne-100x100.jpg 100w, https:\/\/musicole78.fr\/wp-content\/uploads\/2016\/11\/Orianne-71x71.jpg 71w, https:\/\/musicole78.fr\/wp-content\/uploads\/2016\/11\/Orianne-36x36.jpg 36w, https:\/\/musicole78.fr\/wp-content\/uploads\/2016\/11\/Orianne-200x200.jpg 200w\" sizes=\"auto, (max-width: 150px) 100vw, 150px\" \/>\n\t\t\t<\/dt><\/dl><br style=\"clear: both\" \/>\n\t\t<\/div>\n\n<div class=\"wa-comp wa-text wa-bg-gradient param[grad(rgba(0,0,0,0)) border(0 #969696)] \"><\/div>\n[\/vc_column_text][\/vc_column][\/vc_row][vc_row][vc_column][vc_separator color=\u00a0\u00bborange\u00a0\u00bb border_width=\u00a0\u00bb8&Prime;][vc_column_text]\n<h1 style=\"text-align: center;\"><a href=\"https:\/\/musicole78.fr\/?page_id=3076\">Les Professeurs<\/a><\/h1>\n[\/vc_column_text][vc_separator color=\u00a0\u00bborange\u00a0\u00bb border_width=\u00a0\u00bb8&Prime;][\/vc_column][\/vc_row][vc_row][vc_column]<div class=\"true-contentbox tt_animate_none \"><div class=\"true-contentbox-title true-cb-title-cherry\"><i class=\"fa entypo-icon entypo-icon-note-beamed\"><\/i> <span>Nos M\u00e9thodes<\/span><\/div><div class=\"true-contentbox-content true-content-style-cherry\">CONTRASTE d\u00e9veloppe et met \u00e0 la disposition des \u00e9l\u00e8ves comme des professeurs ses propres outils p\u00e9dagogiques pour l&rsquo;apprentissage de la musique.\n<div class=\"wa-comp wa-text wa-bg-gradient param[grad(rgba(0,0,0,0)) border(0 #969696)] \">\n<div>\n<div align=\"center\">POURQUOI ?<\/div>\n<div align=\"center\">Permettre \u00e0 tous d\u2019apprendre et de jouer de la musique avec le maximum de plaisir<\/div>\n<div align=\"center\">Proposer les m\u00e9thodes d\u2019enseignement les plus efficaces<\/div>\n<div align=\"center\">Offrir des exercices et des th\u00e8mes d\u2019\u00e9tude qui allient jeux et r\u00e9sultats<\/div>\n<\/div>\n<\/div>\n<\/div><\/div>[vc_btn title=\u00a0\u00bbJe m&rsquo;inscris\u00a0\u00bb shape=\u00a0\u00bbround\u00a0\u00bb color=\u00a0\u00bbwarning\u00a0\u00bb align=\u00a0\u00bbcenter\u00a0\u00bb i_icon_fontawesome=\u00a0\u00bbfa fa-wpforms\u00a0\u00bb add_icon=\u00a0\u00bbtrue\u00a0\u00bb link=\u00a0\u00bburl:https%3A%2F%2Fmusicole78.fr%2F%3Fpage_id%3D659|||\u00a0\u00bb][\/vc_column][\/vc_row]\n<\/div>","protected":false},"excerpt":{"rendered":"<p>[vc_row][vc_column width=\u00a0\u00bb1\/2&Prime;][\/vc_column][vc_column width=\u00a0\u00bb1\/2&Prime;][\/vc_column][\/vc_row][vc_row][vc_column][vc_column_text]<\/p>\n<p>\n&nbsp;<\/p>\n<p>\n&nbsp;<\/p>\n<p>[\/vc_column_text][\/vc_column][\/vc_row][vc_row][vc_column][vc_separator color=\u00a0\u00bborange\u00a0\u00bb border_width=\u00a0\u00bb8&Prime;][vc_column_text]<br \/>\nLes Professeurs<br \/>\n[\/vc_column_text][vc_separator color=\u00a0\u00bborange\u00a0\u00bb border_width=\u00a0\u00bb8&Prime;][\/vc_column][\/vc_row][vc_row][vc_column][vc_btn title=\u00a0\u00bbJe m&rsquo;inscris\u00a0\u00bb shape=\u00a0\u00bbround\u00a0\u00bb color=\u00a0\u00bbwarning\u00a0\u00bb align=\u00a0\u00bbcenter\u00a0\u00bb i_icon_fontawesome=\u00a0\u00bbfa fa-wpforms\u00a0\u00bb add_icon=\u00a0\u00bbtrue\u00a0\u00bb link=\u00a0\u00bburl:https%3A%2F%2Fmusicole78.fr%2F%3Fpage_id%3D659|||\u00a0\u00bb][\/vc_column][\/vc_row]<\/p>\n","protected":false},"author":310,"featured_media":0,"parent":2853,"menu_order":2,"comment_status":"closed","ping_status":"closed","template":"template_leftnav.php","meta":{"_acf_changed":false,"_bbp_topic_count":0,"_bbp_reply_count":0,"_bbp_total_topic_count":0,"_bbp_total_reply_count":0,"_bbp_voice_count":0,"_bbp_anonymous_reply_count":0,"_bbp_topic_count_hidden":0,"_bbp_reply_count_hidden":0,"_bbp_forum_subforum_count":0,"footnotes":""},"class_list":["post-19642","page","type-page","status-publish","hentry"],"acf":[],"aioseo_notices":[],"_links":{"self":[{"href":"https:\/\/musicole78.fr\/index.php?rest_route=\/wp\/v2\/pages\/19642","targetHints":{"allow":["GET"]}}],"collection":[{"href":"https:\/\/musicole78.fr\/index.php?rest_route=\/wp\/v2\/pages"}],"about":[{"href":"https:\/\/musicole78.fr\/index.php?rest_route=\/wp\/v2\/types\/page"}],"author":[{"embeddable":true,"href":"https:\/\/musicole78.fr\/index.php?rest_route=\/wp\/v2\/users\/310"}],"replies":[{"embeddable":true,"href":"https:\/\/musicole78.fr\/index.php?rest_route=%2Fwp%2Fv2%2Fcomments&post=19642"}],"version-history":[{"count":0,"href":"https:\/\/musicole78.fr\/index.php?rest_route=\/wp\/v2\/pages\/19642\/revisions"}],"up":[{"embeddable":true,"href":"https:\/\/musicole78.fr\/index.php?rest_route=\/wp\/v2\/pages\/2853"}],"wp:attachment":[{"href":"https:\/\/musicole78.fr\/index.php?rest_route=%2Fwp%2Fv2%2Fmedia&parent=19642"}],"curies":[{"name":"wp","href":"https:\/\/api.w.org\/{rel}","templated":true}]}}