{"id":20923,"date":"2023-01-06T17:28:17","date_gmt":"2023-01-06T16:28:17","guid":{"rendered":"https:\/\/musicole78.fr\/?page_id=20923"},"modified":"2023-04-17T10:21:03","modified_gmt":"2023-04-17T09:21:03","slug":"lesstages-2-3-2-2-2","status":"publish","type":"page","link":"https:\/\/musicole78.fr\/?page_id=20923","title":{"rendered":"Stages Vacances de PAQUES"},"content":{"rendered":"<div class=\"wpb-content-wrapper\">[vc_row][vc_column][layerslider_vc id=\u00a0\u00bb138&Prime;][\/vc_column][\/vc_row][vc_row][vc_column width=\u00a0\u00bb1\/3&Prime;]<div class=\"true-image-box-1 tt_animate_none  OujNLWqe\"><div class=\"true-img-wrap\"><img loading=\"lazy\" decoding=\"async\" width=\"1024\" height=\"683\" src=\"https:\/\/musicole78.fr\/wp-content\/uploads\/2016\/11\/IMG_2403-1024x683.jpg\" class=\"attachment-large size-large\" alt=\"\" srcset=\"https:\/\/musicole78.fr\/wp-content\/uploads\/2016\/11\/IMG_2403-1024x683.jpg 1024w, https:\/\/musicole78.fr\/wp-content\/uploads\/2016\/11\/IMG_2403-700x467.jpg 700w, https:\/\/musicole78.fr\/wp-content\/uploads\/2016\/11\/IMG_2403-300x200.jpg 300w, https:\/\/musicole78.fr\/wp-content\/uploads\/2016\/11\/IMG_2403-768x512.jpg 768w, https:\/\/musicole78.fr\/wp-content\/uploads\/2016\/11\/IMG_2403-500x333.jpg 500w, https:\/\/musicole78.fr\/wp-content\/uploads\/2016\/11\/IMG_2403-400x267.jpg 400w, https:\/\/musicole78.fr\/wp-content\/uploads\/2016\/11\/IMG_2403.jpg 2048w\" sizes=\"auto, (max-width: 1024px) 100vw, 1024px\" \/><\/div><div class=\"true-text-wrap\"><div class=\"callout-heading-wrap true-montserrat\"><h4><\/h4><h3>Stage Musique d'Ensemble<\/h3><\/div><div class=\"callout-details-wrap\">Le stage musique d&rsquo;ensemble \u00a0s\u2019adresse \u00e0 tous les \u00e9l\u00e8ves d\u00e9sirant jouer en formation.\u00a0L\u2019objectif est de monter un r\u00e9pertoire vari\u00e9.\n<p>La musique se partage, voici l\u2019occasion de communiquer gr\u00e2ce aux sons et aux notes !<\/p>\n<p><a href=\"https:\/\/musicole78.fr\/?page_id=22443\">En savoir +<\/a><\/p><\/div><\/div><\/div>[\/vc_column][vc_column width=\u00a0\u00bb1\/3&Prime;]<div class=\"true-image-box-1 tt_animate_none  DYFItGgg\"><div class=\"true-img-wrap\"><img loading=\"lazy\" decoding=\"async\" width=\"284\" height=\"177\" src=\"https:\/\/musicole78.fr\/wp-content\/uploads\/2023\/01\/Eveil1.jpeg\" class=\"attachment-large size-large\" alt=\"\" \/><\/div><div class=\"true-text-wrap\"><div class=\"callout-heading-wrap true-montserrat\"><h4><\/h4><h3>Stage de Percussions<\/h3><\/div><div class=\"callout-details-wrap\">Si vous \u00eates passionn\u00e9 par la musique et les rythmes, un stage de percussions pourrait \u00eatre une exp\u00e9rience incroyable pour vous. En participant \u00e0 ce stage, vous pourriez apprendre de nouveaux rythmes, d\u00e9velopper votre technique et rencontrer d&rsquo;autres musiciens passionn\u00e9s de percussions.\n<p><a href=\"https:\/\/musicole78.fr\/?page_id=22512\">En savoir +<\/a><\/p><\/div><\/div><\/div>[\/vc_column][vc_column width=\u00a0\u00bb1\/3&Prime;]<div class=\"true-image-box-1 tt_animate_none  jhfedXcb\"><div class=\"true-img-wrap\"><img loading=\"lazy\" decoding=\"async\" width=\"1024\" height=\"683\" src=\"https:\/\/musicole78.fr\/wp-content\/uploads\/2022\/02\/educ1-1-1024x683.jpg\" class=\"attachment-large size-large\" alt=\"\" srcset=\"https:\/\/musicole78.fr\/wp-content\/uploads\/2022\/02\/educ1-1-1024x683.jpg 1024w, https:\/\/musicole78.fr\/wp-content\/uploads\/2022\/02\/educ1-1-700x467.jpg 700w, https:\/\/musicole78.fr\/wp-content\/uploads\/2022\/02\/educ1-1-300x200.jpg 300w, https:\/\/musicole78.fr\/wp-content\/uploads\/2022\/02\/educ1-1-768x512.jpg 768w, https:\/\/musicole78.fr\/wp-content\/uploads\/2022\/02\/educ1-1-600x400.jpg 600w, https:\/\/musicole78.fr\/wp-content\/uploads\/2022\/02\/educ1-1-1536x1025.jpg 1536w, https:\/\/musicole78.fr\/wp-content\/uploads\/2022\/02\/educ1-1-1320x881.jpg 1320w, https:\/\/musicole78.fr\/wp-content\/uploads\/2022\/02\/educ1-1-500x334.jpg 500w, https:\/\/musicole78.fr\/wp-content\/uploads\/2022\/02\/educ1-1-400x267.jpg 400w, https:\/\/musicole78.fr\/wp-content\/uploads\/2022\/02\/educ1-1.jpg 1920w\" sizes=\"auto, (max-width: 1024px) 100vw, 1024px\" \/><\/div><div class=\"true-text-wrap\"><div class=\"callout-heading-wrap true-montserrat\"><h4><\/h4><h3>Ateliers Musiciens en herbe<\/h3><\/div><div class=\"callout-details-wrap\">Ce stage pour les enfants de 4 \u00e0 6 ans invite \u00e0 la d\u00e9couverte de la musique par le biais de l\u2019\u00e9coute et de la reconnaissance des instruments, de la manipulation de petites percussions, de chansons et de comptines.\n<p><a href=\"https:\/\/musicole78.fr\/?page_id=20976\">En savoir +<\/a><\/p><\/div><\/div><\/div>[\/vc_column][\/vc_row][vc_row][vc_column][\/vc_column][\/vc_row]\n<\/div>","protected":false},"excerpt":{"rendered":"<p>[vc_row][vc_column][layerslider_vc id=\u00a0\u00bb138&Prime;][\/vc_column][\/vc_row][vc_row][vc_column width=\u00a0\u00bb1\/3&Prime;][\/vc_column][vc_column width=\u00a0\u00bb1\/3&Prime;][\/vc_column][vc_column width=\u00a0\u00bb1\/3&Prime;][\/vc_column][\/vc_row][vc_row][vc_column][\/vc_column][\/vc_row]<\/p>\n","protected":false},"author":1,"featured_media":0,"parent":0,"menu_order":10,"comment_status":"closed","ping_status":"closed","template":"","meta":{"_acf_changed":false,"_bbp_topic_count":0,"_bbp_reply_count":0,"_bbp_total_topic_count":0,"_bbp_total_reply_count":0,"_bbp_voice_count":0,"_bbp_anonymous_reply_count":0,"_bbp_topic_count_hidden":0,"_bbp_reply_count_hidden":0,"_bbp_forum_subforum_count":0,"footnotes":""},"class_list":["post-20923","page","type-page","status-publish","hentry"],"acf":[],"aioseo_notices":[],"_links":{"self":[{"href":"https:\/\/musicole78.fr\/index.php?rest_route=\/wp\/v2\/pages\/20923","targetHints":{"allow":["GET"]}}],"collection":[{"href":"https:\/\/musicole78.fr\/index.php?rest_route=\/wp\/v2\/pages"}],"about":[{"href":"https:\/\/musicole78.fr\/index.php?rest_route=\/wp\/v2\/types\/page"}],"author":[{"embeddable":true,"href":"https:\/\/musicole78.fr\/index.php?rest_route=\/wp\/v2\/users\/1"}],"replies":[{"embeddable":true,"href":"https:\/\/musicole78.fr\/index.php?rest_route=%2Fwp%2Fv2%2Fcomments&post=20923"}],"version-history":[{"count":0,"href":"https:\/\/musicole78.fr\/index.php?rest_route=\/wp\/v2\/pages\/20923\/revisions"}],"wp:attachment":[{"href":"https:\/\/musicole78.fr\/index.php?rest_route=%2Fwp%2Fv2%2Fmedia&parent=20923"}],"curies":[{"name":"wp","href":"https:\/\/api.w.org\/{rel}","templated":true}]}}