{"id":22443,"date":"2023-03-20T14:41:52","date_gmt":"2023-03-20T13:41:52","guid":{"rendered":"https:\/\/musicole78.fr\/?page_id=22443"},"modified":"2023-04-18T20:38:14","modified_gmt":"2023-04-18T19:38:14","slug":"musique-densemble","status":"publish","type":"page","link":"https:\/\/musicole78.fr\/?page_id=22443","title":{"rendered":"Jouer en groupe"},"content":{"rendered":"<div class=\"wpb-content-wrapper\">[vc_row][vc_column][layerslider_vc id=\u00a0\u00bb138&Prime;][\/vc_column][\/vc_row][vc_row][vc_column width=\u00a0\u00bb1\/2&Prime;]<div class=\"true-contentbox tt_animate_none \"><div class=\"true-contentbox-title true-cb-title-violet\"> <span>Apprenez et jouez en groupe avec plaisir<\/span><\/div><div class=\"true-contentbox-content true-content-style-violet\">Jouer en groupe est une bonne occasion de briser la routine du travail individuel, de faire le point sur les qualit\u00e9s de votre jeu, mais \u00e9galement sur ce qu\u2019il vous reste \u00e0 travailler, d\u2019\u00e9largir votre culture musicale, et surtout, d\u2019apprendre \u00e0 travailler avec d\u2019autres musiciens !<\/div><\/div><div class=\"true-contentbox tt_animate_none \"><div class=\"true-contentbox-title true-cb-title-limegreen\"> <span>La vari\u00e9t\u00e9 des styles et des techniques<\/span><\/div><div class=\"true-contentbox-content true-content-style-limegreen\">Aborder les notions techniques pour savoir jouer en groupe \u00e0 travers un r\u00e9pertoire de musique vari\u00e9.\n<p>L\u2019objectif est de monter un r\u00e9pertoire vari\u00e9:<\/p>\n<p>Rock, jazz, vari\u00e9t\u00e9, Improvisation\u2026<\/p>\n<\/div><\/div>[\/vc_column][vc_column width=\u00a0\u00bb1\/2&Prime;]<div class=\"true-contentbox tt_animate_none \"><div class=\"true-contentbox-title true-cb-title-skyblue\"> <span>Niveau requis<\/span><\/div><div class=\"true-contentbox-content true-content-style-skyblue\">\n<div align=\"center\">L&rsquo;atelier groupe s\u2019adresse \u00e0 tous les \u00e9l\u00e8ves d\u00e9sirant jouer en formation<\/div>\n<div align=\"center\">Une ma\u00eetrise instrumentale d\u2019au moins 2 ans est n\u00e9cessaire.<\/div>\n<div align=\"center\">La musique se partage, voici l\u2019occasion de communiquer gr\u00e2ce aux sons et aux notes.<\/div>\n<\/div><\/div><div class=\"true-contentbox tt_animate_none \"><div class=\"true-contentbox-title true-cb-title-pink\"> <span>Une ambiance conviviale<\/span><\/div><div class=\"true-contentbox-content true-content-style-pink\">La pratique en groupe constitue l\u2019aboutissement de votre apprentissage instrumental, tout simplement parce que la musique est un art qui se pratique et se partage.<\/div><\/div>[\/vc_column][\/vc_row][vc_row][vc_column][vc_column_text]\n<h1 class=\"HKuofA q198bJ fKdwAf\" data-hook=\"event-title\">Stage Adultes \u00ab Atelier groupe \u00bb Du 02 au 05 Mai<\/h1>\n<p><strong>Niveau confirm\u00e9\u00a0<\/strong><\/p>\n<h1><strong>Heure et lieu<\/strong><\/h1>\n<p><span style=\"font-size: 16px;\">02 et 03 Mai A.Midi (14h- 17h30) et le 04 Mai , 9h30 &#8211; 13h00, 14h- 17h30<\/span><\/p>\n<div class=\"Ovefgh\">\n<div class=\"cAfK07 pUrXIs ZQLSml\">\n<p data-hook=\"event-full-location\">Studio Mendes France 3 rue Barrillio 78280 Guyancourt<\/p>\n<p data-hook=\"event-full-location\">\n<\/div>\n<\/div>\n<div class=\"SKIqU7 pUrXIs ZQLSml\" data-hook=\"about-section\">\n<div id=\"events-details-page-about-wrapper\" class=\"CUFA8G Zz5eQL\" data-hook=\"about-section-wrapper\">\n<div id=\"events-details-page-about-inner\" class=\"MPJmjG\" role=\"text\" data-hook=\"about-section-text\">\n<p><strong><u>R\u00c9SERVATIONS :<\/u><\/strong><\/p>\n<p><strong>Il est demand\u00e9 30 % d\u2019acompte \u00e0 la r\u00e9servation (remboursable jusque 10 jours avant le stage).<\/strong><\/p>\n<p><strong>Le solde de 70% est \u00e0 r\u00e9gler sur place le premier jour du stage.<\/strong><\/p>\n<p><strong>Stage d\u2019une Demi-journ\u00e9e :\u00a0<\/strong><\/p>\n<p>86 \u20ac 1 x 3h30 de stage<\/p>\n<p><strong>Stage de 2 Demi-journ\u00e9es :\u00a0<\/strong><\/p>\n<p>168 \u20ac 2 x 3h30 de stage<\/p>\n<p><strong>Stage de 3\u00a0Demi-journ\u00e9es :<\/strong><\/p>\n<p>210 \u20ac 3 x 3h30 de stage<\/p>\n<p><strong>Pour plus de renseignements<\/strong><\/p>\n<p>Contactez Emmanuelle<\/p>\n<p>Tel. 06 50 83 34 51<u><\/u><\/p>\n<p>Le stage sera maintenu \u00e0 partir de 4 participants minimum<\/p>\n<\/div>\n<\/div>\n<\/div>\n[\/vc_column_text][\/vc_column][\/vc_row][vc_row][vc_column][vc_column_text]\n<p style=\"text-align: center;\"><div class=\"frm_forms  with_frm_style frm_style_style-formidable\" id=\"frm_form_14_container\" >\n<form enctype=\"multipart\/form-data\" method=\"post\" class=\"frm-show-form \" id=\"form_61cqj32\" >\n<div class=\"frm_form_fields \">\n<fieldset>\n<legend class=\"frm_hidden\">Formulaire de stage Jouer en Groupe<\/legend>\r\n\r\n<div class=\"frm_fields_container\">\n<input type=\"hidden\" name=\"frm_action\" value=\"create\" \/>\n<input type=\"hidden\" name=\"form_id\" value=\"14\" \/>\n<input type=\"hidden\" name=\"frm_hide_fields_14\" id=\"frm_hide_fields_14\" value=\"\" \/>\n<input type=\"hidden\" name=\"form_key\" value=\"61cqj32\" \/>\n<input type=\"hidden\" name=\"item_meta[0]\" value=\"\" \/>\n<input type=\"hidden\" id=\"frm_submit_entry_14\" name=\"frm_submit_entry_14\" value=\"2ce20558c6\" \/><input type=\"hidden\" name=\"_wp_http_referer\" value=\"\/index.php?rest_route=%2Fwp%2Fv2%2Fpages%2F22443\" \/><div id=\"frm_field_208_container\" class=\"frm_form_field form-field  frm_required_field frm_top_container frm_first frm_half\">\r\n    <label for=\"field_3sme332\" class=\"frm_primary_label\">Votre Nom\r\n        <span class=\"frm_required\">*<\/span>\r\n    <\/label>\r\n    <input type=\"text\" id=\"field_3sme332\" name=\"item_meta[208]\" value=\"\"  data-reqmsg=\"Ce champ ne peut pas \u00eatre vide\" aria-required=\"true\" data-invmsg=\"Votre Nom est non valide\" aria-invalid=\"false\"  \/>\r\n    \r\n    \r\n<\/div>\n<div id=\"frm_field_209_container\" class=\"frm_form_field form-field  frm_required_field frm_top_container frm_half\">\r\n    <label for=\"field_sglx832\" class=\"frm_primary_label\">Votre Pr\u00e9nom\r\n        <span class=\"frm_required\">*<\/span>\r\n    <\/label>\r\n    <input type=\"text\" id=\"field_sglx832\" name=\"item_meta[209]\" value=\"\"  data-reqmsg=\"Ce champ ne peut pas \u00eatre vide\" aria-required=\"true\" data-invmsg=\"Votre Pr\u00e9nom est non valide\" aria-invalid=\"false\"  \/>\r\n    \r\n    \r\n<\/div>\n<div id=\"frm_field_210_container\" class=\"frm_form_field form-field  frm_required_field frm_top_container\">\r\n    <label for=\"field_vk22532\" id=\"field_vk22532_label\" class=\"frm_primary_label\">Code postal\/Ville\r\n        <span class=\"frm_required\">*<\/span>\r\n    <\/label>\r\n    <input type=\"text\" id=\"field_vk22532\" name=\"item_meta[210]\" value=\"\"  data-reqmsg=\"Ce champ ne peut pas \u00eatre vide\" aria-required=\"true\" data-invmsg=\"texte est non valide\" aria-invalid=\"false\"  \/>\r\n    \r\n    \r\n<\/div>\n<div id=\"frm_field_211_container\" class=\"frm_form_field form-field  frm_required_field frm_top_container\">\r\n    <label for=\"field_y1sbh32\" class=\"frm_primary_label\">Votre Adresse e-mail\r\n        <span class=\"frm_required\">*<\/span>\r\n    <\/label>\r\n    <input type=\"email\" id=\"field_y1sbh32\" name=\"item_meta[211]\" value=\"\"  data-reqmsg=\"Ce champ ne peut pas \u00eatre vide\" aria-required=\"true\" data-invmsg=\"Votre Adresse e-mail est non valide\" aria-invalid=\"false\"  \/>\r\n    \r\n    \r\n<\/div>\n<div id=\"frm_field_212_container\" class=\"frm_form_field form-field  frm_required_field frm_top_container frm12 frm_first\">\r\n    <label for=\"field_17a3y32\" class=\"frm_primary_label\">Votre t\u00e9l\u00e9phone\r\n        <span class=\"frm_required\">*<\/span>\r\n    <\/label>\r\n    <input type=\"text\" id=\"field_17a3y32\" name=\"item_meta[212]\" value=\"\"  data-reqmsg=\"Ce champ ne peut pas \u00eatre vide\" aria-required=\"true\" data-invmsg=\"Votre t\u00e9l\u00e9phone est non valide\" aria-invalid=\"false\"  \/>\r\n    \r\n    \r\n<\/div>\n<div id=\"frm_field_213_container\" class=\"frm_form_field form-field  frm_required_field frm_top_container\">\r\n    <label for=\"field_ypkmk2\" id=\"field_ypkmk2_label\" class=\"frm_primary_label\">Type de stages\r\n        <span class=\"frm_required\" aria-hidden=\"true\">*<\/span>\r\n    <\/label>\r\n    \t\t<select name=\"item_meta[213]\" id=\"field_ypkmk2\"  data-reqmsg=\"Ce champ ne peut pas \u00eatre vide\" aria-required=\"true\" data-invmsg=\"Type de stages est non valide\" aria-invalid=\"false\"  >\n\t\t<option  value=\"Stage Jouer en groupe\">Stage Jouer en groupe<\/option>\t<\/select>\n\t\r\n    \r\n    \r\n<\/div>\n<div id=\"frm_field_214_container\" class=\"frm_form_field form-field  frm_top_container\">\r\n    <label for=\"field_b1x7u2\" id=\"field_b1x7u2_label\" class=\"frm_primary_label\">Liste d\u00e9roulante\r\n        <span class=\"frm_required\" aria-hidden=\"true\"><\/span>\r\n    <\/label>\r\n    \t\t<select name=\"item_meta[214]\" id=\"field_b1x7u2\"  data-invmsg=\"Liste d\u00e9roulante est non valide\" aria-invalid=\"false\"  >\n\t\t<option  value=\"2 Mai 14h-17h30\">2 Mai 14h-17h30<\/option><option  value=\"3 Mai 14h-17h30\">3 Mai 14h-17h30<\/option><option  value=\"4 Mai 9h30-13h 14h-17h30\">4 Mai 9h30-13h 14h-17h30<\/option><option  value=\"4 Mai 9h30-13h\">4 Mai 9h30-13h<\/option><option  value=\"4 Mai 14h-17h30\">4 Mai 14h-17h30<\/option>\t<\/select>\n\t\r\n    \r\n    \r\n<\/div>\n<div id=\"frm_field_215_container\" class=\"frm_form_field form-field  frm_top_container\">\r\n    <label for=\"field_hjiug32\" class=\"frm_primary_label\">Votre Message\r\n        <span class=\"frm_required\"><\/span>\r\n    <\/label>\r\n    <textarea name=\"item_meta[215]\" id=\"field_hjiug32\" rows=\"5\"  data-invmsg=\"Votre Message est non valide\" aria-invalid=\"false\"  ><\/textarea>\r\n    \r\n    \r\n<\/div>\n<div id=\"frm_field_216_container\" class=\"frm_form_field form-field  frm_none_container\">\r\n    <label for=\"g-recaptcha-response\" id=\"field_ua00k3_label\" class=\"frm_primary_label\">Captcha\r\n        <span class=\"frm_required\" aria-hidden=\"true\"><\/span>\r\n    <\/label>\r\n    <div  id=\"field_ua00k3\" class=\"frm-g-recaptcha\" data-sitekey=\"6LceVhAUAAAAAArfLEdJcVq7LkbeLUToni3nC10N\" data-size=\"normal\" data-theme=\"light\"><\/div>\r\n    \r\n    \r\n<\/div>\n\t<input type=\"hidden\" name=\"item_key\" value=\"\" \/>\n\t\t\t<div id=\"frm_field_263_container\">\n\t\t\t<label for=\"field_gcdsk\" >\n\t\t\t\tSi vous \u00eates un humain, ne remplissez pas ce champ.\t\t\t<\/label>\n\t\t\t<input  id=\"field_gcdsk\" type=\"text\" class=\"frm_form_field form-field frm_verify\" name=\"item_meta[263]\" value=\"\"  \/>\n\t\t<\/div>\n\t\t<input name=\"frm_state\" type=\"hidden\" value=\"9\/GYUn9Jhoh9VEcPVC2bOUbJVxiFuX559\/k3R17iOr8=\" \/><div class=\"frm_submit\">\r\n\r\n<input type=\"submit\" value=\"Envoyer\"  \/>\r\n<img decoding=\"async\" class=\"frm_ajax_loading\" src=\"https:\/\/musicole78.fr\/wp-content\/plugins\/formidable\/images\/ajax_loader.gif\" alt=\"Envoi\"\/>\r\n\r\n<\/div><\/div>\n<\/fieldset>\n<\/div>\n\n<p style=\"display: none !important;\" class=\"akismet-fields-container\" data-prefix=\"ak_\"><label>&#916;<textarea name=\"ak_hp_textarea\" cols=\"45\" rows=\"8\" maxlength=\"100\"><\/textarea><\/label><input type=\"hidden\" id=\"ak_js_1\" name=\"ak_js\" value=\"232\"\/><script>document.getElementById( \"ak_js_1\" ).setAttribute( \"value\", ( new Date() ).getTime() );<\/script><\/p><\/form>\n<\/div>\n\n[\/vc_column_text][\/vc_column][\/vc_row]\n<\/div>","protected":false},"excerpt":{"rendered":"<p>[vc_row][vc_column][layerslider_vc id=\u00a0\u00bb138&Prime;][\/vc_column][\/vc_row][vc_row][vc_column width=\u00a0\u00bb1\/2&Prime;][\/vc_column][vc_column width=\u00a0\u00bb1\/2&Prime;][\/vc_column][\/vc_row][vc_row][vc_column][vc_column_text]<br \/>\nStage Adultes \u00ab Atelier groupe \u00bb Du 02 au 05 Mai<br \/>\nNiveau confirm\u00e9\u00a0<br \/>\nHeure et lieu<br \/>\n02 et 03 Mai A.Midi (14h- 17h30) et le 04 Mai , 9h30 &#8211; 13h00, 14h- 17h30<\/p>\n<p>\nStudio Mendes France 3 rue Barrillio 78280 Guyancourt<\/p>\n<p>\nR\u00c9SERVATIONS :<br \/>\nIl est demand\u00e9 30 % d\u2019acompte \u00e0 la r\u00e9servation (remboursable jusque 10 jours avant le stage).<br \/>\nLe solde de 70% est \u00e0 r\u00e9gler sur place &#8230;<\/p>\n","protected":false},"author":1,"featured_media":0,"parent":0,"menu_order":0,"comment_status":"closed","ping_status":"closed","template":"template-full-width.php","meta":{"_acf_changed":false,"_bbp_topic_count":0,"_bbp_reply_count":0,"_bbp_total_topic_count":0,"_bbp_total_reply_count":0,"_bbp_voice_count":0,"_bbp_anonymous_reply_count":0,"_bbp_topic_count_hidden":0,"_bbp_reply_count_hidden":0,"_bbp_forum_subforum_count":0,"footnotes":""},"class_list":["post-22443","page","type-page","status-publish","hentry"],"acf":[],"aioseo_notices":[],"_links":{"self":[{"href":"https:\/\/musicole78.fr\/index.php?rest_route=\/wp\/v2\/pages\/22443","targetHints":{"allow":["GET"]}}],"collection":[{"href":"https:\/\/musicole78.fr\/index.php?rest_route=\/wp\/v2\/pages"}],"about":[{"href":"https:\/\/musicole78.fr\/index.php?rest_route=\/wp\/v2\/types\/page"}],"author":[{"embeddable":true,"href":"https:\/\/musicole78.fr\/index.php?rest_route=\/wp\/v2\/users\/1"}],"replies":[{"embeddable":true,"href":"https:\/\/musicole78.fr\/index.php?rest_route=%2Fwp%2Fv2%2Fcomments&post=22443"}],"version-history":[{"count":0,"href":"https:\/\/musicole78.fr\/index.php?rest_route=\/wp\/v2\/pages\/22443\/revisions"}],"wp:attachment":[{"href":"https:\/\/musicole78.fr\/index.php?rest_route=%2Fwp%2Fv2%2Fmedia&parent=22443"}],"curies":[{"name":"wp","href":"https:\/\/api.w.org\/{rel}","templated":true}]}}