{"id":22512,"date":"2023-03-27T17:43:07","date_gmt":"2023-03-27T16:43:07","guid":{"rendered":"https:\/\/musicole78.fr\/?page_id=22512"},"modified":"2023-04-18T15:18:03","modified_gmt":"2023-04-18T14:18:03","slug":"stage-de-percussions","status":"publish","type":"page","link":"https:\/\/musicole78.fr\/?page_id=22512","title":{"rendered":"Stage de Percussions"},"content":{"rendered":"<div class=\"wpb-content-wrapper\">[vc_row][vc_column][layerslider_vc id=\u00a0\u00bb138&Prime;][\/vc_column][\/vc_row][vc_row][vc_column width=\u00a0\u00bb1\/2&Prime;]<div class=\"true-contentbox tt_animate_none \"><div class=\"true-contentbox-title true-cb-title-violet\"> <span>Apprenez et jouez en groupe avec plaisir<\/span><\/div><div class=\"true-contentbox-content true-content-style-violet\">Si vous \u00eates passionn\u00e9 par la musique et les rythmes, un stage de percussions pourrait \u00eatre une exp\u00e9rience incroyable pour vous. En participant \u00e0 ce stage, vous pourriez apprendre de nouveaux rythmes, d\u00e9velopper votre technique et rencontrer d&rsquo;autres musiciens passionn\u00e9s de percussions.<\/div><\/div><div class=\"true-contentbox tt_animate_none \"><div class=\"true-contentbox-title true-cb-title-limegreen\"> <span>La vari\u00e9t\u00e9 des styles et des techniques<\/span><\/div><div class=\"true-contentbox-content true-content-style-limegreen\">Un stage de percussions peut couvrir une grande vari\u00e9t\u00e9 de techniques pour am\u00e9liorer votre jeu de percussion. Chaque technique a ses propres subtilit\u00e9s et peut am\u00e9liorer consid\u00e9rablement votre jeu de percussion. Participer \u00e0 un stage de percussions peut vous aider \u00e0 ma\u00eetriser ces techniques et \u00e0 les appliquer \u00e0 votre musique pour cr\u00e9er des rythmes incroyables.<\/div><\/div>[\/vc_column][vc_column width=\u00a0\u00bb1\/2&Prime;]<div class=\"true-contentbox tt_animate_none \"><div class=\"true-contentbox-title true-cb-title-skyblue\"> <span>Niveau requis<\/span><\/div><div class=\"true-contentbox-content true-content-style-skyblue\">\n<div align=\"center\">Que vous soyez d\u00e9butant ou avanc\u00e9, ce stage pourrait vous aider \u00e0 am\u00e9liorer vos comp\u00e9tences et \u00e0 vous \u00e9panouir en tant que percussionniste.<\/div>\n<\/div><\/div><div class=\"true-contentbox tt_animate_none \"><div class=\"true-contentbox-title true-cb-title-pink\"> <span>Une ambiance conviviale<\/span><\/div><div class=\"true-contentbox-content true-content-style-pink\">Le stage de percussions implique souvent la pratique en groupe, qui permet aux participants de jouer ensemble, de se synchroniser et de d\u00e9velopper leur sens du rythme collectif.<\/div><\/div>[\/vc_column][\/vc_row][vc_row][vc_column][vc_column_text]\n<h1 class=\"HKuofA q198bJ fKdwAf\" data-hook=\"event-title\">Stage de percussions Du 24 au 25 Avril<\/h1>\n<p><strong>Tous niveaux<\/strong><\/p>\n<h1><strong>Heure et lieu<\/strong><\/h1>\n<p><span style=\"font-size: 16px;\">24 au 25 Avril 9h30-13h00, 14h-17h30\u00a0<\/span><\/p>\n<div class=\"Ovefgh\">\n<div class=\"cAfK07 pUrXIs ZQLSml\">\n<p data-hook=\"event-full-location\">Studio Mendes France 3 rue Barrillio 78280 Guyancourt<\/p>\n<p data-hook=\"event-full-location\">\n<\/div>\n<\/div>\n<div class=\"SKIqU7 pUrXIs ZQLSml\" data-hook=\"about-section\">\n<div id=\"events-details-page-about-wrapper\" class=\"CUFA8G Zz5eQL\" data-hook=\"about-section-wrapper\">\n<div id=\"events-details-page-about-inner\" class=\"MPJmjG\" role=\"text\" data-hook=\"about-section-text\">\n<p><strong><u>R\u00c9SERVATIONS :<\/u><\/strong><\/p>\n<p><strong>Il est demand\u00e9 30 % d\u2019acompte \u00e0 la r\u00e9servation (remboursable jusque 10 jours avant le stage).<\/strong><\/p>\n<p><strong>Le solde de 70% est \u00e0 r\u00e9gler sur place le premier jour du stage.<\/strong><\/p>\n<p><strong>Stage d&rsquo;une Demi-journ\u00e9e <\/strong><strong>\u00a0:\u00a0<\/strong><\/p>\n<p>86 \u20ac 1 x 3h30 de stage<\/p>\n<p><strong>Stage de 2 Demi-journ\u00e9es :\u00a0<\/strong><\/p>\n<p>168 \u20ac 2 x 3h30 de stage<\/p>\n<p><strong>Stage de 3\u00a0Demi-journ\u00e9es :<\/strong><\/p>\n<p>210 \u20ac 3 x 3h30 de stage<\/p>\n<p><strong>Pour plus de renseignements<\/strong><\/p>\n<p>Contactez Emmanuelle<\/p>\n<p>Tel. 06 50 83 34 51\u202c<u><\/u><\/p>\n<p>Le stage sera maintenu \u00e0 partir de 4 participants minimum<\/p><\/div>\n<\/div>\n<\/div>\n[\/vc_column_text][\/vc_column][\/vc_row][vc_row][vc_column][vc_column_text]\n<p style=\"text-align: center;\"><div class=\"frm_forms  with_frm_style frm_style_style-formidable\" id=\"frm_form_15_container\" >\n<form enctype=\"multipart\/form-data\" method=\"post\" class=\"frm-show-form \" id=\"form_61cqj322\" >\n<div class=\"frm_form_fields \">\n<fieldset>\n<legend class=\"frm_hidden\">Formulaire de stage Percussions<\/legend>\r\n\r\n<div class=\"frm_fields_container\">\n<input type=\"hidden\" name=\"frm_action\" value=\"create\" \/>\n<input type=\"hidden\" name=\"form_id\" value=\"15\" \/>\n<input type=\"hidden\" name=\"frm_hide_fields_15\" id=\"frm_hide_fields_15\" value=\"\" \/>\n<input type=\"hidden\" name=\"form_key\" value=\"61cqj322\" \/>\n<input type=\"hidden\" name=\"item_meta[0]\" value=\"\" \/>\n<input type=\"hidden\" id=\"frm_submit_entry_15\" name=\"frm_submit_entry_15\" value=\"171b3663fa\" \/><input type=\"hidden\" name=\"_wp_http_referer\" value=\"\/index.php?rest_route=%2Fwp%2Fv2%2Fpages%2F22512\" \/><div id=\"frm_field_217_container\" class=\"frm_form_field form-field  frm_required_field frm_top_container frm_first frm_half\">\r\n    <label for=\"field_3sme333\" class=\"frm_primary_label\">Votre Nom\r\n        <span class=\"frm_required\">*<\/span>\r\n    <\/label>\r\n    <input type=\"text\" id=\"field_3sme333\" name=\"item_meta[217]\" value=\"\"  data-reqmsg=\"Ce champ ne peut pas \u00eatre vide\" aria-required=\"true\" data-invmsg=\"Votre Nom est non valide\" aria-invalid=\"false\"  \/>\r\n    \r\n    \r\n<\/div>\n<div id=\"frm_field_218_container\" class=\"frm_form_field form-field  frm_required_field frm_top_container frm_half\">\r\n    <label for=\"field_sglx833\" class=\"frm_primary_label\">Votre Pr\u00e9nom\r\n        <span class=\"frm_required\">*<\/span>\r\n    <\/label>\r\n    <input type=\"text\" id=\"field_sglx833\" name=\"item_meta[218]\" value=\"\"  data-reqmsg=\"Ce champ ne peut pas \u00eatre vide\" aria-required=\"true\" data-invmsg=\"Votre Pr\u00e9nom est non valide\" aria-invalid=\"false\"  \/>\r\n    \r\n    \r\n<\/div>\n<div id=\"frm_field_219_container\" class=\"frm_form_field form-field  frm_required_field frm_top_container\">\r\n    <label for=\"field_vk22533\" id=\"field_vk22533_label\" class=\"frm_primary_label\">Code postal\/Ville\r\n        <span class=\"frm_required\">*<\/span>\r\n    <\/label>\r\n    <input type=\"text\" id=\"field_vk22533\" name=\"item_meta[219]\" value=\"\"  data-reqmsg=\"Ce champ ne peut pas \u00eatre vide\" aria-required=\"true\" data-invmsg=\"texte est non valide\" aria-invalid=\"false\"  \/>\r\n    \r\n    \r\n<\/div>\n<div id=\"frm_field_220_container\" class=\"frm_form_field form-field  frm_required_field frm_top_container\">\r\n    <label for=\"field_y1sbh33\" class=\"frm_primary_label\">Votre Adresse e-mail\r\n        <span class=\"frm_required\">*<\/span>\r\n    <\/label>\r\n    <input type=\"email\" id=\"field_y1sbh33\" name=\"item_meta[220]\" value=\"\"  data-reqmsg=\"Ce champ ne peut pas \u00eatre vide\" aria-required=\"true\" data-invmsg=\"Votre Adresse e-mail est non valide\" aria-invalid=\"false\"  \/>\r\n    \r\n    \r\n<\/div>\n<div id=\"frm_field_221_container\" class=\"frm_form_field form-field  frm_required_field frm_top_container frm12 frm_first\">\r\n    <label for=\"field_17a3y33\" class=\"frm_primary_label\">Votre t\u00e9l\u00e9phone\r\n        <span class=\"frm_required\">*<\/span>\r\n    <\/label>\r\n    <input type=\"text\" id=\"field_17a3y33\" name=\"item_meta[221]\" value=\"\"  data-reqmsg=\"Ce champ ne peut pas \u00eatre vide\" aria-required=\"true\" data-invmsg=\"Votre t\u00e9l\u00e9phone est non valide\" aria-invalid=\"false\"  \/>\r\n    \r\n    \r\n<\/div>\n<div id=\"frm_field_222_container\" class=\"frm_form_field form-field  frm_required_field frm_top_container\">\r\n    <label for=\"field_ypkmk3\" id=\"field_ypkmk3_label\" class=\"frm_primary_label\">Type de stages\r\n        <span class=\"frm_required\" aria-hidden=\"true\">*<\/span>\r\n    <\/label>\r\n    \t\t<select name=\"item_meta[222]\" id=\"field_ypkmk3\"  data-reqmsg=\"Ce champ ne peut pas \u00eatre vide\" aria-required=\"true\" data-invmsg=\"Type de stages est non valide\" aria-invalid=\"false\"  >\n\t\t<option  value=\"Stage Percussions\">Stage Percussions<\/option>\t<\/select>\n\t\r\n    \r\n    \r\n<\/div>\n<div id=\"frm_field_223_container\" class=\"frm_form_field form-field  frm_top_container\">\r\n    <label for=\"field_b1x7u3\" id=\"field_b1x7u3_label\" class=\"frm_primary_label\">Liste d\u00e9roulante\r\n        <span class=\"frm_required\" aria-hidden=\"true\"><\/span>\r\n    <\/label>\r\n    \t\t<select name=\"item_meta[223]\" id=\"field_b1x7u3\"  data-invmsg=\"Liste d\u00e9roulante est non valide\" aria-invalid=\"false\"  >\n\t\t<option  value=\"24 Avril 9h30-13h, 14h-17h30\">24 Avril 9h30-13h, 14h-17h30<\/option><option  value=\"25 Avril 9h30-13h, 14h-17h30\">25 Avril 9h30-13h, 14h-17h30<\/option>\t<\/select>\n\t\r\n    \r\n    \r\n<\/div>\n<div id=\"frm_field_224_container\" class=\"frm_form_field form-field  frm_top_container\">\r\n    <label for=\"field_hjiug33\" class=\"frm_primary_label\">Votre Message\r\n        <span class=\"frm_required\"><\/span>\r\n    <\/label>\r\n    <textarea name=\"item_meta[224]\" id=\"field_hjiug33\" rows=\"5\"  data-invmsg=\"Votre Message est non valide\" aria-invalid=\"false\"  ><\/textarea>\r\n    \r\n    \r\n<\/div>\n<div id=\"frm_field_225_container\" class=\"frm_form_field form-field  frm_none_container\">\r\n    <label for=\"g-recaptcha-response\" id=\"field_ua00k32_label\" class=\"frm_primary_label\">Captcha\r\n        <span class=\"frm_required\" aria-hidden=\"true\"><\/span>\r\n    <\/label>\r\n    <div  id=\"field_ua00k32\" class=\"frm-g-recaptcha\" data-sitekey=\"6LceVhAUAAAAAArfLEdJcVq7LkbeLUToni3nC10N\" data-size=\"normal\" data-theme=\"light\"><\/div>\r\n    \r\n    \r\n<\/div>\n\t<input type=\"hidden\" name=\"item_key\" value=\"\" \/>\n\t\t\t<div id=\"frm_field_263_container\">\n\t\t\t<label for=\"field_46rn\" >\n\t\t\t\tSi vous \u00eates un humain, ne remplissez pas ce champ.\t\t\t<\/label>\n\t\t\t<input  id=\"field_46rn\" type=\"text\" class=\"frm_form_field form-field frm_verify\" name=\"item_meta[263]\" value=\"\"  \/>\n\t\t<\/div>\n\t\t<input name=\"frm_state\" type=\"hidden\" value=\"9\/GYUn9Jhoh9VEcPVC2bOUbJVxiFuX559\/k3R17iOr8=\" \/><div class=\"frm_submit\">\r\n\r\n<input type=\"submit\" value=\"Envoyer\"  \/>\r\n<img decoding=\"async\" class=\"frm_ajax_loading\" src=\"https:\/\/musicole78.fr\/wp-content\/plugins\/formidable\/images\/ajax_loader.gif\" alt=\"Envoi\"\/>\r\n\r\n<\/div><\/div>\n<\/fieldset>\n<\/div>\n\n<p style=\"display: none !important;\" class=\"akismet-fields-container\" data-prefix=\"ak_\"><label>&#916;<textarea name=\"ak_hp_textarea\" cols=\"45\" rows=\"8\" maxlength=\"100\"><\/textarea><\/label><input type=\"hidden\" id=\"ak_js_1\" name=\"ak_js\" value=\"11\"\/><script>document.getElementById( \"ak_js_1\" ).setAttribute( \"value\", ( new Date() ).getTime() );<\/script><\/p><\/form>\n<\/div>\n\n[\/vc_column_text][\/vc_column][\/vc_row]\n<\/div>","protected":false},"excerpt":{"rendered":"<p>[vc_row][vc_column][layerslider_vc id=\u00a0\u00bb138&Prime;][\/vc_column][\/vc_row][vc_row][vc_column width=\u00a0\u00bb1\/2&Prime;][\/vc_column][vc_column width=\u00a0\u00bb1\/2&Prime;][\/vc_column][\/vc_row][vc_row][vc_column][vc_column_text]<br \/>\nStage de percussions Du 24 au 25 Avril<br \/>\nTous niveaux<br \/>\nHeure et lieu<br \/>\n24 au 25 Avril 9h30-13h00, 14h-17h30\u00a0<\/p>\n<p>\nStudio Mendes France 3 rue Barrillio 78280 Guyancourt<\/p>\n<p>\nR\u00c9SERVATIONS :<br \/>\nIl est demand\u00e9 30 % d\u2019acompte \u00e0 la r\u00e9servation (remboursable jusque 10 jours avant le stage).<br \/>\nLe solde de 70% est \u00e0 r\u00e9gler sur place le premier jour du stage.<br \/>\nStage d&rsquo;une Demi-journ\u00e9e \u00a0:\u00a0<br \/>\n86 \u20ac 1 x 3h30 &#8230;<\/p>\n","protected":false},"author":1,"featured_media":0,"parent":0,"menu_order":0,"comment_status":"closed","ping_status":"closed","template":"","meta":{"_acf_changed":false,"_bbp_topic_count":0,"_bbp_reply_count":0,"_bbp_total_topic_count":0,"_bbp_total_reply_count":0,"_bbp_voice_count":0,"_bbp_anonymous_reply_count":0,"_bbp_topic_count_hidden":0,"_bbp_reply_count_hidden":0,"_bbp_forum_subforum_count":0,"footnotes":""},"class_list":["post-22512","page","type-page","status-publish","hentry"],"acf":[],"aioseo_notices":[],"_links":{"self":[{"href":"https:\/\/musicole78.fr\/index.php?rest_route=\/wp\/v2\/pages\/22512","targetHints":{"allow":["GET"]}}],"collection":[{"href":"https:\/\/musicole78.fr\/index.php?rest_route=\/wp\/v2\/pages"}],"about":[{"href":"https:\/\/musicole78.fr\/index.php?rest_route=\/wp\/v2\/types\/page"}],"author":[{"embeddable":true,"href":"https:\/\/musicole78.fr\/index.php?rest_route=\/wp\/v2\/users\/1"}],"replies":[{"embeddable":true,"href":"https:\/\/musicole78.fr\/index.php?rest_route=%2Fwp%2Fv2%2Fcomments&post=22512"}],"version-history":[{"count":1,"href":"https:\/\/musicole78.fr\/index.php?rest_route=\/wp\/v2\/pages\/22512\/revisions"}],"predecessor-version":[{"id":22797,"href":"https:\/\/musicole78.fr\/index.php?rest_route=\/wp\/v2\/pages\/22512\/revisions\/22797"}],"wp:attachment":[{"href":"https:\/\/musicole78.fr\/index.php?rest_route=%2Fwp%2Fv2%2Fmedia&parent=22512"}],"curies":[{"name":"wp","href":"https:\/\/api.w.org\/{rel}","templated":true}]}}