{"id":3025,"date":"2016-11-27T14:29:54","date_gmt":"2016-11-27T13:29:54","guid":{"rendered":"http:\/\/musicole78.fr\/?page_id=3025"},"modified":"2023-02-13T10:05:39","modified_gmt":"2023-02-13T09:05:39","slug":"lecole","status":"publish","type":"page","link":"https:\/\/musicole78.fr\/?page_id=3025","title":{"rendered":"L&rsquo;ECOLE"},"content":{"rendered":"<div class=\"wpb-content-wrapper\">[vc_row][vc_column width=\u00a0\u00bb1\/2&Prime;]<div class=\"true-image-box-1 tt_animate_none  nUCwmcjb\"><div class=\"true-img-wrap\"><img loading=\"lazy\" decoding=\"async\" width=\"1024\" height=\"768\" src=\"https:\/\/musicole78.fr\/wp-content\/uploads\/2016\/12\/Renoir-scene-mix-1024x768.jpg\" class=\"attachment-large size-large\" alt=\"\" srcset=\"https:\/\/musicole78.fr\/wp-content\/uploads\/2016\/12\/Renoir-scene-mix-1024x768.jpg 1024w, https:\/\/musicole78.fr\/wp-content\/uploads\/2016\/12\/Renoir-scene-mix-scaled-700x525.jpg 700w, https:\/\/musicole78.fr\/wp-content\/uploads\/2016\/12\/Renoir-scene-mix-300x225.jpg 300w, https:\/\/musicole78.fr\/wp-content\/uploads\/2016\/12\/Renoir-scene-mix-768x576.jpg 768w, https:\/\/musicole78.fr\/wp-content\/uploads\/2016\/12\/Renoir-scene-mix-600x450.jpg 600w, https:\/\/musicole78.fr\/wp-content\/uploads\/2016\/12\/Renoir-scene-mix-1320x990.jpg 1320w, https:\/\/musicole78.fr\/wp-content\/uploads\/2016\/12\/Renoir-scene-mix-scaled-500x375.jpg 500w, https:\/\/musicole78.fr\/wp-content\/uploads\/2016\/12\/Renoir-scene-mix-400x300.jpg 400w\" sizes=\"auto, (max-width: 1024px) 100vw, 1024px\" \/><\/div><div class=\"true-text-wrap\"><div class=\"callout-heading-wrap true-montserrat\"><h4><\/h4><h3>Les Salles<\/h3><\/div><div class=\"callout-details-wrap\">\n<p style=\"text-align: center;\"><strong>Passion de jouer sur sc\u00e8nes<\/strong><\/p>\n<\/div><\/div><a class=\"overlay-link\" href=\"https:\/\/musicole78.fr\/?page_id=7873\" target=\"\" title=\"Les Salles\"><\/a><\/div>[vc_separator color=\u00a0\u00bborange\u00a0\u00bb border_width=\u00a0\u00bb6&Prime;]<div class=\"true-image-box-1 tt_animate_none  XNkPizPa\"><div class=\"true-img-wrap\"><img loading=\"lazy\" decoding=\"async\" width=\"1024\" height=\"683\" src=\"https:\/\/musicole78.fr\/wp-content\/uploads\/2019\/03\/B\u00e9n\u00e9voles-1024x683.jpg\" class=\"attachment-large size-large\" alt=\"\" srcset=\"https:\/\/musicole78.fr\/wp-content\/uploads\/2019\/03\/B\u00e9n\u00e9voles-1024x683.jpg 1024w, https:\/\/musicole78.fr\/wp-content\/uploads\/2019\/03\/B\u00e9n\u00e9voles-scaled-700x467.jpg 700w, https:\/\/musicole78.fr\/wp-content\/uploads\/2019\/03\/B\u00e9n\u00e9voles-300x200.jpg 300w, https:\/\/musicole78.fr\/wp-content\/uploads\/2019\/03\/B\u00e9n\u00e9voles-768x512.jpg 768w, https:\/\/musicole78.fr\/wp-content\/uploads\/2019\/03\/B\u00e9n\u00e9voles-600x400.jpg 600w, https:\/\/musicole78.fr\/wp-content\/uploads\/2019\/03\/B\u00e9n\u00e9voles-1320x880.jpg 1320w, https:\/\/musicole78.fr\/wp-content\/uploads\/2019\/03\/B\u00e9n\u00e9voles-scaled-500x333.jpg 500w, https:\/\/musicole78.fr\/wp-content\/uploads\/2019\/03\/B\u00e9n\u00e9voles-400x267.jpg 400w\" sizes=\"auto, (max-width: 1024px) 100vw, 1024px\" \/><\/div><div class=\"true-text-wrap\"><div class=\"callout-heading-wrap true-montserrat\"><h4><\/h4><h3>Les B\u00e9n\u00e9voles<\/h3><\/div><div class=\"callout-details-wrap\">\n<p style=\"text-align: center;\"><strong>Ils donnent de leur temps pour le plaisir de tous&#8230;..<\/strong><img loading=\"lazy\" decoding=\"async\" class=\"wp-image-3220 alignright\" src=\"http:\/\/musicole78.fr\/wp-content\/uploads\/2016\/12\/benevole.jpg\" alt=\"\" width=\"77\" height=\"77\" srcset=\"https:\/\/musicole78.fr\/wp-content\/uploads\/2016\/12\/benevole.jpg 192w, https:\/\/musicole78.fr\/wp-content\/uploads\/2016\/12\/benevole-100x100.jpg 100w, https:\/\/musicole78.fr\/wp-content\/uploads\/2016\/12\/benevole-150x150.jpg 150w, https:\/\/musicole78.fr\/wp-content\/uploads\/2016\/12\/benevole-71x71.jpg 71w, https:\/\/musicole78.fr\/wp-content\/uploads\/2016\/12\/benevole-36x36.jpg 36w\" sizes=\"auto, (max-width: 77px) 100vw, 77px\" \/><\/p>\n<\/div><\/div><a class=\"overlay-link\" href=\"https:\/\/musicole78.fr\/?page_id=3208\" target=\"\" title=\"Les B\u00e9n\u00e9voles\"><\/a><\/div>[vc_separator color=\u00a0\u00bborange\u00a0\u00bb border_width=\u00a0\u00bb6&Prime;]<div class=\"true-image-box-1 tt_animate_none  BddbzOyo\"><div class=\"true-img-wrap\"><img loading=\"lazy\" decoding=\"async\" width=\"1024\" height=\"264\" src=\"https:\/\/musicole78.fr\/wp-content\/uploads\/2016\/11\/studio2-sepia-1024x264.jpg\" class=\"attachment-large size-large\" alt=\"\" srcset=\"https:\/\/musicole78.fr\/wp-content\/uploads\/2016\/11\/studio2-sepia-1024x264.jpg 1024w, https:\/\/musicole78.fr\/wp-content\/uploads\/2016\/11\/studio2-sepia-700x180.jpg 700w, https:\/\/musicole78.fr\/wp-content\/uploads\/2016\/11\/studio2-sepia-300x77.jpg 300w, https:\/\/musicole78.fr\/wp-content\/uploads\/2016\/11\/studio2-sepia-768x198.jpg 768w, https:\/\/musicole78.fr\/wp-content\/uploads\/2016\/11\/studio2-sepia-500x129.jpg 500w, https:\/\/musicole78.fr\/wp-content\/uploads\/2016\/11\/studio2-sepia-400x103.jpg 400w, https:\/\/musicole78.fr\/wp-content\/uploads\/2016\/11\/studio2-sepia.jpg 2048w\" sizes=\"auto, (max-width: 1024px) 100vw, 1024px\" \/><\/div><div class=\"true-text-wrap\"><div class=\"callout-heading-wrap true-montserrat\"><h4><\/h4><h3>Le Studio<\/h3><\/div><div class=\"callout-details-wrap\">\n<p style=\"text-align: center;\" align=\"left\"><strong>Passion de cr\u00e9er<\/strong><\/p>\n<\/div><\/div><a class=\"overlay-link\" href=\"https:\/\/musicole78.fr\/?page_id=5631\" target=\"\" title=\"Enregistrez vos maquettes !\"><\/a><\/div>[vc_separator color=\u00a0\u00bborange\u00a0\u00bb border_width=\u00a0\u00bb4&Prime;][\/vc_column][vc_column width=\u00a0\u00bb1\/2&Prime;]<div class=\"true-image-box-1 tt_animate_none  FSfHQdnM\"><div class=\"true-img-wrap\"><img loading=\"lazy\" decoding=\"async\" width=\"1024\" height=\"768\" src=\"https:\/\/musicole78.fr\/wp-content\/uploads\/2016\/12\/equipe-1024x768.jpg\" class=\"attachment-large size-large\" alt=\"\" srcset=\"https:\/\/musicole78.fr\/wp-content\/uploads\/2016\/12\/equipe-1024x768.jpg 1024w, https:\/\/musicole78.fr\/wp-content\/uploads\/2016\/12\/equipe-scaled-700x525.jpg 700w, https:\/\/musicole78.fr\/wp-content\/uploads\/2016\/12\/equipe-300x225.jpg 300w, https:\/\/musicole78.fr\/wp-content\/uploads\/2016\/12\/equipe-768x576.jpg 768w, https:\/\/musicole78.fr\/wp-content\/uploads\/2016\/12\/equipe-600x450.jpg 600w, https:\/\/musicole78.fr\/wp-content\/uploads\/2016\/12\/equipe-scaled-500x375.jpg 500w, https:\/\/musicole78.fr\/wp-content\/uploads\/2016\/12\/equipe-400x300.jpg 400w\" sizes=\"auto, (max-width: 1024px) 100vw, 1024px\" \/><\/div><div class=\"true-text-wrap\"><div class=\"callout-heading-wrap true-montserrat\"><h4><\/h4><h3>Les Professeurs<\/h3><\/div><div class=\"callout-details-wrap\">\n<p style=\"text-align: center;\"><strong>Ils s&rsquo;investissent pour votre plaisir&#8230;.<\/strong><\/p>\n<\/div><\/div><a class=\"overlay-link\" href=\"https:\/\/musicole78.fr\/?page_id=3076\" target=\"\" title=\"Les professeurs\"><\/a><\/div>[vc_separator color=\u00a0\u00bborange\u00a0\u00bb border_width=\u00a0\u00bb4&Prime;]<div class=\"true-image-box-1 tt_animate_none  WLkTnmKe\"><div class=\"true-img-wrap\"><img loading=\"lazy\" decoding=\"async\" width=\"1024\" height=\"768\" src=\"https:\/\/musicole78.fr\/wp-content\/uploads\/2016\/12\/Association-1024x768.jpg\" class=\"attachment-large size-large\" alt=\"\" srcset=\"https:\/\/musicole78.fr\/wp-content\/uploads\/2016\/12\/Association-1024x768.jpg 1024w, https:\/\/musicole78.fr\/wp-content\/uploads\/2016\/12\/Association-scaled-700x525.jpg 700w, https:\/\/musicole78.fr\/wp-content\/uploads\/2016\/12\/Association-300x225.jpg 300w, https:\/\/musicole78.fr\/wp-content\/uploads\/2016\/12\/Association-768x576.jpg 768w, https:\/\/musicole78.fr\/wp-content\/uploads\/2016\/12\/Association-600x450.jpg 600w, https:\/\/musicole78.fr\/wp-content\/uploads\/2016\/12\/Association-scaled-500x375.jpg 500w, https:\/\/musicole78.fr\/wp-content\/uploads\/2016\/12\/Association-400x300.jpg 400w\" sizes=\"auto, (max-width: 1024px) 100vw, 1024px\" \/><\/div><div class=\"true-text-wrap\"><div class=\"callout-heading-wrap true-montserrat\"><h4><\/h4><h3>Vos Rendez-vous<\/h3><\/div><div class=\"callout-details-wrap\">\n<p style=\"text-align: center;\"><strong>Venez nous rencontrer !\u00a0<\/strong>\ud83e\udd29<\/p>\n<\/div><\/div><a class=\"overlay-link\" href=\"https:\/\/musicole78.fr\/?page_id=3243\" target=\"\" title=\"VOS RENDEZ VOUS\"><\/a><\/div>[vc_separator color=\u00a0\u00bborange\u00a0\u00bb border_width=\u00a0\u00bb6&Prime;]<div class=\"true-image-box-1 tt_animate_none  GBElaCun\"><div class=\"true-img-wrap\"><img loading=\"lazy\" decoding=\"async\" width=\"324\" height=\"155\" src=\"https:\/\/musicole78.fr\/wp-content\/uploads\/2016\/12\/vacances.jpg\" class=\"attachment-large size-large\" alt=\"\" srcset=\"https:\/\/musicole78.fr\/wp-content\/uploads\/2016\/12\/vacances.jpg 324w, https:\/\/musicole78.fr\/wp-content\/uploads\/2016\/12\/vacances-300x144.jpg 300w\" sizes=\"auto, (max-width: 324px) 100vw, 324px\" \/><\/div><div class=\"true-text-wrap\"><div class=\"callout-heading-wrap true-montserrat\"><h4><\/h4><h3>Les Vacances<\/h3><\/div><div class=\"callout-details-wrap\">\n<p style=\"text-align: center;\"><strong>Apr\u00e8s l&rsquo;effort&#8230; le r\u00e9confort !\u00a0<\/strong>\ud83c\udf89<\/p>\n<\/div><\/div><a class=\"overlay-link\" href=\"https:\/\/musicole78.fr\/?page_id=3162\" target=\"\" title=\"Les Vacances\"><\/a><\/div>[vc_separator color=\u00a0\u00bborange\u00a0\u00bb border_width=\u00a0\u00bb6&Prime;][\/vc_column][\/vc_row][vc_row][vc_column][vc_separator color=\u00a0\u00bborange\u00a0\u00bb border_width=\u00a0\u00bb6&Prime;][\/vc_column][\/vc_row][vc_row][vc_column][vc_video link=\u00a0\u00bbhttps:\/\/youtu.be\/z3-xYZxI0aM\u00a0\u00bb][\/vc_column][\/vc_row][vc_row][vc_column][vc_column_text]\n<h5 style=\"text-align: center;\">Le mot du Directeur :\u00a0Laurent Schmid<\/h5>\n<p>Vous comprendrez ais\u00e9ment en regardant le mot du Directeur, que l&rsquo;humour fait partie int\u00e9grante des outils p\u00e9dagogiques de l&rsquo;Ecole&#8230;[\/vc_column_text][vc_single_image image=\u00a0\u00bb2981&Prime; alignment=\u00a0\u00bbcenter\u00a0\u00bb style=\u00a0\u00bbvc_box_rounded\u00a0\u00bb css_animation=\u00a0\u00bbbounceInDown\u00a0\u00bb][\/vc_column][\/vc_row]\n<\/div>","protected":false},"excerpt":{"rendered":"<p>[vc_row][vc_column width=\u00a0\u00bb1\/2&Prime;][vc_separator color=\u00a0\u00bborange\u00a0\u00bb border_width=\u00a0\u00bb6&Prime;][vc_separator color=\u00a0\u00bborange\u00a0\u00bb border_width=\u00a0\u00bb6&Prime;][vc_separator color=\u00a0\u00bborange\u00a0\u00bb border_width=\u00a0\u00bb4&Prime;][\/vc_column][vc_column width=\u00a0\u00bb1\/2&Prime;][vc_separator color=\u00a0\u00bborange\u00a0\u00bb border_width=\u00a0\u00bb4&Prime;][vc_separator color=\u00a0\u00bborange\u00a0\u00bb border_width=\u00a0\u00bb6&Prime;][vc_separator color=\u00a0\u00bborange\u00a0\u00bb border_width=\u00a0\u00bb6&Prime;][\/vc_column][\/vc_row][vc_row][vc_column][vc_separator color=\u00a0\u00bborange\u00a0\u00bb border_width=\u00a0\u00bb6&Prime;][\/vc_column][\/vc_row][vc_row][vc_column][vc_video link=\u00a0\u00bbhttps:\/\/youtu.be\/z3-xYZxI0aM\u00a0\u00bb][\/vc_column][\/vc_row][vc_row][vc_column][vc_column_text]<br \/>\nLe mot du Directeur :\u00a0Laurent Schmid<br \/>\nVous comprendrez ais\u00e9ment en regardant le mot du Directeur, que l&rsquo;humour fait partie int\u00e9grante des outils p\u00e9dagogiques de l&rsquo;Ecole&#8230;[\/vc_column_text][vc_single_image image=\u00a0\u00bb2981&Prime; alignment=\u00a0\u00bbcenter\u00a0\u00bb style=\u00a0\u00bbvc_box_rounded\u00a0\u00bb css_animation=\u00a0\u00bbbounceInDown\u00a0\u00bb][\/vc_column][\/vc_row]<\/p>\n","protected":false},"author":1,"featured_media":0,"parent":0,"menu_order":0,"comment_status":"closed","ping_status":"closed","template":"template-full-width.php","meta":{"_acf_changed":false,"_bbp_topic_count":0,"_bbp_reply_count":0,"_bbp_total_topic_count":0,"_bbp_total_reply_count":0,"_bbp_voice_count":0,"_bbp_anonymous_reply_count":0,"_bbp_topic_count_hidden":0,"_bbp_reply_count_hidden":0,"_bbp_forum_subforum_count":0,"footnotes":""},"class_list":["post-3025","page","type-page","status-publish","hentry"],"acf":[],"aioseo_notices":[],"_links":{"self":[{"href":"https:\/\/musicole78.fr\/index.php?rest_route=\/wp\/v2\/pages\/3025","targetHints":{"allow":["GET"]}}],"collection":[{"href":"https:\/\/musicole78.fr\/index.php?rest_route=\/wp\/v2\/pages"}],"about":[{"href":"https:\/\/musicole78.fr\/index.php?rest_route=\/wp\/v2\/types\/page"}],"author":[{"embeddable":true,"href":"https:\/\/musicole78.fr\/index.php?rest_route=\/wp\/v2\/users\/1"}],"replies":[{"embeddable":true,"href":"https:\/\/musicole78.fr\/index.php?rest_route=%2Fwp%2Fv2%2Fcomments&post=3025"}],"version-history":[{"count":0,"href":"https:\/\/musicole78.fr\/index.php?rest_route=\/wp\/v2\/pages\/3025\/revisions"}],"wp:attachment":[{"href":"https:\/\/musicole78.fr\/index.php?rest_route=%2Fwp%2Fv2%2Fmedia&parent=3025"}],"curies":[{"name":"wp","href":"https:\/\/api.w.org\/{rel}","templated":true}]}}