{"id":3648,"date":"2016-12-15T10:53:44","date_gmt":"2016-12-15T09:53:44","guid":{"rendered":"http:\/\/musicole78.fr\/?page_id=3648"},"modified":"2023-02-09T15:11:27","modified_gmt":"2023-02-09T14:11:27","slug":"la-batterie","status":"publish","type":"page","link":"https:\/\/musicole78.fr\/?page_id=3648","title":{"rendered":"La Batterie"},"content":{"rendered":"<div class=\"wpb-content-wrapper\">[vc_row][vc_column width=\u00a0\u00bb1\/2&Prime;]<div class=\"true-contentbox tt_animate_none \"><div class=\"true-contentbox-title true-cb-title-pink\"> <span>Apprenez et jouez de votre batterie avec plaisir...<\/span><\/div><div class=\"true-contentbox-content true-content-style-pink\">La formation musicale est volontairement ludique et s&rsquo;int\u00e8gre parfaitement \u00e0 la pratique d&rsquo;un instrument.\n<p>Oubli\u00e9es les contraintes li\u00e9es \u00e0 l&rsquo;apprentissage de la musique&#8230; Avec Contraste Music&rsquo;Ole apprenez et jouez de votre batterie avec plaisir.<\/p><\/div><\/div><div class=\"true-contentbox tt_animate_none \"><div class=\"true-contentbox-title true-cb-title-limegreen\"> <span>La vari\u00e9t\u00e9 des styles et des techniques...<\/span><\/div><div class=\"true-contentbox-content true-content-style-limegreen\">Les cours s&rsquo;adressent aussi bien aux batteurs amateurs\u00a0qu\u2019ils soient d\u00e9butants ou avanc\u00e9s. Pour progresser, il faut jouer r\u00e9guli\u00e8rement.La vari\u00e9t\u00e9 des styles et techniques enseign\u00e9s ici, le nombre de professeurs, de titres \u00e0 travailler, le grand nombre de playbacks de reprise et d\u2019improvisation devraient vous motiver\u2026<\/div><\/div><div class=\"true-contentbox tt_animate_none \"><div class=\"true-contentbox-title true-cb-title-pink\"> <span>Une formation ludique\u2026<\/span><\/div><div class=\"true-contentbox-content true-content-style-pink\">R\u00e9pertoire Rock, jazz, vari\u00e9t\u00e9, Improvisation&#8230;<\/div><\/div>[\/vc_column][vc_column width=\u00a0\u00bb1\/2&Prime;]<div class=\"true-contentbox tt_animate_none \"><div class=\"true-contentbox-title true-cb-title-coolblue\"> <span>Une ambiance conviviale. ...<\/span><\/div><div class=\"true-contentbox-content true-content-style-coolblue\">Le cours collectif permet de d\u00e9couvrir la batterie au sein d&rsquo;un groupe de 3\/4 \u00e9l\u00e8ves, dans une ambiance conviviale.M\u00eame les personnes timides s\u2019y sentiront \u00e0 l\u2019aise\u00a0et pourront se familiariser avec d&rsquo;autres \u00e9l\u00e8ves batteurs.Chacun pourra non seulement apprendre de sa propre exp\u00e9rience, mais aussi de l\u2019\u00e9coute des autres dans un contexte amical et propice \u00e0 l&rsquo;\u00e9change et \u00e0 l&rsquo;\u00e9mulation.<\/div><\/div><div class=\"true-contentbox tt_animate_none \"><div class=\"true-contentbox-title true-cb-title-fire\"> <span>Une p\u00e9dagogie progressive...<\/span><\/div><div class=\"true-contentbox-content true-content-style-fire\">Les cours s\u2019appuient sur une p\u00e9dagogie progressive qui permet \u00e0 l&rsquo;\u00e9l\u00e8ve d\u00e9butant d&rsquo;acqu\u00e9rir \u00e0 la fin de l&rsquo;ann\u00e9e les bases de la batterie.\n<p>Vous d\u00e9butez ? Votre professeur vous accompagne avec une m\u00e9thode progressive, autour de th\u00e8mes choisis ensembles.<\/p>\n<p>Vous n\u2019avez jamais fait de solf\u00e8ge? Pas de soucis, les notions n\u00e9cessaires sont expliqu\u00e9es au fur et \u00e0 mesure de votre parcours.<\/p><\/div><\/div><div class=\"true-contentbox tt_animate_none \"><div class=\"true-contentbox-title true-cb-title-skyblue\"> <span>Tous les styles de musique...<\/span><\/div><div class=\"true-contentbox-content true-content-style-skyblue\">Exercices et morceaux : solos, duos, trios dans tous les styles de musique (jazz, Rock, vari\u00e9t\u00e9s, contemporain, moderne)<\/div><\/div>[\/vc_column][\/vc_row][vc_row][vc_column]<div class=\"true-contentbox tt_animate_none \"><div class=\"true-contentbox-title true-cb-title-orange\"> <span>Les Spectacles<\/span><\/div><div class=\"true-contentbox-content true-content-style-orange\">\n<p style=\"text-align: center;\">Les \u00e9l\u00e8ves qui ont r\u00e9guli\u00e8rement particip\u00e9 aux cours participeront aux spectacles de fin d&rsquo;ann\u00e9e.<\/p>\n<\/div><\/div>[vc_column_text]\n<div class=\"wa-comp wa-text wa-bg-gradient param[grad(rgba(0,0,0,0)) border(0 #969696)] \">\n<div style=\"text-align: center;\" align=\"justify\"><\/div>\n<\/div>\n\n\t\t<style type=\"text\/css\">\n\t\t\t#gallery-1 {\n\t\t\t\tmargin: auto;\n\t\t\t}\n\t\t\t#gallery-1 .gallery-item {\n\t\t\t\tfloat: left;\n\t\t\t\tmargin-top: 10px;\n\t\t\t\ttext-align: center;\n\t\t\t\twidth: 25%;\n\t\t\t}\n\t\t\t#gallery-1 img {\n\t\t\t\tborder: 2px solid #cfcfcf;\n\t\t\t}\n\t\t\t#gallery-1 .gallery-caption {\n\t\t\t\tmargin-left: 0;\n\t\t\t}\n\t\t\t\/* see gallery_shortcode() in wp-includes\/media.php *\/\n\t\t<\/style>\n\t\t<div id='gallery-1' class='gallery galleryid-3648 gallery-columns-4 gallery-size-thumbnail'><dl class='gallery-item'>\n\t\t\t<dt class='gallery-icon landscape'>\n\t\t\t\t<img loading=\"lazy\" decoding=\"async\" width=\"150\" height=\"150\" src=\"https:\/\/musicole78.fr\/wp-content\/uploads\/2016\/12\/Batterie3-150x150.jpg\" class=\"attachment-thumbnail size-thumbnail\" alt=\"\" srcset=\"https:\/\/musicole78.fr\/wp-content\/uploads\/2016\/12\/Batterie3-150x150.jpg 150w, https:\/\/musicole78.fr\/wp-content\/uploads\/2016\/12\/Batterie3-500x500.jpg 500w, https:\/\/musicole78.fr\/wp-content\/uploads\/2016\/12\/Batterie3-100x100.jpg 100w, https:\/\/musicole78.fr\/wp-content\/uploads\/2016\/12\/Batterie3-71x71.jpg 71w, https:\/\/musicole78.fr\/wp-content\/uploads\/2016\/12\/Batterie3-36x36.jpg 36w, https:\/\/musicole78.fr\/wp-content\/uploads\/2016\/12\/Batterie3-200x200.jpg 200w\" sizes=\"auto, (max-width: 150px) 100vw, 150px\" \/>\n\t\t\t<\/dt><\/dl><dl class='gallery-item'>\n\t\t\t<dt class='gallery-icon portrait'>\n\t\t\t\t<img loading=\"lazy\" decoding=\"async\" width=\"150\" height=\"150\" src=\"https:\/\/musicole78.fr\/wp-content\/uploads\/2016\/12\/Batterie1-150x150.jpg\" class=\"attachment-thumbnail size-thumbnail\" alt=\"\" srcset=\"https:\/\/musicole78.fr\/wp-content\/uploads\/2016\/12\/Batterie1-150x150.jpg 150w, https:\/\/musicole78.fr\/wp-content\/uploads\/2016\/12\/Batterie1-500x500.jpg 500w, https:\/\/musicole78.fr\/wp-content\/uploads\/2016\/12\/Batterie1-100x100.jpg 100w, https:\/\/musicole78.fr\/wp-content\/uploads\/2016\/12\/Batterie1-71x71.jpg 71w, https:\/\/musicole78.fr\/wp-content\/uploads\/2016\/12\/Batterie1-36x36.jpg 36w, https:\/\/musicole78.fr\/wp-content\/uploads\/2016\/12\/Batterie1-200x200.jpg 200w\" sizes=\"auto, (max-width: 150px) 100vw, 150px\" \/>\n\t\t\t<\/dt><\/dl><dl class='gallery-item'>\n\t\t\t<dt class='gallery-icon portrait'>\n\t\t\t\t<img loading=\"lazy\" decoding=\"async\" width=\"150\" height=\"150\" src=\"https:\/\/musicole78.fr\/wp-content\/uploads\/2016\/12\/Batterie2-150x150.jpg\" class=\"attachment-thumbnail size-thumbnail\" alt=\"\" srcset=\"https:\/\/musicole78.fr\/wp-content\/uploads\/2016\/12\/Batterie2-150x150.jpg 150w, https:\/\/musicole78.fr\/wp-content\/uploads\/2016\/12\/Batterie2-500x500.jpg 500w, https:\/\/musicole78.fr\/wp-content\/uploads\/2016\/12\/Batterie2-100x100.jpg 100w, https:\/\/musicole78.fr\/wp-content\/uploads\/2016\/12\/Batterie2-71x71.jpg 71w, https:\/\/musicole78.fr\/wp-content\/uploads\/2016\/12\/Batterie2-36x36.jpg 36w, https:\/\/musicole78.fr\/wp-content\/uploads\/2016\/12\/Batterie2-200x200.jpg 200w\" sizes=\"auto, (max-width: 150px) 100vw, 150px\" \/>\n\t\t\t<\/dt><\/dl><dl class='gallery-item'>\n\t\t\t<dt class='gallery-icon portrait'>\n\t\t\t\t<img loading=\"lazy\" decoding=\"async\" width=\"150\" height=\"150\" src=\"https:\/\/musicole78.fr\/wp-content\/uploads\/2016\/12\/Batterie4-150x150.jpg\" class=\"attachment-thumbnail size-thumbnail\" alt=\"\" srcset=\"https:\/\/musicole78.fr\/wp-content\/uploads\/2016\/12\/Batterie4-150x150.jpg 150w, https:\/\/musicole78.fr\/wp-content\/uploads\/2016\/12\/Batterie4-500x500.jpg 500w, https:\/\/musicole78.fr\/wp-content\/uploads\/2016\/12\/Batterie4-100x100.jpg 100w, https:\/\/musicole78.fr\/wp-content\/uploads\/2016\/12\/Batterie4-71x71.jpg 71w, https:\/\/musicole78.fr\/wp-content\/uploads\/2016\/12\/Batterie4-36x36.jpg 36w, https:\/\/musicole78.fr\/wp-content\/uploads\/2016\/12\/Batterie4-200x200.jpg 200w\" sizes=\"auto, (max-width: 150px) 100vw, 150px\" \/>\n\t\t\t<\/dt><\/dl><br style=\"clear: both\" \/>\n\t\t<\/div>\n\n<div class=\"wa-comp wa-text wa-bg-gradient param[grad(rgba(0,0,0,0)) border(0 #969696)] \">\n<div align=\"center\">\n\n\t\t<style type=\"text\/css\">\n\t\t\t#gallery-2 {\n\t\t\t\tmargin: auto;\n\t\t\t}\n\t\t\t#gallery-2 .gallery-item {\n\t\t\t\tfloat: left;\n\t\t\t\tmargin-top: 10px;\n\t\t\t\ttext-align: center;\n\t\t\t\twidth: 25%;\n\t\t\t}\n\t\t\t#gallery-2 img {\n\t\t\t\tborder: 2px solid #cfcfcf;\n\t\t\t}\n\t\t\t#gallery-2 .gallery-caption {\n\t\t\t\tmargin-left: 0;\n\t\t\t}\n\t\t\t\/* see gallery_shortcode() in wp-includes\/media.php *\/\n\t\t<\/style>\n\t\t<div id='gallery-2' class='gallery galleryid-3648 gallery-columns-4 gallery-size-thumbnail'><dl class='gallery-item'>\n\t\t\t<dt class='gallery-icon landscape'>\n\t\t\t\t<img loading=\"lazy\" decoding=\"async\" width=\"150\" height=\"150\" src=\"https:\/\/musicole78.fr\/wp-content\/uploads\/2016\/12\/Batterie6-150x150.jpg\" class=\"attachment-thumbnail size-thumbnail\" alt=\"\" srcset=\"https:\/\/musicole78.fr\/wp-content\/uploads\/2016\/12\/Batterie6-150x150.jpg 150w, https:\/\/musicole78.fr\/wp-content\/uploads\/2016\/12\/Batterie6-500x500.jpg 500w, https:\/\/musicole78.fr\/wp-content\/uploads\/2016\/12\/Batterie6-100x100.jpg 100w, https:\/\/musicole78.fr\/wp-content\/uploads\/2016\/12\/Batterie6-71x71.jpg 71w, https:\/\/musicole78.fr\/wp-content\/uploads\/2016\/12\/Batterie6-36x36.jpg 36w, https:\/\/musicole78.fr\/wp-content\/uploads\/2016\/12\/Batterie6-200x200.jpg 200w\" sizes=\"auto, (max-width: 150px) 100vw, 150px\" \/>\n\t\t\t<\/dt><\/dl><dl class='gallery-item'>\n\t\t\t<dt class='gallery-icon landscape'>\n\t\t\t\t<img loading=\"lazy\" decoding=\"async\" width=\"150\" height=\"150\" src=\"https:\/\/musicole78.fr\/wp-content\/uploads\/2016\/12\/Batterie8-150x150.jpg\" class=\"attachment-thumbnail size-thumbnail\" alt=\"\" srcset=\"https:\/\/musicole78.fr\/wp-content\/uploads\/2016\/12\/Batterie8-150x150.jpg 150w, https:\/\/musicole78.fr\/wp-content\/uploads\/2016\/12\/Batterie8-500x500.jpg 500w, https:\/\/musicole78.fr\/wp-content\/uploads\/2016\/12\/Batterie8-100x100.jpg 100w, https:\/\/musicole78.fr\/wp-content\/uploads\/2016\/12\/Batterie8-71x71.jpg 71w, https:\/\/musicole78.fr\/wp-content\/uploads\/2016\/12\/Batterie8-36x36.jpg 36w, https:\/\/musicole78.fr\/wp-content\/uploads\/2016\/12\/Batterie8-200x200.jpg 200w\" sizes=\"auto, (max-width: 150px) 100vw, 150px\" \/>\n\t\t\t<\/dt><\/dl><dl class='gallery-item'>\n\t\t\t<dt class='gallery-icon portrait'>\n\t\t\t\t<img loading=\"lazy\" decoding=\"async\" width=\"150\" height=\"150\" src=\"https:\/\/musicole78.fr\/wp-content\/uploads\/2016\/12\/Batterie7-150x150.jpg\" class=\"attachment-thumbnail size-thumbnail\" alt=\"\" srcset=\"https:\/\/musicole78.fr\/wp-content\/uploads\/2016\/12\/Batterie7-150x150.jpg 150w, https:\/\/musicole78.fr\/wp-content\/uploads\/2016\/12\/Batterie7-500x500.jpg 500w, https:\/\/musicole78.fr\/wp-content\/uploads\/2016\/12\/Batterie7-100x100.jpg 100w, https:\/\/musicole78.fr\/wp-content\/uploads\/2016\/12\/Batterie7-71x71.jpg 71w, https:\/\/musicole78.fr\/wp-content\/uploads\/2016\/12\/Batterie7-36x36.jpg 36w, https:\/\/musicole78.fr\/wp-content\/uploads\/2016\/12\/Batterie7-200x200.jpg 200w\" sizes=\"auto, (max-width: 150px) 100vw, 150px\" \/>\n\t\t\t<\/dt><\/dl><dl class='gallery-item'>\n\t\t\t<dt class='gallery-icon portrait'>\n\t\t\t\t<img loading=\"lazy\" decoding=\"async\" width=\"150\" height=\"150\" src=\"https:\/\/musicole78.fr\/wp-content\/uploads\/2016\/12\/Batterie5-150x150.jpg\" class=\"attachment-thumbnail size-thumbnail\" alt=\"\" srcset=\"https:\/\/musicole78.fr\/wp-content\/uploads\/2016\/12\/Batterie5-150x150.jpg 150w, https:\/\/musicole78.fr\/wp-content\/uploads\/2016\/12\/Batterie5-500x500.jpg 500w, https:\/\/musicole78.fr\/wp-content\/uploads\/2016\/12\/Batterie5-100x100.jpg 100w, https:\/\/musicole78.fr\/wp-content\/uploads\/2016\/12\/Batterie5-71x71.jpg 71w, https:\/\/musicole78.fr\/wp-content\/uploads\/2016\/12\/Batterie5-36x36.jpg 36w, https:\/\/musicole78.fr\/wp-content\/uploads\/2016\/12\/Batterie5-200x200.jpg 200w\" sizes=\"auto, (max-width: 150px) 100vw, 150px\" \/>\n\t\t\t<\/dt><\/dl><br style=\"clear: both\" \/>\n\t\t<\/div>\n\n<\/div>\n<div align=\"center\">\n\n\t\t<style type=\"text\/css\">\n\t\t\t#gallery-3 {\n\t\t\t\tmargin: auto;\n\t\t\t}\n\t\t\t#gallery-3 .gallery-item {\n\t\t\t\tfloat: left;\n\t\t\t\tmargin-top: 10px;\n\t\t\t\ttext-align: center;\n\t\t\t\twidth: 25%;\n\t\t\t}\n\t\t\t#gallery-3 img {\n\t\t\t\tborder: 2px solid #cfcfcf;\n\t\t\t}\n\t\t\t#gallery-3 .gallery-caption {\n\t\t\t\tmargin-left: 0;\n\t\t\t}\n\t\t\t\/* see gallery_shortcode() in wp-includes\/media.php *\/\n\t\t<\/style>\n\t\t<div id='gallery-3' class='gallery galleryid-3648 gallery-columns-4 gallery-size-thumbnail'><dl class='gallery-item'>\n\t\t\t<dt class='gallery-icon portrait'>\n\t\t\t\t<img loading=\"lazy\" decoding=\"async\" width=\"150\" height=\"150\" src=\"https:\/\/musicole78.fr\/wp-content\/uploads\/2016\/12\/Batterie9-1-150x150.jpg\" class=\"attachment-thumbnail size-thumbnail\" alt=\"\" srcset=\"https:\/\/musicole78.fr\/wp-content\/uploads\/2016\/12\/Batterie9-1-150x150.jpg 150w, https:\/\/musicole78.fr\/wp-content\/uploads\/2016\/12\/Batterie9-1-scaled-500x500.jpg 500w, https:\/\/musicole78.fr\/wp-content\/uploads\/2016\/12\/Batterie9-1-scaled-100x100.jpg 100w, https:\/\/musicole78.fr\/wp-content\/uploads\/2016\/12\/Batterie9-1-71x71.jpg 71w, https:\/\/musicole78.fr\/wp-content\/uploads\/2016\/12\/Batterie9-1-36x36.jpg 36w, https:\/\/musicole78.fr\/wp-content\/uploads\/2016\/12\/Batterie9-1-200x200.jpg 200w\" sizes=\"auto, (max-width: 150px) 100vw, 150px\" \/>\n\t\t\t<\/dt><\/dl><dl class='gallery-item'>\n\t\t\t<dt class='gallery-icon portrait'>\n\t\t\t\t<img loading=\"lazy\" decoding=\"async\" width=\"150\" height=\"150\" src=\"https:\/\/musicole78.fr\/wp-content\/uploads\/2016\/12\/Batterie11-150x150.jpg\" class=\"attachment-thumbnail size-thumbnail\" alt=\"\" srcset=\"https:\/\/musicole78.fr\/wp-content\/uploads\/2016\/12\/Batterie11-150x150.jpg 150w, https:\/\/musicole78.fr\/wp-content\/uploads\/2016\/12\/Batterie11-500x500.jpg 500w, https:\/\/musicole78.fr\/wp-content\/uploads\/2016\/12\/Batterie11-100x100.jpg 100w, https:\/\/musicole78.fr\/wp-content\/uploads\/2016\/12\/Batterie11-71x71.jpg 71w, https:\/\/musicole78.fr\/wp-content\/uploads\/2016\/12\/Batterie11-36x36.jpg 36w, https:\/\/musicole78.fr\/wp-content\/uploads\/2016\/12\/Batterie11-200x200.jpg 200w\" sizes=\"auto, (max-width: 150px) 100vw, 150px\" \/>\n\t\t\t<\/dt><\/dl><dl class='gallery-item'>\n\t\t\t<dt class='gallery-icon portrait'>\n\t\t\t\t<img loading=\"lazy\" decoding=\"async\" width=\"150\" height=\"150\" src=\"https:\/\/musicole78.fr\/wp-content\/uploads\/2016\/12\/Batterie12-150x150.jpg\" class=\"attachment-thumbnail size-thumbnail\" alt=\"\" srcset=\"https:\/\/musicole78.fr\/wp-content\/uploads\/2016\/12\/Batterie12-150x150.jpg 150w, https:\/\/musicole78.fr\/wp-content\/uploads\/2016\/12\/Batterie12-scaled-500x500.jpg 500w, https:\/\/musicole78.fr\/wp-content\/uploads\/2016\/12\/Batterie12-scaled-100x100.jpg 100w, https:\/\/musicole78.fr\/wp-content\/uploads\/2016\/12\/Batterie12-71x71.jpg 71w, https:\/\/musicole78.fr\/wp-content\/uploads\/2016\/12\/Batterie12-36x36.jpg 36w, https:\/\/musicole78.fr\/wp-content\/uploads\/2016\/12\/Batterie12-200x200.jpg 200w\" sizes=\"auto, (max-width: 150px) 100vw, 150px\" \/>\n\t\t\t<\/dt><\/dl><dl class='gallery-item'>\n\t\t\t<dt class='gallery-icon landscape'>\n\t\t\t\t<img loading=\"lazy\" decoding=\"async\" width=\"150\" height=\"150\" src=\"https:\/\/musicole78.fr\/wp-content\/uploads\/2016\/12\/Batterie10-150x150.jpg\" class=\"attachment-thumbnail size-thumbnail\" alt=\"\" srcset=\"https:\/\/musicole78.fr\/wp-content\/uploads\/2016\/12\/Batterie10-150x150.jpg 150w, https:\/\/musicole78.fr\/wp-content\/uploads\/2016\/12\/Batterie10-500x500.jpg 500w, https:\/\/musicole78.fr\/wp-content\/uploads\/2016\/12\/Batterie10-100x100.jpg 100w, https:\/\/musicole78.fr\/wp-content\/uploads\/2016\/12\/Batterie10-71x71.jpg 71w, https:\/\/musicole78.fr\/wp-content\/uploads\/2016\/12\/Batterie10-36x36.jpg 36w, https:\/\/musicole78.fr\/wp-content\/uploads\/2016\/12\/Batterie10-200x200.jpg 200w\" sizes=\"auto, (max-width: 150px) 100vw, 150px\" \/>\n\t\t\t<\/dt><\/dl><br style=\"clear: both\" \/>\n\t\t<\/div>\n\n<\/div>\n<div align=\"center\"><\/div>\n<\/div>\n[\/vc_column_text][\/vc_column][\/vc_row][vc_row][vc_column][vc_separator color=\u00a0\u00bborange\u00a0\u00bb border_width=\u00a0\u00bb8&Prime;][vc_column_text]\n<h1 style=\"text-align: center;\"><a href=\"https:\/\/musicole78.fr\/?page_id=3076\">Les Professeurs<\/a><\/h1>\n[\/vc_column_text][vc_separator color=\u00a0\u00bborange\u00a0\u00bb border_width=\u00a0\u00bb8&Prime;]<div class=\"true-contentbox tt_animate_none \"><div class=\"true-contentbox-title true-cb-title-cherry\"><i class=\"fa entypo-icon entypo-icon-note-beamed\"><\/i> <span>Nos M\u00e9thodes<\/span><\/div><div class=\"true-contentbox-content true-content-style-cherry\">CONTRASTE d\u00e9veloppe et met \u00e0 la disposition des \u00e9l\u00e8ves comme des professeurs ses propres outils p\u00e9dagogiques pour l&rsquo;apprentissage de la musique.\n<div class=\"wa-comp wa-text wa-bg-gradient param[grad(rgba(0,0,0,0)) border(0 #969696)] \">\n<div>\n<div align=\"center\">POURQUOI ?<\/div>\n<div align=\"center\">Permettre \u00e0 tous d\u2019apprendre et de jouer de la musique avec le maximum de plaisir<\/div>\n<div align=\"center\">Proposer les m\u00e9thodes d\u2019enseignement les plus efficaces<\/div>\n<div align=\"center\">Offrir des exercices et des th\u00e8mes d\u2019\u00e9tude qui allient jeux et r\u00e9sultats<\/div>\n<\/div>\n<\/div>\n<\/div><\/div>[\/vc_column][\/vc_row][vc_row][vc_column][vc_btn title=\u00a0\u00bbJe m&rsquo;inscris\u00a0\u00bb shape=\u00a0\u00bbround\u00a0\u00bb color=\u00a0\u00bbwarning\u00a0\u00bb align=\u00a0\u00bbcenter\u00a0\u00bb i_icon_fontawesome=\u00a0\u00bbfa fa-wpforms\u00a0\u00bb add_icon=\u00a0\u00bbtrue\u00a0\u00bb link=\u00a0\u00bburl:https%3A%2F%2Fmusicole78.fr%2F%3Fpage_id%3D659|||\u00a0\u00bb][\/vc_column][\/vc_row]\n<\/div>","protected":false},"excerpt":{"rendered":"<p>[vc_row][vc_column width=\u00a0\u00bb1\/2&Prime;][\/vc_column][vc_column width=\u00a0\u00bb1\/2&Prime;][\/vc_column][\/vc_row][vc_row][vc_column][vc_column_text]<\/p>\n<p>\n[\/vc_column_text][\/vc_column][\/vc_row][vc_row][vc_column][vc_separator color=\u00a0\u00bborange\u00a0\u00bb border_width=\u00a0\u00bb8&Prime;][vc_column_text]<br \/>\nLes Professeurs<br \/>\n[\/vc_column_text][vc_separator color=\u00a0\u00bborange\u00a0\u00bb border_width=\u00a0\u00bb8&Prime;][\/vc_column][\/vc_row][vc_row][vc_column][vc_btn title=\u00a0\u00bbJe m&rsquo;inscris\u00a0\u00bb shape=\u00a0\u00bbround\u00a0\u00bb color=\u00a0\u00bbwarning\u00a0\u00bb align=\u00a0\u00bbcenter\u00a0\u00bb i_icon_fontawesome=\u00a0\u00bbfa fa-wpforms\u00a0\u00bb add_icon=\u00a0\u00bbtrue\u00a0\u00bb link=\u00a0\u00bburl:https%3A%2F%2Fmusicole78.fr%2F%3Fpage_id%3D659|||\u00a0\u00bb][\/vc_column][\/vc_row]<\/p>\n","protected":false},"author":1,"featured_media":0,"parent":0,"menu_order":2,"comment_status":"closed","ping_status":"closed","template":"template-full-width.php","meta":{"_acf_changed":false,"_bbp_topic_count":0,"_bbp_reply_count":0,"_bbp_total_topic_count":0,"_bbp_total_reply_count":0,"_bbp_voice_count":0,"_bbp_anonymous_reply_count":0,"_bbp_topic_count_hidden":0,"_bbp_reply_count_hidden":0,"_bbp_forum_subforum_count":0,"footnotes":""},"class_list":["post-3648","page","type-page","status-publish","hentry"],"acf":[],"aioseo_notices":[],"_links":{"self":[{"href":"https:\/\/musicole78.fr\/index.php?rest_route=\/wp\/v2\/pages\/3648","targetHints":{"allow":["GET"]}}],"collection":[{"href":"https:\/\/musicole78.fr\/index.php?rest_route=\/wp\/v2\/pages"}],"about":[{"href":"https:\/\/musicole78.fr\/index.php?rest_route=\/wp\/v2\/types\/page"}],"author":[{"embeddable":true,"href":"https:\/\/musicole78.fr\/index.php?rest_route=\/wp\/v2\/users\/1"}],"replies":[{"embeddable":true,"href":"https:\/\/musicole78.fr\/index.php?rest_route=%2Fwp%2Fv2%2Fcomments&post=3648"}],"version-history":[{"count":0,"href":"https:\/\/musicole78.fr\/index.php?rest_route=\/wp\/v2\/pages\/3648\/revisions"}],"wp:attachment":[{"href":"https:\/\/musicole78.fr\/index.php?rest_route=%2Fwp%2Fv2%2Fmedia&parent=3648"}],"curies":[{"name":"wp","href":"https:\/\/api.w.org\/{rel}","templated":true}]}}