{"id":3721,"date":"2016-12-15T14:17:00","date_gmt":"2016-12-15T13:17:00","guid":{"rendered":"http:\/\/musicole78.fr\/?page_id=3721"},"modified":"2023-11-02T11:22:26","modified_gmt":"2023-11-02T10:22:26","slug":"leveil-piano","status":"publish","type":"page","link":"https:\/\/musicole78.fr\/?page_id=3721","title":{"rendered":"L&rsquo;Eveil Piano"},"content":{"rendered":"<div class=\"wpb-content-wrapper\">[vc_row][vc_column width=\u00a0\u00bb1\/2&Prime;]<div class=\"true-contentbox tt_animate_none \"><div class=\"true-contentbox-title true-cb-title-buoyred\"> <span>4 temps forts...<\/span><\/div><div class=\"true-contentbox-content true-content-style-buoyred\">4 temps forts : solf\u00e8ge, rythme, chant, lecture et reconnaissance de notes simples<\/div><\/div><div class=\"true-contentbox tt_animate_none \"><div class=\"true-contentbox-title true-cb-title-pink\"> <span>La formation musicale est volontairement ludique...<\/span><\/div><div class=\"true-contentbox-content true-content-style-pink\">La formation musicale est volontairement ludique et s&rsquo;int\u00e8gre parfaitement avec la pratique d&rsquo;un instrument.\n<p>Oubli\u00e9es les contraintes li\u00e9es \u00e0 l&rsquo;apprentissage de la musique&#8230; Avec Contraste Music&rsquo;Ole apprenez et jouez de votre piano avec plaisir.<\/p><\/div><\/div><div class=\"true-contentbox tt_animate_none \"><div class=\"true-contentbox-title true-cb-title-orange\"> <span>Une p\u00e9dagogie progressive...<\/span><\/div><div class=\"true-contentbox-content true-content-style-orange\">Les cours s\u2019appuient sur une p\u00e9dagogie progressive qui permet \u00e0 l&rsquo;\u00e9l\u00e8ve d\u00e9butant d&rsquo;acqu\u00e9rir \u00e0 la fin de l&rsquo;ann\u00e9e les bases du piano.\n<p>Vous d\u00e9butez ? Votre professeur vous accompagne avec une m\u00e9thode progressive, autour de th\u00e8mes choisis ensembles.<\/p>\n<p>Vous n\u2019avez jamais fait de solf\u00e8ge? Pas de soucis, les notions n\u00e9cessaires sont expliqu\u00e9es au fur et \u00e0 mesure de votre parcours.<\/p><\/div><\/div>[\/vc_column][vc_column width=\u00a0\u00bb1\/2&Prime;]<div class=\"true-contentbox tt_animate_none \"><div class=\"true-contentbox-title true-cb-title-skyblue\"> <span>Tous les styles de musique...<\/span><\/div><div class=\"true-contentbox-content true-content-style-skyblue\">Exercices et morceaux : solos, duos, trios dans tous les styles de musique<\/div><\/div><div class=\"true-contentbox tt_animate_none \"><div class=\"true-contentbox-title true-cb-title-limegreen\"> <span>Une ambiance conviviale...<\/span><\/div><div class=\"true-contentbox-content true-content-style-limegreen\">Le cours collectif permet de d\u00e9couvrir le piano au sein d&rsquo;un groupe de 3\/4 \u00e9l\u00e8ves, dans une ambiance conviviale.\n<p>M\u00eame les personnes timides s\u2019y sentiront \u00e0 l\u2019aise\u00a0et pourront se familiariser avec d&rsquo;autres \u00e9l\u00e8ves pianiste.<\/p>\n<p>Chacun pourra non seulement apprendre de sa propre exp\u00e9rience, mais aussi de l\u2019\u00e9coute des autres dans un contexte amical et propice \u00e0 l&rsquo;\u00e9change et \u00e0 l&rsquo;\u00e9mulation.<\/p><\/div><\/div><div class=\"true-contentbox tt_animate_none \"><div class=\"true-contentbox-title true-cb-title-golden\"> <span>La vari\u00e9t\u00e9 des styles et des techniques...<\/span><\/div><div class=\"true-contentbox-content true-content-style-golden\">Les cours s&rsquo;adressent aussi bien aux pianistes amateurs\u00a0qu\u2019ils soient d\u00e9butants ou avanc\u00e9s. Pour progresser, il faut jouer r\u00e9guli\u00e8rement.\n<p>La vari\u00e9t\u00e9 des styles et techniques enseign\u00e9s ici, le nombre de professeurs, de titres \u00e0 travailler, le grand nombre de playbacks de reprise et d\u2019improvisation devraient vous motiver\u2026<\/p><\/div><\/div>[\/vc_column][\/vc_row][vc_row][vc_column]<div class=\"true-contentbox tt_animate_none \"><div class=\"true-contentbox-title true-cb-title-cherry\"> <span>Les spectacles...<\/span><\/div><div class=\"true-contentbox-content true-content-style-cherry\">\n<p style=\"text-align: center;\">Les \u00e9l\u00e8ves qui ont r\u00e9guli\u00e8rement particip\u00e9 aux cours participeront aux spectacles de fin d&rsquo;ann\u00e9e.<\/p>\n<\/div><\/div>[vc_column_text]\n<div class=\"wa-comp wa-text wa-bg-gradient param[grad(rgba(0,0,0,0)) border(0 #969696)] \">\n<div style=\"text-align: left;\">\n<div style=\"text-align: center;\" align=\"justify\">\n<div class=\"wa-comp wa-text wa-bg-gradient param[grad(rgba(0,0,0,0)) border(0 #969696)] \">\n<div class=\"wa-comp wa-text wa-bg-gradient param[grad(60 2 82 2 #66ff00 #00cccc) border(0 #969696)] \" style=\"text-align: left;\"><\/div>\n<\/div>\n<\/div>\n<\/div>\n<\/div>\n\n\t\t<style type=\"text\/css\">\n\t\t\t#gallery-1 {\n\t\t\t\tmargin: auto;\n\t\t\t}\n\t\t\t#gallery-1 .gallery-item {\n\t\t\t\tfloat: left;\n\t\t\t\tmargin-top: 10px;\n\t\t\t\ttext-align: center;\n\t\t\t\twidth: 25%;\n\t\t\t}\n\t\t\t#gallery-1 img {\n\t\t\t\tborder: 2px solid #cfcfcf;\n\t\t\t}\n\t\t\t#gallery-1 .gallery-caption {\n\t\t\t\tmargin-left: 0;\n\t\t\t}\n\t\t\t\/* see gallery_shortcode() in wp-includes\/media.php *\/\n\t\t<\/style>\n\t\t<div id='gallery-1' class='gallery galleryid-3721 gallery-columns-4 gallery-size-thumbnail'><dl class='gallery-item'>\n\t\t\t<dt class='gallery-icon landscape'>\n\t\t\t\t<img loading=\"lazy\" decoding=\"async\" width=\"150\" height=\"150\" src=\"https:\/\/musicole78.fr\/wp-content\/uploads\/2016\/12\/piano7-1-150x150.jpg\" class=\"attachment-thumbnail size-thumbnail\" alt=\"\" srcset=\"https:\/\/musicole78.fr\/wp-content\/uploads\/2016\/12\/piano7-1-150x150.jpg 150w, https:\/\/musicole78.fr\/wp-content\/uploads\/2016\/12\/piano7-1-500x500.jpg 500w, https:\/\/musicole78.fr\/wp-content\/uploads\/2016\/12\/piano7-1-100x100.jpg 100w, https:\/\/musicole78.fr\/wp-content\/uploads\/2016\/12\/piano7-1-71x71.jpg 71w, https:\/\/musicole78.fr\/wp-content\/uploads\/2016\/12\/piano7-1-36x36.jpg 36w, https:\/\/musicole78.fr\/wp-content\/uploads\/2016\/12\/piano7-1-200x200.jpg 200w\" sizes=\"auto, (max-width: 150px) 100vw, 150px\" \/>\n\t\t\t<\/dt><\/dl><dl class='gallery-item'>\n\t\t\t<dt class='gallery-icon landscape'>\n\t\t\t\t<img loading=\"lazy\" decoding=\"async\" width=\"150\" height=\"150\" src=\"https:\/\/musicole78.fr\/wp-content\/uploads\/2016\/12\/piano12-1-150x150.jpg\" class=\"attachment-thumbnail size-thumbnail\" alt=\"\" srcset=\"https:\/\/musicole78.fr\/wp-content\/uploads\/2016\/12\/piano12-1-150x150.jpg 150w, https:\/\/musicole78.fr\/wp-content\/uploads\/2016\/12\/piano12-1-500x500.jpg 500w, https:\/\/musicole78.fr\/wp-content\/uploads\/2016\/12\/piano12-1-100x100.jpg 100w, https:\/\/musicole78.fr\/wp-content\/uploads\/2016\/12\/piano12-1-71x71.jpg 71w, https:\/\/musicole78.fr\/wp-content\/uploads\/2016\/12\/piano12-1-36x36.jpg 36w, https:\/\/musicole78.fr\/wp-content\/uploads\/2016\/12\/piano12-1-200x200.jpg 200w\" sizes=\"auto, (max-width: 150px) 100vw, 150px\" \/>\n\t\t\t<\/dt><\/dl><dl class='gallery-item'>\n\t\t\t<dt class='gallery-icon portrait'>\n\t\t\t\t<img loading=\"lazy\" decoding=\"async\" width=\"150\" height=\"150\" src=\"https:\/\/musicole78.fr\/wp-content\/uploads\/2016\/12\/piano9-1-150x150.jpg\" class=\"attachment-thumbnail size-thumbnail\" alt=\"\" srcset=\"https:\/\/musicole78.fr\/wp-content\/uploads\/2016\/12\/piano9-1-150x150.jpg 150w, https:\/\/musicole78.fr\/wp-content\/uploads\/2016\/12\/piano9-1-500x500.jpg 500w, https:\/\/musicole78.fr\/wp-content\/uploads\/2016\/12\/piano9-1-100x100.jpg 100w, https:\/\/musicole78.fr\/wp-content\/uploads\/2016\/12\/piano9-1-71x71.jpg 71w, https:\/\/musicole78.fr\/wp-content\/uploads\/2016\/12\/piano9-1-36x36.jpg 36w, https:\/\/musicole78.fr\/wp-content\/uploads\/2016\/12\/piano9-1-200x200.jpg 200w\" sizes=\"auto, (max-width: 150px) 100vw, 150px\" \/>\n\t\t\t<\/dt><\/dl><dl class='gallery-item'>\n\t\t\t<dt class='gallery-icon portrait'>\n\t\t\t\t<img loading=\"lazy\" decoding=\"async\" width=\"150\" height=\"150\" src=\"https:\/\/musicole78.fr\/wp-content\/uploads\/2016\/12\/piano8-1-150x150.jpg\" class=\"attachment-thumbnail size-thumbnail\" alt=\"\" srcset=\"https:\/\/musicole78.fr\/wp-content\/uploads\/2016\/12\/piano8-1-150x150.jpg 150w, https:\/\/musicole78.fr\/wp-content\/uploads\/2016\/12\/piano8-1-scaled-500x500.jpg 500w, https:\/\/musicole78.fr\/wp-content\/uploads\/2016\/12\/piano8-1-scaled-100x100.jpg 100w, https:\/\/musicole78.fr\/wp-content\/uploads\/2016\/12\/piano8-1-71x71.jpg 71w, https:\/\/musicole78.fr\/wp-content\/uploads\/2016\/12\/piano8-1-36x36.jpg 36w, https:\/\/musicole78.fr\/wp-content\/uploads\/2016\/12\/piano8-1-200x200.jpg 200w\" sizes=\"auto, (max-width: 150px) 100vw, 150px\" \/>\n\t\t\t<\/dt><\/dl><br style=\"clear: both\" \/>\n\t\t<\/div>\n\n<div class=\"wa-comp wa-text wa-bg-gradient param[grad(rgba(0,0,0,0)) border(0 #969696)] \">\n<div align=\"center\"><\/div>\n<div align=\"center\">\n\n\t\t<style type=\"text\/css\">\n\t\t\t#gallery-2 {\n\t\t\t\tmargin: auto;\n\t\t\t}\n\t\t\t#gallery-2 .gallery-item {\n\t\t\t\tfloat: left;\n\t\t\t\tmargin-top: 10px;\n\t\t\t\ttext-align: center;\n\t\t\t\twidth: 33%;\n\t\t\t}\n\t\t\t#gallery-2 img {\n\t\t\t\tborder: 2px solid #cfcfcf;\n\t\t\t}\n\t\t\t#gallery-2 .gallery-caption {\n\t\t\t\tmargin-left: 0;\n\t\t\t}\n\t\t\t\/* see gallery_shortcode() in wp-includes\/media.php *\/\n\t\t<\/style>\n\t\t<div id='gallery-2' class='gallery galleryid-3721 gallery-columns-3 gallery-size-thumbnail'><dl class='gallery-item'>\n\t\t\t<dt class='gallery-icon landscape'>\n\t\t\t\t<img loading=\"lazy\" decoding=\"async\" width=\"150\" height=\"150\" src=\"https:\/\/musicole78.fr\/wp-content\/uploads\/2016\/12\/piano23-1-150x150.jpg\" class=\"attachment-thumbnail size-thumbnail\" alt=\"\" srcset=\"https:\/\/musicole78.fr\/wp-content\/uploads\/2016\/12\/piano23-1-150x150.jpg 150w, https:\/\/musicole78.fr\/wp-content\/uploads\/2016\/12\/piano23-1-scaled-500x500.jpg 500w, https:\/\/musicole78.fr\/wp-content\/uploads\/2016\/12\/piano23-1-scaled-100x100.jpg 100w, https:\/\/musicole78.fr\/wp-content\/uploads\/2016\/12\/piano23-1-71x71.jpg 71w, https:\/\/musicole78.fr\/wp-content\/uploads\/2016\/12\/piano23-1-36x36.jpg 36w, https:\/\/musicole78.fr\/wp-content\/uploads\/2016\/12\/piano23-1-200x200.jpg 200w\" sizes=\"auto, (max-width: 150px) 100vw, 150px\" \/>\n\t\t\t<\/dt><\/dl><dl class='gallery-item'>\n\t\t\t<dt class='gallery-icon landscape'>\n\t\t\t\t<img loading=\"lazy\" decoding=\"async\" width=\"150\" height=\"150\" src=\"https:\/\/musicole78.fr\/wp-content\/uploads\/2016\/12\/piano14-1-e1674915367240-150x150.jpg\" class=\"attachment-thumbnail size-thumbnail\" alt=\"\" srcset=\"https:\/\/musicole78.fr\/wp-content\/uploads\/2016\/12\/piano14-1-e1674915367240-150x150.jpg 150w, https:\/\/musicole78.fr\/wp-content\/uploads\/2016\/12\/piano14-1-e1674915367240-500x500.jpg 500w, https:\/\/musicole78.fr\/wp-content\/uploads\/2016\/12\/piano14-1-e1674915367240-100x100.jpg 100w, https:\/\/musicole78.fr\/wp-content\/uploads\/2016\/12\/piano14-1-e1674915367240-71x71.jpg 71w, https:\/\/musicole78.fr\/wp-content\/uploads\/2016\/12\/piano14-1-e1674915367240-36x36.jpg 36w, https:\/\/musicole78.fr\/wp-content\/uploads\/2016\/12\/piano14-1-e1674915367240-200x200.jpg 200w, https:\/\/musicole78.fr\/wp-content\/uploads\/2016\/12\/piano14-1-e1674915367240-600x600.jpg 600w\" sizes=\"auto, (max-width: 150px) 100vw, 150px\" \/>\n\t\t\t<\/dt><\/dl><dl class='gallery-item'>\n\t\t\t<dt class='gallery-icon landscape'>\n\t\t\t\t<img loading=\"lazy\" decoding=\"async\" width=\"150\" height=\"120\" src=\"https:\/\/musicole78.fr\/wp-content\/uploads\/2016\/12\/piano19-1-150x120.jpg\" class=\"attachment-thumbnail size-thumbnail\" alt=\"\" \/>\n\t\t\t<\/dt><\/dl><br style=\"clear: both\" \/>\n\t\t<\/div>\n\n<\/div>\n<div align=\"center\"><\/div>\n<\/div>\n[\/vc_column_text][\/vc_column][\/vc_row][vc_row][vc_column][vc_separator color=\u00a0\u00bborange\u00a0\u00bb border_width=\u00a0\u00bb8&Prime;][vc_column_text]\n<h1 style=\"text-align: center;\"><a href=\"https:\/\/musicole78.fr\/?page_id=3076\">Les Professeurs<\/a><\/h1>\n[\/vc_column_text][vc_separator color=\u00a0\u00bborange\u00a0\u00bb border_width=\u00a0\u00bb8&Prime;]<div class=\"true-contentbox tt_animate_none \"><div class=\"true-contentbox-title true-cb-title-cherry\"><i class=\"fa entypo-icon entypo-icon-note-beamed\"><\/i> <span>Nos M\u00e9thodes<\/span><\/div><div class=\"true-contentbox-content true-content-style-cherry\">CONTRASTE d\u00e9veloppe et met \u00e0 la disposition des \u00e9l\u00e8ves comme des professeurs ses propres outils p\u00e9dagogiques pour l&rsquo;apprentissage du Piano. <a href=\"https:\/\/musicole78.fr\/?product_cat=partitions-methode-piano\">Nos m\u00e9thodes<\/a>\n\n\t\t<style type=\"text\/css\">\n\t\t\t#gallery-3 {\n\t\t\t\tmargin: auto;\n\t\t\t}\n\t\t\t#gallery-3 .gallery-item {\n\t\t\t\tfloat: left;\n\t\t\t\tmargin-top: 10px;\n\t\t\t\ttext-align: center;\n\t\t\t\twidth: 25%;\n\t\t\t}\n\t\t\t#gallery-3 img {\n\t\t\t\tborder: 2px solid #cfcfcf;\n\t\t\t}\n\t\t\t#gallery-3 .gallery-caption {\n\t\t\t\tmargin-left: 0;\n\t\t\t}\n\t\t\t\/* see gallery_shortcode() in wp-includes\/media.php *\/\n\t\t<\/style>\n\t\t<div id='gallery-3' class='gallery galleryid-3721 gallery-columns-4 gallery-size-medium'><dl class='gallery-item'>\n\t\t\t<dt class='gallery-icon portrait'>\n\t\t\t\t<a href='https:\/\/musicole78.fr\/?attachment_id=5977'><img loading=\"lazy\" decoding=\"async\" width=\"212\" height=\"300\" src=\"https:\/\/musicole78.fr\/wp-content\/uploads\/2017\/08\/Pages-de-PIANO1-212x300.jpg\" class=\"attachment-medium size-medium\" alt=\"\" aria-describedby=\"gallery-3-5977\" srcset=\"https:\/\/musicole78.fr\/wp-content\/uploads\/2017\/08\/Pages-de-PIANO1-212x300.jpg 212w, https:\/\/musicole78.fr\/wp-content\/uploads\/2017\/08\/Pages-de-PIANO1-700x990.jpg 700w, https:\/\/musicole78.fr\/wp-content\/uploads\/2017\/08\/Pages-de-PIANO1-768x1086.jpg 768w, https:\/\/musicole78.fr\/wp-content\/uploads\/2017\/08\/Pages-de-PIANO1-724x1024.jpg 724w, https:\/\/musicole78.fr\/wp-content\/uploads\/2017\/08\/Pages-de-PIANO1-600x848.jpg 600w, https:\/\/musicole78.fr\/wp-content\/uploads\/2017\/08\/Pages-de-PIANO1-500x707.jpg 500w, https:\/\/musicole78.fr\/wp-content\/uploads\/2017\/08\/Pages-de-PIANO1-400x566.jpg 400w, https:\/\/musicole78.fr\/wp-content\/uploads\/2017\/08\/Pages-de-PIANO1.jpg 1654w\" sizes=\"auto, (max-width: 212px) 100vw, 212px\" \/><\/a>\n\t\t\t<\/dt>\n\t\t\t\t<dd class='wp-caption-text gallery-caption' id='gallery-3-5977'>\n\t\t\t\tRecueil Piano N\u00b01\n\t\t\t\t<\/dd><\/dl><dl class='gallery-item'>\n\t\t\t<dt class='gallery-icon portrait'>\n\t\t\t\t<a href='https:\/\/musicole78.fr\/?attachment_id=6106'><img loading=\"lazy\" decoding=\"async\" width=\"212\" height=\"300\" src=\"https:\/\/musicole78.fr\/wp-content\/uploads\/2017\/09\/Pages-de-PIANO2-212x300.jpg\" class=\"attachment-medium size-medium\" alt=\"\" aria-describedby=\"gallery-3-6106\" srcset=\"https:\/\/musicole78.fr\/wp-content\/uploads\/2017\/09\/Pages-de-PIANO2-212x300.jpg 212w, https:\/\/musicole78.fr\/wp-content\/uploads\/2017\/09\/Pages-de-PIANO2-700x990.jpg 700w, https:\/\/musicole78.fr\/wp-content\/uploads\/2017\/09\/Pages-de-PIANO2-768x1086.jpg 768w, https:\/\/musicole78.fr\/wp-content\/uploads\/2017\/09\/Pages-de-PIANO2-724x1024.jpg 724w, https:\/\/musicole78.fr\/wp-content\/uploads\/2017\/09\/Pages-de-PIANO2-600x848.jpg 600w, https:\/\/musicole78.fr\/wp-content\/uploads\/2017\/09\/Pages-de-PIANO2-500x707.jpg 500w, https:\/\/musicole78.fr\/wp-content\/uploads\/2017\/09\/Pages-de-PIANO2-400x566.jpg 400w, https:\/\/musicole78.fr\/wp-content\/uploads\/2017\/09\/Pages-de-PIANO2.jpg 1654w\" sizes=\"auto, (max-width: 212px) 100vw, 212px\" \/><\/a>\n\t\t\t<\/dt>\n\t\t\t\t<dd class='wp-caption-text gallery-caption' id='gallery-3-6106'>\n\t\t\t\tRecueil Piano N\u00b02\n\t\t\t\t<\/dd><\/dl><dl class='gallery-item'>\n\t\t\t<dt class='gallery-icon portrait'>\n\t\t\t\t<a href='https:\/\/musicole78.fr\/?attachment_id=6119'><img loading=\"lazy\" decoding=\"async\" width=\"212\" height=\"300\" src=\"https:\/\/musicole78.fr\/wp-content\/uploads\/2017\/09\/Pages-de-PIANO3-212x300.jpg\" class=\"attachment-medium size-medium\" alt=\"\" aria-describedby=\"gallery-3-6119\" srcset=\"https:\/\/musicole78.fr\/wp-content\/uploads\/2017\/09\/Pages-de-PIANO3-212x300.jpg 212w, https:\/\/musicole78.fr\/wp-content\/uploads\/2017\/09\/Pages-de-PIANO3-700x990.jpg 700w, https:\/\/musicole78.fr\/wp-content\/uploads\/2017\/09\/Pages-de-PIANO3-768x1086.jpg 768w, https:\/\/musicole78.fr\/wp-content\/uploads\/2017\/09\/Pages-de-PIANO3-724x1024.jpg 724w, https:\/\/musicole78.fr\/wp-content\/uploads\/2017\/09\/Pages-de-PIANO3-600x848.jpg 600w, https:\/\/musicole78.fr\/wp-content\/uploads\/2017\/09\/Pages-de-PIANO3-500x707.jpg 500w, https:\/\/musicole78.fr\/wp-content\/uploads\/2017\/09\/Pages-de-PIANO3-400x566.jpg 400w, https:\/\/musicole78.fr\/wp-content\/uploads\/2017\/09\/Pages-de-PIANO3.jpg 1654w\" sizes=\"auto, (max-width: 212px) 100vw, 212px\" \/><\/a>\n\t\t\t<\/dt>\n\t\t\t\t<dd class='wp-caption-text gallery-caption' id='gallery-3-6119'>\n\t\t\t\tRecueil Piano N\u00b03\n\t\t\t\t<\/dd><\/dl><dl class='gallery-item'>\n\t\t\t<dt class='gallery-icon portrait'>\n\t\t\t\t<a href='https:\/\/musicole78.fr\/?attachment_id=5967'><img loading=\"lazy\" decoding=\"async\" width=\"212\" height=\"300\" src=\"https:\/\/musicole78.fr\/wp-content\/uploads\/2017\/08\/Lecture-notes-couv-212x300.jpg\" class=\"attachment-medium size-medium\" alt=\"\" aria-describedby=\"gallery-3-5967\" srcset=\"https:\/\/musicole78.fr\/wp-content\/uploads\/2017\/08\/Lecture-notes-couv-212x300.jpg 212w, https:\/\/musicole78.fr\/wp-content\/uploads\/2017\/08\/Lecture-notes-couv-700x990.jpg 700w, https:\/\/musicole78.fr\/wp-content\/uploads\/2017\/08\/Lecture-notes-couv-768x1086.jpg 768w, https:\/\/musicole78.fr\/wp-content\/uploads\/2017\/08\/Lecture-notes-couv-724x1024.jpg 724w, https:\/\/musicole78.fr\/wp-content\/uploads\/2017\/08\/Lecture-notes-couv-600x848.jpg 600w, https:\/\/musicole78.fr\/wp-content\/uploads\/2017\/08\/Lecture-notes-couv-500x707.jpg 500w, https:\/\/musicole78.fr\/wp-content\/uploads\/2017\/08\/Lecture-notes-couv-400x566.jpg 400w, https:\/\/musicole78.fr\/wp-content\/uploads\/2017\/08\/Lecture-notes-couv.jpg 1654w\" sizes=\"auto, (max-width: 212px) 100vw, 212px\" \/><\/a>\n\t\t\t<\/dt>\n\t\t\t\t<dd class='wp-caption-text gallery-caption' id='gallery-3-5967'>\n\t\t\t\tLecture de notes\n\t\t\t\t<\/dd><\/dl><br style=\"clear: both\" \/><dl class='gallery-item'>\n\t\t\t<dt class='gallery-icon portrait'>\n\t\t\t\t<a href='https:\/\/musicole78.fr\/?attachment_id=5962'><img loading=\"lazy\" decoding=\"async\" width=\"165\" height=\"300\" src=\"https:\/\/musicole78.fr\/wp-content\/uploads\/2017\/08\/Lecture-rythme-Couv-165x300.jpg\" class=\"attachment-medium size-medium\" alt=\"\" aria-describedby=\"gallery-3-5962\" srcset=\"https:\/\/musicole78.fr\/wp-content\/uploads\/2017\/08\/Lecture-rythme-Couv-165x300.jpg 165w, https:\/\/musicole78.fr\/wp-content\/uploads\/2017\/08\/Lecture-rythme-Couv-700x1274.jpg 700w, https:\/\/musicole78.fr\/wp-content\/uploads\/2017\/08\/Lecture-rythme-Couv-768x1397.jpg 768w, https:\/\/musicole78.fr\/wp-content\/uploads\/2017\/08\/Lecture-rythme-Couv-563x1024.jpg 563w, https:\/\/musicole78.fr\/wp-content\/uploads\/2017\/08\/Lecture-rythme-Couv-600x1092.jpg 600w, https:\/\/musicole78.fr\/wp-content\/uploads\/2017\/08\/Lecture-rythme-Couv-500x910.jpg 500w, https:\/\/musicole78.fr\/wp-content\/uploads\/2017\/08\/Lecture-rythme-Couv-330x600.jpg 330w, https:\/\/musicole78.fr\/wp-content\/uploads\/2017\/08\/Lecture-rythme-Couv.jpg 836w\" sizes=\"auto, (max-width: 165px) 100vw, 165px\" \/><\/a>\n\t\t\t<\/dt>\n\t\t\t\t<dd class='wp-caption-text gallery-caption' id='gallery-3-5962'>\n\t\t\t\tLecture Rythmique\n\t\t\t\t<\/dd><\/dl><dl class='gallery-item'>\n\t\t\t<dt class='gallery-icon portrait'>\n\t\t\t\t<a href='https:\/\/musicole78.fr\/?attachment_id=6120'><img loading=\"lazy\" decoding=\"async\" width=\"212\" height=\"300\" src=\"https:\/\/musicole78.fr\/wp-content\/uploads\/2017\/09\/Pages-de-PIANO3-4-212x300.jpg\" class=\"attachment-medium size-medium\" alt=\"\" srcset=\"https:\/\/musicole78.fr\/wp-content\/uploads\/2017\/09\/Pages-de-PIANO3-4-212x300.jpg 212w, https:\/\/musicole78.fr\/wp-content\/uploads\/2017\/09\/Pages-de-PIANO3-4-scaled-700x990.jpg 700w, https:\/\/musicole78.fr\/wp-content\/uploads\/2017\/09\/Pages-de-PIANO3-4-768x1086.jpg 768w, https:\/\/musicole78.fr\/wp-content\/uploads\/2017\/09\/Pages-de-PIANO3-4-724x1024.jpg 724w, https:\/\/musicole78.fr\/wp-content\/uploads\/2017\/09\/Pages-de-PIANO3-4-600x848.jpg 600w, https:\/\/musicole78.fr\/wp-content\/uploads\/2017\/09\/Pages-de-PIANO3-4-scaled-500x707.jpg 500w, https:\/\/musicole78.fr\/wp-content\/uploads\/2017\/09\/Pages-de-PIANO3-4-400x566.jpg 400w, https:\/\/musicole78.fr\/wp-content\/uploads\/2017\/09\/Pages-de-PIANO3-4-scaled.jpg 1811w\" sizes=\"auto, (max-width: 212px) 100vw, 212px\" \/><\/a>\n\t\t\t<\/dt><\/dl><dl class='gallery-item'>\n\t\t\t<dt class='gallery-icon portrait'>\n\t\t\t\t<a href='https:\/\/musicole78.fr\/?attachment_id=6110'><img loading=\"lazy\" decoding=\"async\" width=\"212\" height=\"300\" src=\"https:\/\/musicole78.fr\/wp-content\/uploads\/2017\/09\/Page-20-PIANO2_Page_20-212x300.jpg\" class=\"attachment-medium size-medium\" alt=\"\" srcset=\"https:\/\/musicole78.fr\/wp-content\/uploads\/2017\/09\/Page-20-PIANO2_Page_20-212x300.jpg 212w, https:\/\/musicole78.fr\/wp-content\/uploads\/2017\/09\/Page-20-PIANO2_Page_20-scaled-700x990.jpg 700w, https:\/\/musicole78.fr\/wp-content\/uploads\/2017\/09\/Page-20-PIANO2_Page_20-768x1086.jpg 768w, https:\/\/musicole78.fr\/wp-content\/uploads\/2017\/09\/Page-20-PIANO2_Page_20-724x1024.jpg 724w, https:\/\/musicole78.fr\/wp-content\/uploads\/2017\/09\/Page-20-PIANO2_Page_20-600x848.jpg 600w, https:\/\/musicole78.fr\/wp-content\/uploads\/2017\/09\/Page-20-PIANO2_Page_20-scaled-500x707.jpg 500w, https:\/\/musicole78.fr\/wp-content\/uploads\/2017\/09\/Page-20-PIANO2_Page_20-400x566.jpg 400w, https:\/\/musicole78.fr\/wp-content\/uploads\/2017\/09\/Page-20-PIANO2_Page_20-scaled.jpg 1811w\" sizes=\"auto, (max-width: 212px) 100vw, 212px\" \/><\/a>\n\t\t\t<\/dt><\/dl><dl class='gallery-item'>\n\t\t\t<dt class='gallery-icon portrait'>\n\t\t\t\t<a href='https:\/\/musicole78.fr\/?attachment_id=5976'><img loading=\"lazy\" decoding=\"async\" width=\"175\" height=\"300\" src=\"https:\/\/musicole78.fr\/wp-content\/uploads\/2017\/08\/Pages-de-PIANO1-4-175x300.jpg\" class=\"attachment-medium size-medium\" alt=\"\" srcset=\"https:\/\/musicole78.fr\/wp-content\/uploads\/2017\/08\/Pages-de-PIANO1-4-175x300.jpg 175w, https:\/\/musicole78.fr\/wp-content\/uploads\/2017\/08\/Pages-de-PIANO1-4-scaled-700x1201.jpg 700w, https:\/\/musicole78.fr\/wp-content\/uploads\/2017\/08\/Pages-de-PIANO1-4-768x1318.jpg 768w, https:\/\/musicole78.fr\/wp-content\/uploads\/2017\/08\/Pages-de-PIANO1-4-597x1024.jpg 597w, https:\/\/musicole78.fr\/wp-content\/uploads\/2017\/08\/Pages-de-PIANO1-4-600x1030.jpg 600w, https:\/\/musicole78.fr\/wp-content\/uploads\/2017\/08\/Pages-de-PIANO1-4-scaled-500x858.jpg 500w, https:\/\/musicole78.fr\/wp-content\/uploads\/2017\/08\/Pages-de-PIANO1-4-350x600.jpg 350w, https:\/\/musicole78.fr\/wp-content\/uploads\/2017\/08\/Pages-de-PIANO1-4-scaled.jpg 1492w\" sizes=\"auto, (max-width: 175px) 100vw, 175px\" \/><\/a>\n\t\t\t<\/dt><\/dl><br style=\"clear: both\" \/>\n\t\t<\/div>\n\n<div class=\"wa-comp wa-text wa-bg-gradient param&#091;grad(rgba(0,0,0,0)) border(0 #969696)&#093; \">\n<div>\n<div align=\"center\">POURQUOI ?<\/div>\n<div align=\"center\">Permettre \u00e0 tous d\u2019apprendre et de jouer de la musique avec le maximum de plaisir<\/div>\n<div align=\"center\">Proposer les <a href=\"https:\/\/musicole78.fr\/?product_cat=partitions-solfege\">m\u00e9thodes d\u2019enseignement<\/a> les plus efficaces<\/div>\n<div align=\"center\">Offrir des exercices et des th\u00e8mes d\u2019\u00e9tude qui allient jeux et r\u00e9sultats<\/div>\n<\/div>\n<\/div>\n<\/div><\/div>[\/vc_column][\/vc_row][vc_row][vc_column][vc_btn title=\u00a0\u00bbJe m&rsquo;inscris\u00a0\u00bb shape=\u00a0\u00bbround\u00a0\u00bb color=\u00a0\u00bbwarning\u00a0\u00bb align=\u00a0\u00bbcenter\u00a0\u00bb i_icon_fontawesome=\u00a0\u00bbfa fa-wpforms\u00a0\u00bb add_icon=\u00a0\u00bbtrue\u00a0\u00bb link=\u00a0\u00bburl:https%3A%2F%2Fmusicole78.fr%2F%3Fpage_id%3D659|||\u00a0\u00bb][\/vc_column][\/vc_row]\n<\/div>","protected":false},"excerpt":{"rendered":"<p>[vc_row][vc_column width=\u00a0\u00bb1\/2&Prime;][\/vc_column][vc_column width=\u00a0\u00bb1\/2&Prime;][\/vc_column][\/vc_row][vc_row][vc_column][vc_column_text]<\/p>\n<p>[\/vc_column_text][\/vc_column][\/vc_row][vc_row][vc_column][vc_separator color=\u00a0\u00bborange\u00a0\u00bb border_width=\u00a0\u00bb8&Prime;][vc_column_text]<br \/>\nLes Professeurs<br \/>\n[\/vc_column_text][vc_separator color=\u00a0\u00bborange\u00a0\u00bb border_width=\u00a0\u00bb8&Prime;][\/vc_column][\/vc_row][vc_row][vc_column][vc_btn title=\u00a0\u00bbJe m&rsquo;inscris\u00a0\u00bb shape=\u00a0\u00bbround\u00a0\u00bb color=\u00a0\u00bbwarning\u00a0\u00bb align=\u00a0\u00bbcenter\u00a0\u00bb i_icon_fontawesome=\u00a0\u00bbfa fa-wpforms\u00a0\u00bb add_icon=\u00a0\u00bbtrue\u00a0\u00bb link=\u00a0\u00bburl:https%3A%2F%2Fmusicole78.fr%2F%3Fpage_id%3D659|||\u00a0\u00bb][\/vc_column][\/vc_row]<\/p>\n","protected":false},"author":1,"featured_media":0,"parent":0,"menu_order":0,"comment_status":"closed","ping_status":"closed","template":"template-full-width.php","meta":{"_acf_changed":false,"_bbp_topic_count":0,"_bbp_reply_count":0,"_bbp_total_topic_count":0,"_bbp_total_reply_count":0,"_bbp_voice_count":0,"_bbp_anonymous_reply_count":0,"_bbp_topic_count_hidden":0,"_bbp_reply_count_hidden":0,"_bbp_forum_subforum_count":0,"footnotes":""},"class_list":["post-3721","page","type-page","status-publish","hentry"],"acf":[],"aioseo_notices":[],"_links":{"self":[{"href":"https:\/\/musicole78.fr\/index.php?rest_route=\/wp\/v2\/pages\/3721","targetHints":{"allow":["GET"]}}],"collection":[{"href":"https:\/\/musicole78.fr\/index.php?rest_route=\/wp\/v2\/pages"}],"about":[{"href":"https:\/\/musicole78.fr\/index.php?rest_route=\/wp\/v2\/types\/page"}],"author":[{"embeddable":true,"href":"https:\/\/musicole78.fr\/index.php?rest_route=\/wp\/v2\/users\/1"}],"replies":[{"embeddable":true,"href":"https:\/\/musicole78.fr\/index.php?rest_route=%2Fwp%2Fv2%2Fcomments&post=3721"}],"version-history":[{"count":1,"href":"https:\/\/musicole78.fr\/index.php?rest_route=\/wp\/v2\/pages\/3721\/revisions"}],"predecessor-version":[{"id":22828,"href":"https:\/\/musicole78.fr\/index.php?rest_route=\/wp\/v2\/pages\/3721\/revisions\/22828"}],"wp:attachment":[{"href":"https:\/\/musicole78.fr\/index.php?rest_route=%2Fwp%2Fv2%2Fmedia&parent=3721"}],"curies":[{"name":"wp","href":"https:\/\/api.w.org\/{rel}","templated":true}]}}