{"id":3735,"date":"2016-12-15T14:45:34","date_gmt":"2016-12-15T13:45:34","guid":{"rendered":"http:\/\/musicole78.fr\/?page_id=3735"},"modified":"2023-07-15T17:45:30","modified_gmt":"2023-07-15T16:45:30","slug":"studio-mao","status":"publish","type":"page","link":"https:\/\/musicole78.fr\/?page_id=3735","title":{"rendered":"Studio-Mao"},"content":{"rendered":"<div class=\"wpb-content-wrapper\">[vc_row][vc_column][vc_single_image image=\u00a0\u00bb19059&Prime; img_size=\u00a0\u00bblarge\u00a0\u00bb alignment=\u00a0\u00bbcenter\u00a0\u00bb onclick=\u00a0\u00bblink_image\u00a0\u00bb][\/vc_column][\/vc_row][vc_row][vc_column width=\u00a0\u00bb1\/2&Prime;]<div class=\"true-contentbox tt_animate_none \"><div class=\"true-contentbox-title true-cb-title-limegreen\"> <span>Approche de l'enregistrement du mixage...<\/span><\/div><div class=\"true-contentbox-content true-content-style-limegreen\">\n<div class=\"wa-comp wa-text wa-bg-gradient param[grad(rgba(0,0,0,0)) border(0 #969696)] \">\n<div style=\"text-align: center;\" align=\"justify\">\n<div class=\"wa-comp wa-text wa-bg-gradient param[grad(rgba(0,0,0,0)) border(0 #969696)] \">\n<div class=\"wa-comp wa-text wa-bg-gradient param[grad(60 2 82 2 #66ff00 #00cccc) border(0 #969696)] \" style=\"text-align: left;\">Ce cours s\u2019adresse autant \u00e0 des d\u00e9butants, qu&rsquo;aux homes studistes d\u00e9j\u00e0 aguerris.<br \/>\nLes domaines approch\u00e9s dans la formation sont ceux de tous les environnements touchant \u00e0 la musique assist\u00e9e par ordinateur, comme l\u2019acoustique, l\u2019analogique audio, l\u2019audionum\u00e9rique, le MIDI, l\u2019informatique et les logiciels, ainsi que l\u2019approche de l&rsquo;enregistrement du mixage et du mastering.<\/div>\n<\/div>\n<\/div>\n<\/div>\n<div class=\"wa-comp wa-text wa-bg-gradient param[grad(rgba(0,0,0,0)) border(0 #969696)] \">\n<div align=\"center\"><\/div>\n<\/div>\n<\/div><\/div>[\/vc_column][vc_column width=\u00a0\u00bb1\/2&Prime;]<div class=\"true-contentbox tt_animate_none \"><div class=\"true-contentbox-title true-cb-title-orange\"> <span>Les bases suffisantes et n\u00e9cessaires...<\/span><\/div><div class=\"true-contentbox-content true-content-style-orange\">\n<div class=\"wa-comp wa-text wa-bg-gradient param[grad(rgba(0,0,0,0)) border(0 #969696)] \">\n<div style=\"text-align: center;\" align=\"justify\">\n<div class=\"wa-comp wa-text wa-bg-gradient param[grad(rgba(0,0,0,0)) border(0 #969696)] \">\n<div class=\"wa-comp wa-text wa-bg-gradient param[grad(60 2 82 2 #66ff00 #00cccc) border(0 #969696)] \" style=\"text-align: left;\">\n<div align=\"center\">La compr\u00e9hension d\u2019un domaine est un pr\u00e9requis \u00e0 l\u2019expression d\u2019une oeuvre artistique. C\u2019est pour cela que cette formation apporte les bases suffisantes et n\u00e9cessaires. Le champ cr\u00e9atif pourra s\u2019exprimer plus librement une fois que le domaine est compris et int\u00e9gr\u00e9.<\/div>\n<div align=\"center\"><\/div>\n<\/div>\n<\/div>\n<\/div>\n<\/div>\n<div class=\"wa-comp wa-text wa-bg-gradient param[grad(rgba(0,0,0,0)) border(0 #969696)] \">\n<div align=\"center\"><\/div>\n<\/div>\n<\/div><\/div>[\/vc_column][\/vc_row][vc_row][vc_column]<div class=\"true-contentbox tt_animate_none \"><div class=\"true-contentbox-title true-cb-title-limegreen\"><i class=\"fa entypo-icon entypo-icon-note-beamed\"><\/i> <span>Notre Studio<\/span><\/div><div class=\"true-contentbox-content true-content-style-limegreen\">\n<p style=\"text-align: center;\">CONTRASTE d\u00e9veloppe et met \u00e0 la disposition des musiciens un studio \u00e9quip\u00e9 :<\/p>\n<p style=\"text-align: center;\"><strong>R\u00e9gie 32 PISTES NUMERIQUE SOUS LOGIC PRO<\/strong><\/p>\n<p style=\"text-align: center;\"><strong>Batterie, amplis, claviers, micros, multi-effets, simulateurs.<br \/>\nEspace d\u00e9tente<\/strong><\/p>\n<\/div><\/div>[vc_btn title=\u00a0\u00bbLe Site du Studio\u00a0\u00bb shape=\u00a0\u00bbround\u00a0\u00bb color=\u00a0\u00bbturquoise\u00a0\u00bb align=\u00a0\u00bbcenter\u00a0\u00bb css_animation=\u00a0\u00bbzoomIn\u00a0\u00bb link=\u00a0\u00bburl:https%3A%2F%2Fstudio.musicole78.fr|||\u00a0\u00bb][vc_column_text]\n<div class=\"wa-comp wa-text wa-bg-gradient param[grad(rgba(0,0,0,0)) border(0 #969696)] \">\n<div>\n<div style=\"text-align: center;\" align=\"justify\">\n<div class=\"wa-comp wa-text wa-bg-gradient param[grad(rgba(0,0,0,0)) border(0 #969696)] \">\n<div>\n<div class=\"wa-comp wa-text wa-bg-gradient param[grad(60 2 82 2 #66ff00 #00cccc) border(0 #969696)] \">\n<blockquote>\n<div><\/div>\n<\/blockquote>\n<\/div>\n<\/div>\n<\/div>\n<\/div>\n<\/div>\n<\/div>\n<div class=\"wa-comp wa-text wa-bg-gradient param[grad(rgba(0,0,0,0)) border(0 #969696)] \">\n<div>\n<div align=\"center\"><\/div>\n<div align=\"center\">\n\n\t\t<style type=\"text\/css\">\n\t\t\t#gallery-1 {\n\t\t\t\tmargin: auto;\n\t\t\t}\n\t\t\t#gallery-1 .gallery-item {\n\t\t\t\tfloat: left;\n\t\t\t\tmargin-top: 10px;\n\t\t\t\ttext-align: center;\n\t\t\t\twidth: 25%;\n\t\t\t}\n\t\t\t#gallery-1 img {\n\t\t\t\tborder: 2px solid #cfcfcf;\n\t\t\t}\n\t\t\t#gallery-1 .gallery-caption {\n\t\t\t\tmargin-left: 0;\n\t\t\t}\n\t\t\t\/* see gallery_shortcode() in wp-includes\/media.php *\/\n\t\t<\/style>\n\t\t<div id='gallery-1' class='gallery galleryid-3735 gallery-columns-4 gallery-size-thumbnail'><dl class='gallery-item'>\n\t\t\t<dt class='gallery-icon portrait'>\n\t\t\t\t<img loading=\"lazy\" decoding=\"async\" width=\"150\" height=\"150\" src=\"https:\/\/musicole78.fr\/wp-content\/uploads\/2017\/05\/Studio-4-150x150.png\" class=\"attachment-thumbnail size-thumbnail\" alt=\"\" srcset=\"https:\/\/musicole78.fr\/wp-content\/uploads\/2017\/05\/Studio-4-150x150.png 150w, https:\/\/musicole78.fr\/wp-content\/uploads\/2017\/05\/Studio-4-100x100.png 100w, https:\/\/musicole78.fr\/wp-content\/uploads\/2017\/05\/Studio-4-71x71.png 71w, https:\/\/musicole78.fr\/wp-content\/uploads\/2017\/05\/Studio-4-36x36.png 36w\" sizes=\"auto, (max-width: 150px) 100vw, 150px\" \/>\n\t\t\t<\/dt><\/dl><dl class='gallery-item'>\n\t\t\t<dt class='gallery-icon landscape'>\n\t\t\t\t<img loading=\"lazy\" decoding=\"async\" width=\"150\" height=\"150\" src=\"https:\/\/musicole78.fr\/wp-content\/uploads\/2016\/11\/enregistrez-150x150.png\" class=\"attachment-thumbnail size-thumbnail\" alt=\"\" srcset=\"https:\/\/musicole78.fr\/wp-content\/uploads\/2016\/11\/enregistrez-150x150.png 150w, https:\/\/musicole78.fr\/wp-content\/uploads\/2016\/11\/enregistrez-100x100.png 100w, https:\/\/musicole78.fr\/wp-content\/uploads\/2016\/11\/enregistrez-71x71.png 71w, https:\/\/musicole78.fr\/wp-content\/uploads\/2016\/11\/enregistrez-36x36.png 36w, https:\/\/musicole78.fr\/wp-content\/uploads\/2016\/11\/enregistrez-200x200.png 200w\" sizes=\"auto, (max-width: 150px) 100vw, 150px\" \/>\n\t\t\t<\/dt><\/dl><dl class='gallery-item'>\n\t\t\t<dt class='gallery-icon landscape'>\n\t\t\t\t<img loading=\"lazy\" decoding=\"async\" width=\"150\" height=\"150\" src=\"https:\/\/musicole78.fr\/wp-content\/uploads\/2017\/05\/casque-150x150.jpg\" class=\"attachment-thumbnail size-thumbnail\" alt=\"\" srcset=\"https:\/\/musicole78.fr\/wp-content\/uploads\/2017\/05\/casque-150x150.jpg 150w, https:\/\/musicole78.fr\/wp-content\/uploads\/2017\/05\/casque-100x100.jpg 100w, https:\/\/musicole78.fr\/wp-content\/uploads\/2017\/05\/casque-71x71.jpg 71w, https:\/\/musicole78.fr\/wp-content\/uploads\/2017\/05\/casque-36x36.jpg 36w, https:\/\/musicole78.fr\/wp-content\/uploads\/2017\/05\/casque-200x200.jpg 200w\" sizes=\"auto, (max-width: 150px) 100vw, 150px\" \/>\n\t\t\t<\/dt><\/dl><dl class='gallery-item'>\n\t\t\t<dt class='gallery-icon landscape'>\n\t\t\t\t<img loading=\"lazy\" decoding=\"async\" width=\"150\" height=\"145\" src=\"https:\/\/musicole78.fr\/wp-content\/uploads\/2017\/05\/Studio-3-150x145.png\" class=\"attachment-thumbnail size-thumbnail\" alt=\"\" srcset=\"https:\/\/musicole78.fr\/wp-content\/uploads\/2017\/05\/Studio-3.png 150w, https:\/\/musicole78.fr\/wp-content\/uploads\/2017\/05\/Studio-3-36x36.png 36w\" sizes=\"auto, (max-width: 150px) 100vw, 150px\" \/>\n\t\t\t<\/dt><\/dl><br style=\"clear: both\" \/><dl class='gallery-item'>\n\t\t\t<dt class='gallery-icon landscape'>\n\t\t\t\t<img loading=\"lazy\" decoding=\"async\" width=\"150\" height=\"150\" src=\"https:\/\/musicole78.fr\/wp-content\/uploads\/2016\/11\/Mao1-150x150.jpg\" class=\"attachment-thumbnail size-thumbnail\" alt=\"\" srcset=\"https:\/\/musicole78.fr\/wp-content\/uploads\/2016\/11\/Mao1-150x150.jpg 150w, https:\/\/musicole78.fr\/wp-content\/uploads\/2016\/11\/Mao1-100x100.jpg 100w, https:\/\/musicole78.fr\/wp-content\/uploads\/2016\/11\/Mao1-71x71.jpg 71w, https:\/\/musicole78.fr\/wp-content\/uploads\/2016\/11\/Mao1-36x36.jpg 36w\" sizes=\"auto, (max-width: 150px) 100vw, 150px\" \/>\n\t\t\t<\/dt><\/dl><dl class='gallery-item'>\n\t\t\t<dt class='gallery-icon landscape'>\n\t\t\t\t<img loading=\"lazy\" decoding=\"async\" width=\"150\" height=\"150\" src=\"https:\/\/musicole78.fr\/wp-content\/uploads\/2016\/11\/Mao4-150x150.jpg\" class=\"attachment-thumbnail size-thumbnail\" alt=\"\" srcset=\"https:\/\/musicole78.fr\/wp-content\/uploads\/2016\/11\/Mao4-150x150.jpg 150w, https:\/\/musicole78.fr\/wp-content\/uploads\/2016\/11\/Mao4-100x100.jpg 100w, https:\/\/musicole78.fr\/wp-content\/uploads\/2016\/11\/Mao4-71x71.jpg 71w, https:\/\/musicole78.fr\/wp-content\/uploads\/2016\/11\/Mao4-36x36.jpg 36w\" sizes=\"auto, (max-width: 150px) 100vw, 150px\" \/>\n\t\t\t<\/dt><\/dl><dl class='gallery-item'>\n\t\t\t<dt class='gallery-icon landscape'>\n\t\t\t\t<img loading=\"lazy\" decoding=\"async\" width=\"150\" height=\"150\" src=\"https:\/\/musicole78.fr\/wp-content\/uploads\/2017\/05\/Studio-2-150x150.png\" class=\"attachment-thumbnail size-thumbnail\" alt=\"\" srcset=\"https:\/\/musicole78.fr\/wp-content\/uploads\/2017\/05\/Studio-2-150x150.png 150w, https:\/\/musicole78.fr\/wp-content\/uploads\/2017\/05\/Studio-2-100x100.png 100w, https:\/\/musicole78.fr\/wp-content\/uploads\/2017\/05\/Studio-2-300x300.png 300w, https:\/\/musicole78.fr\/wp-content\/uploads\/2017\/05\/Studio-2-71x71.png 71w, https:\/\/musicole78.fr\/wp-content\/uploads\/2017\/05\/Studio-2-36x36.png 36w, https:\/\/musicole78.fr\/wp-content\/uploads\/2017\/05\/Studio-2-200x200.png 200w\" sizes=\"auto, (max-width: 150px) 100vw, 150px\" \/>\n\t\t\t<\/dt><\/dl><dl class='gallery-item'>\n\t\t\t<dt class='gallery-icon landscape'>\n\t\t\t\t<img loading=\"lazy\" decoding=\"async\" width=\"150\" height=\"150\" src=\"https:\/\/musicole78.fr\/wp-content\/uploads\/2016\/12\/Groupe4-150x150.jpg\" class=\"attachment-thumbnail size-thumbnail\" alt=\"\" srcset=\"https:\/\/musicole78.fr\/wp-content\/uploads\/2016\/12\/Groupe4-150x150.jpg 150w, https:\/\/musicole78.fr\/wp-content\/uploads\/2016\/12\/Groupe4-scaled-500x500.jpg 500w, https:\/\/musicole78.fr\/wp-content\/uploads\/2016\/12\/Groupe4-scaled-100x100.jpg 100w, https:\/\/musicole78.fr\/wp-content\/uploads\/2016\/12\/Groupe4-71x71.jpg 71w, https:\/\/musicole78.fr\/wp-content\/uploads\/2016\/12\/Groupe4-36x36.jpg 36w, https:\/\/musicole78.fr\/wp-content\/uploads\/2016\/12\/Groupe4-200x200.jpg 200w\" sizes=\"auto, (max-width: 150px) 100vw, 150px\" \/>\n\t\t\t<\/dt><\/dl><br style=\"clear: both\" \/>\n\t\t<\/div>\n<\/div>\n<\/div>\n<\/div>\n[\/vc_column_text][\/vc_column][\/vc_row][vc_row][vc_column][vc_btn title=\u00a0\u00bbJe m&rsquo;inscris\u00a0\u00bb shape=\u00a0\u00bbround\u00a0\u00bb color=\u00a0\u00bbwarning\u00a0\u00bb align=\u00a0\u00bbcenter\u00a0\u00bb i_icon_fontawesome=\u00a0\u00bbfa fa-wpforms\u00a0\u00bb add_icon=\u00a0\u00bbtrue\u00a0\u00bb link=\u00a0\u00bburl:https%3A%2F%2Fmusicole78.fr%2F%3Fpage_id%3D659|||\u00a0\u00bb][\/vc_column][\/vc_row][vc_row][vc_column][layerslider_vc id=\u00a0\u00bb186&Prime;][\/vc_column][\/vc_row]\n<\/div>","protected":false},"excerpt":{"rendered":"<p>[vc_row][vc_column][vc_single_image image=\u00a0\u00bb19059&Prime; img_size=\u00a0\u00bblarge\u00a0\u00bb alignment=\u00a0\u00bbcenter\u00a0\u00bb onclick=\u00a0\u00bblink_image\u00a0\u00bb][\/vc_column][\/vc_row][vc_row][vc_column width=\u00a0\u00bb1\/2&Prime;][\/vc_column][vc_column width=\u00a0\u00bb1\/2&Prime;][\/vc_column][\/vc_row][vc_row][vc_column][vc_btn title=\u00a0\u00bbLe Site du Studio\u00a0\u00bb shape=\u00a0\u00bbround\u00a0\u00bb color=\u00a0\u00bbturquoise\u00a0\u00bb align=\u00a0\u00bbcenter\u00a0\u00bb css_animation=\u00a0\u00bbzoomIn\u00a0\u00bb link=\u00a0\u00bburl:https%3A%2F%2Fstudio.musicole78.fr|||\u00a0\u00bb][vc_column_text]<\/p>\n<p>\n[\/vc_column_text][\/vc_column][\/vc_row][vc_row][vc_column][vc_btn title=\u00a0\u00bbJe m&rsquo;inscris\u00a0\u00bb shape=\u00a0\u00bbround\u00a0\u00bb color=\u00a0\u00bbwarning\u00a0\u00bb align=\u00a0\u00bbcenter\u00a0\u00bb i_icon_fontawesome=\u00a0\u00bbfa fa-wpforms\u00a0\u00bb add_icon=\u00a0\u00bbtrue\u00a0\u00bb link=\u00a0\u00bburl:https%3A%2F%2Fmusicole78.fr%2F%3Fpage_id%3D659|||\u00a0\u00bb][\/vc_column][\/vc_row][vc_row][vc_column][layerslider_vc id=\u00a0\u00bb186&Prime;][\/vc_column][\/vc_row]<\/p>\n","protected":false},"author":1,"featured_media":0,"parent":0,"menu_order":0,"comment_status":"closed","ping_status":"closed","template":"template-full-width.php","meta":{"_acf_changed":false,"_bbp_topic_count":0,"_bbp_reply_count":0,"_bbp_total_topic_count":0,"_bbp_total_reply_count":0,"_bbp_voice_count":0,"_bbp_anonymous_reply_count":0,"_bbp_topic_count_hidden":0,"_bbp_reply_count_hidden":0,"_bbp_forum_subforum_count":0,"footnotes":""},"class_list":["post-3735","page","type-page","status-publish","hentry"],"acf":[],"aioseo_notices":[],"_links":{"self":[{"href":"https:\/\/musicole78.fr\/index.php?rest_route=\/wp\/v2\/pages\/3735","targetHints":{"allow":["GET"]}}],"collection":[{"href":"https:\/\/musicole78.fr\/index.php?rest_route=\/wp\/v2\/pages"}],"about":[{"href":"https:\/\/musicole78.fr\/index.php?rest_route=\/wp\/v2\/types\/page"}],"author":[{"embeddable":true,"href":"https:\/\/musicole78.fr\/index.php?rest_route=\/wp\/v2\/users\/1"}],"replies":[{"embeddable":true,"href":"https:\/\/musicole78.fr\/index.php?rest_route=%2Fwp%2Fv2%2Fcomments&post=3735"}],"version-history":[{"count":1,"href":"https:\/\/musicole78.fr\/index.php?rest_route=\/wp\/v2\/pages\/3735\/revisions"}],"predecessor-version":[{"id":22807,"href":"https:\/\/musicole78.fr\/index.php?rest_route=\/wp\/v2\/pages\/3735\/revisions\/22807"}],"wp:attachment":[{"href":"https:\/\/musicole78.fr\/index.php?rest_route=%2Fwp%2Fv2%2Fmedia&parent=3735"}],"curies":[{"name":"wp","href":"https:\/\/api.w.org\/{rel}","templated":true}]}}