{"id":4283,"date":"2016-12-27T16:41:35","date_gmt":"2016-12-27T15:41:35","guid":{"rendered":"http:\/\/musicole78.fr\/?page_id=4283"},"modified":"2026-03-19T11:01:08","modified_gmt":"2026-03-19T10:01:08","slug":"formulaire-mille-et-une-notes","status":"publish","type":"page","link":"https:\/\/musicole78.fr\/?page_id=4283","title":{"rendered":"Formulaire Mille et une Notes"},"content":{"rendered":"<div class=\"wpb-content-wrapper\">[vc_row][vc_column]<div class=\"true-image-box-1 tt_animate_none  ZbykijSF\"><div class=\"true-img-wrap\"><\/div><div class=\"true-text-wrap\"><div class=\"callout-heading-wrap true-montserrat\"><h4>Pestacles des Mille et une Notes<\/h4><h3>Formulaire de R\u00e9servation<\/h3><\/div><div class=\"callout-details-wrap\">\n<h3 style=\"text-align: center;\">Samedi 30 Mai 2026<\/h3>\n<ul>\n<li style=\"text-align: left;\">Vous devez\u00a0 r\u00e9server vos places\u00a0 en remplissant le formulaire ci-dessous avant le <strong>lundi 25 Mai.<\/strong><\/li>\n<li>Vous pouvez envoyer votre r\u00e8glement (8 \u20ac pour le public et gratuit pour les -13 ans et les artistes)\u00a0 \u00e0 l&rsquo;adresse indiqu\u00e9e : Contraste inscription 25 rue Lamartine 78190 Trappes ou<\/li>\n<li>Vous pouvez <a href=\"https:\/\/musicole78.fr\/?product=entree-pestacles-mille-et-une-notes\" target=\"_blank\" rel=\"noopener\">r\u00e9gler en ligne <\/a>.<\/li>\n<li>Ou r\u00e9gler directement sur place en esp\u00e8ce ou Ch\u00e8que<\/li>\n<\/ul>\n<p style=\"text-align: center;\"><div class=\"frm_forms  with_frm_style frm_style_style-formidable\" id=\"frm_form_4_container\">\n<form enctype=\"multipart\/form-data\" method=\"post\" class=\"frm-show-form \" id=\"form_6q71g\">\n<div class=\"frm_form_fields \">\n<fieldset>\n<legend class=\"frm_hidden\">Formulaire Mille et une Notes<\/legend>\r\n\r\n<div class=\"frm_fields_container\">\n<input type=\"hidden\" name=\"frm_action\" value=\"create\" \/>\n<input type=\"hidden\" name=\"form_id\" value=\"4\" \/>\n<input type=\"hidden\" name=\"frm_hide_fields_4\" id=\"frm_hide_fields_4\" value=\"\" \/>\n<input type=\"hidden\" name=\"form_key\" value=\"6q71g\" \/>\n<input type=\"hidden\" name=\"item_meta[0]\" value=\"\" \/>\n<input type=\"hidden\" id=\"frm_submit_entry_4\" name=\"frm_submit_entry_4\" value=\"88ed454665\" \/><input type=\"hidden\" name=\"_wp_http_referer\" value=\"\/index.php?rest_route=%2Fwp%2Fv2%2Fpages%2F4283\" \/><div id=\"frm_field_25_container\" class=\"frm_form_field form-field  frm_required_field frm_top_container frm6 frm_first\">\r\n    <label for=\"field_l8kvu\" class=\"frm_primary_label\">Nom :\r\n        <span class=\"frm_required\">*<\/span>\r\n    <\/label>\r\n    <input type=\"text\" id=\"field_l8kvu\" name=\"item_meta[25]\" value=\"\"  data-reqmsg=\"Ce champ ne peut pas \u00eatre vide\" aria-required=\"true\" data-invmsg=\"Nom : est non valide\" aria-invalid=\"false\"  \/>\r\n    \r\n    \r\n<\/div>\n<div id=\"frm_field_26_container\" class=\"frm_form_field form-field  frm_required_field frm_top_container frm6\">\r\n    <label for=\"field_a6y83\" class=\"frm_primary_label\">Pr\u00e9nom :\r\n        <span class=\"frm_required\">*<\/span>\r\n    <\/label>\r\n    <input type=\"text\" id=\"field_a6y83\" name=\"item_meta[26]\" value=\"\"  data-reqmsg=\"Ce champ ne peut pas \u00eatre vide\" aria-required=\"true\" data-invmsg=\"Pr\u00e9nom : est non valide\" aria-invalid=\"false\"  \/>\r\n    \r\n    \r\n<\/div>\n<div id=\"frm_field_28_container\" class=\"frm_form_field form-field  frm_required_field frm_top_container frm_first frm_half\">\r\n    <label for=\"field_6cxfd\" class=\"frm_primary_label\">Adresse e-mail :\r\n        <span class=\"frm_required\">*<\/span>\r\n    <\/label>\r\n    <input type=\"email\" id=\"field_6cxfd\" name=\"item_meta[28]\" value=\"\"  data-reqmsg=\"Ce champ ne peut pas \u00eatre vide\" aria-required=\"true\" data-invmsg=\"Adresse e-mail est non valide\" aria-invalid=\"false\"  \/>\r\n    \r\n    \r\n<\/div>\n<div id=\"frm_field_27_container\" class=\"frm_form_field form-field  frm_required_field frm_top_container frm_half\">\r\n    <label for=\"field_bfbbd\" class=\"frm_primary_label\">T\u00e9l\u00e9phone mobile :\r\n        <span class=\"frm_required\">*<\/span>\r\n    <\/label>\r\n    <input type=\"text\" id=\"field_bfbbd\" name=\"item_meta[27]\" value=\"\"  data-reqmsg=\"Ce champ ne peut pas \u00eatre vide\" aria-required=\"true\" data-invmsg=\"T\u00e9l\u00e9phone mobile : est non valide\" aria-invalid=\"false\"  \/>\r\n    \r\n    \r\n<\/div>\n<div id=\"frm_field_34_container\" class=\"frm_form_field form-field  frm_required_field frm_top_container frm12 frm_first\">\r\n    <label for=\"field_l9bfl\" class=\"frm_primary_label\">R\u00e9servation (Entr\u00e9e 8\u20ac pour le public) :\r\n        <span class=\"frm_required\">*<\/span>\r\n    <\/label>\r\n    \t\t<select name=\"item_meta[34]\" id=\"field_l9bfl\"  data-frmval=\"0\" data-reqmsg=\"Ce champ ne peut pas \u00eatre vide\" aria-required=\"true\" data-invmsg=\"R\u00e9servation (Entr\u00e9e 8\u20ac pour le public) : est non valide\" aria-invalid=\"false\">\n\t\t<option  value=\"0\" selected='selected'>0<\/option><option  value=\"1\">1<\/option><option  value=\"2\">2<\/option><option  value=\"3\">3<\/option><option  value=\"4\">4<\/option><option  value=\"5\">5<\/option><option  value=\"6\">6<\/option><option  value=\"7\">7<\/option><option  value=\"8\">8<\/option><option  value=\"9\">9<\/option><option  value=\"10\">10<\/option>\t<\/select>\n\t\r\n    \r\n    \r\n<\/div>\n<div id=\"frm_field_35_container\" class=\"frm_form_field form-field  frm_required_field frm_top_container frm12 frm_first\">\r\n    <label for=\"field_j0849\" class=\"frm_primary_label\">R\u00e9servation Artistes (Entr\u00e9e Gratuite) :\r\n        <span class=\"frm_required\">*<\/span>\r\n    <\/label>\r\n    \t\t<select name=\"item_meta[35]\" id=\"field_j0849\"  data-frmval=\"0\" data-reqmsg=\"Ce champ ne peut pas \u00eatre vide\" aria-required=\"true\" data-invmsg=\"R\u00e9servation Artistes (Entr\u00e9e Gratuite) : est non valide\" aria-invalid=\"false\">\n\t\t<option  value=\"0\" selected='selected'>0<\/option><option  value=\"1\">1<\/option><option  value=\"2\">2<\/option><option  value=\"3\">3<\/option><option  value=\"4\">4<\/option><option  value=\"5\">5<\/option><option  value=\"6\">6<\/option><option  value=\"7\">7<\/option><option  value=\"8\">8<\/option><option  value=\"9\">9<\/option><option  value=\"10\">10<\/option>\t<\/select>\n\t\r\n    \r\n    \r\n<\/div>\n<div id=\"frm_field_251_container\" class=\"frm_form_field form-field  frm_required_field frm_top_container frm12 frm_first\">\r\n    <label for=\"field_c0a4f\" class=\"frm_primary_label\">R\u00e9servation Enfants -13 ans (Entr\u00e9e Gratuite) :\r\n        <span class=\"frm_required\">*<\/span>\r\n    <\/label>\r\n    \t\t<select name=\"item_meta[251]\" id=\"field_c0a4f\"  data-frmval=\"0\" data-reqmsg=\"Ce champ ne peut pas \u00eatre vide\" aria-required=\"true\" data-invmsg=\"R\u00e9servation Enfants -13 ans (Entr\u00e9e Gratuite) : est non valide\" aria-invalid=\"false\">\n\t\t<option  value=\"0\" selected='selected'>0<\/option><option  value=\"1\">1<\/option><option  value=\"2\">2<\/option><option  value=\"3\">3<\/option><option  value=\"4\">4<\/option><option  value=\"5\">5<\/option><option  value=\"6\">6<\/option><option  value=\"7\">7<\/option><option  value=\"8\">8<\/option><option  value=\"9\">9<\/option><option  value=\"10\">10<\/option>\t<\/select>\n\t\r\n    \r\n    \r\n<\/div>\n<div id=\"frm_field_254_container\" class=\"frm_form_field form-field  frm_top_container frm12 frm_first\">\r\n    <label for=\"field_l39cl\" class=\"frm_primary_label\">Nom de l'artiste (si diff\u00e9rent du nom de r\u00e9servation) :\r\n        <span class=\"frm_required\"><\/span>\r\n    <\/label>\r\n    <input type=\"text\" id=\"field_l39cl\" name=\"item_meta[254]\" value=\"\"  data-invmsg=\"Nom : est non valide\" aria-invalid=\"false\"  \/>\r\n    \r\n    \r\n<\/div>\n<div id=\"frm_field_253_container\" class=\"frm_form_field form-field  frm_required_field frm_top_container vertical_radio\">\n\t<div  id=\"field_w7s06_label\" class=\"frm_primary_label\">Pr\u00e9f\u00e9rences horaires (Vous pouvez cocher plusieurs cases)\n\t\t<span class=\"frm_required\" aria-hidden=\"true\">*<\/span>\n\t<\/div>\n\t<div class=\"frm_opt_container\" aria-labelledby=\"field_w7s06_label\" role=\"group\">\t\t<div class=\"frm_checkbox\" id=\"frm_checkbox_253-0\">\t\t\t<label  for=\"field_w7s06-0\">\n\t\t\t<input type=\"checkbox\" name=\"item_meta[253][]\" id=\"field_w7s06-0\" value=\"Samedi 1\u00e8re Partie (enfants, Ado)\"  data-reqmsg=\"Ce champ ne peut pas \u00eatre vide\" data-invmsg=\"Pr\u00e9f\u00e9rences horaires (Vous pouvez cocher plusieurs cases) est non valide\"   aria-required=\"true\"  \/> Samedi 1\u00e8re Partie (enfants, Ado)<\/label><\/div>\n\t\t<div class=\"frm_checkbox\" id=\"frm_checkbox_253-1\">\t\t\t<label  for=\"field_w7s06-1\">\n\t\t\t<input type=\"checkbox\" name=\"item_meta[253][]\" id=\"field_w7s06-1\" value=\"Samedi 2\u00e8me Partie (Ados, Adultes)\"  data-reqmsg=\"Ce champ ne peut pas \u00eatre vide\" data-invmsg=\"Pr\u00e9f\u00e9rences horaires (Vous pouvez cocher plusieurs cases) est non valide\"   \/> Samedi 2\u00e8me Partie (Ados, Adultes)<\/label><\/div>\n<\/div>\n\t\n\t\n<\/div>\n<div id=\"frm_field_38_container\" class=\"frm_form_field form-field  frm_top_container\">\r\n    <label for=\"field_8q3i0\" class=\"frm_primary_label\">Vos Remarques :\r\n        <span class=\"frm_required\"><\/span>\r\n    <\/label>\r\n    <textarea name=\"item_meta[38]\" id=\"field_8q3i0\" rows=\"5\"  data-invmsg=\"Vos Remarques : est non valide\" aria-invalid=\"false\"><\/textarea>\r\n    \r\n    \r\n<\/div>\n<div id=\"frm_field_39_container\" class=\"frm_form_field form-field  frm_top_container\">\r\n    <label for=\"g-recaptcha-response\" class=\"frm_primary_label\">Captcha\r\n        <span class=\"frm_required\"><\/span>\r\n    <\/label>\r\n    <div  id=\"field_g28hp\" class=\"frm-g-recaptcha\" data-sitekey=\"6LceVhAUAAAAAArfLEdJcVq7LkbeLUToni3nC10N\" data-size=\"normal\" data-theme=\"light\"><\/div>\r\n    \r\n    \r\n<\/div>\n<div id=\"frm_field_250_container\" class=\"frm_form_field form-field \">\n\t<div class=\"frm_submit\">\r\n\r\n<input type=\"submit\" value=\"Envoyer\"  \/>\r\n<img decoding=\"async\" class=\"frm_ajax_loading\" src=\"https:\/\/musicole78.fr\/wp-content\/plugins\/formidable\/images\/ajax_loader.gif\" alt=\"Envoi\"\/>\r\n\r\n<\/div>\n<\/div>\n\t<input type=\"hidden\" name=\"item_key\" value=\"\" \/>\n\t\t\t<div id=\"frm_field_263_container\">\n\t\t\t<label for=\"field_ata71\">\n\t\t\t\tSi vous \u00eates un humain, ne remplissez pas ce champ.\t\t\t<\/label>\n\t\t\t<input id=\"field_ata71\" type=\"text\" class=\"frm_form_field form-field frm_verify\" name=\"item_meta[263]\" value=\"\"  \/>\n\t\t<\/div>\n\t\t<input name=\"frm_state\" type=\"hidden\" value=\"9\/GYUn9Jhoh9VEcPVC2bOUbJVxiFuX559\/k3R17iOr8=\" \/><\/div>\n<\/fieldset>\n<\/div>\n\n<p style=\"display: none !important;\" class=\"akismet-fields-container\" data-prefix=\"ak_\"><label>&#916;<textarea name=\"ak_hp_textarea\" cols=\"45\" rows=\"8\" maxlength=\"100\"><\/textarea><\/label><input type=\"hidden\" id=\"ak_js_1\" name=\"ak_js\" value=\"41\"\/><script>document.getElementById( \"ak_js_1\" ).setAttribute( \"value\", ( new Date() ).getTime() );<\/script><\/p><\/form>\n<\/div><p>&nbsp;<\/p>\n<p>&nbsp;<\/p>\n<p>&nbsp;<\/p>\n<p>&nbsp;<\/p>\n<p>&nbsp;<\/p>\n<p>&nbsp;<\/p>\n<div id=\"WidgetFloaterPanels\" class=\"LTRStyle\" style=\"display: none; text-align: left; direction: ltr; visibility: hidden;\" translate=\"no\">\n<div id=\"WidgetFloater\" style=\"display: none;\">\n<div id=\"WidgetLogoPanel\"><span id=\"WidgetTranslateWithSpan\">TRANSLATE with <img id=\"FloaterLogo\" \/><\/span> <span id=\"WidgetCloseButton\" title=\"Exit Translation\">x<\/span><\/div>\n<div id=\"LanguageMenuPanel\">\n<div class=\"DDStyle_outer\">\n<p><input id=\"LanguageMenu_svid\" style=\"display: none;\" autocomplete=\"on\" name=\"LanguageMenu_svid\" type=\"text\" value=\"en\" \/> <input id=\"LanguageMenu_textid\" style=\"display: none;\" autocomplete=\"on\" name=\"LanguageMenu_textid\" type=\"text\" \/> <span id=\"__LanguageMenu_header\" class=\"DDStyle\" tabindex=\"0\">English<\/span><\/p>\n<div style=\"position: relative; text-align: left; left: 0;\">\n<div style=\"position: absolute; ;left: 0px;\">\n<div id=\"__LanguageMenu_popup\" class=\"DDStyle\" style=\"display: none;\">\n<table id=\"LanguageMenu\" border=\"0\">\n<tbody>\n<tr>\n<td><a tabindex=\"-1\" href=\"#ar\">Arabic<\/a><\/td>\n<td><a tabindex=\"-1\" href=\"#he\">Hebrew<\/a><\/td>\n<td><a tabindex=\"-1\" href=\"#pl\">Polish<\/a><\/td>\n<\/tr>\n<tr>\n<td><a tabindex=\"-1\" href=\"#bg\">Bulgarian<\/a><\/td>\n<td><a tabindex=\"-1\" href=\"#hi\">Hindi<\/a><\/td>\n<td><a tabindex=\"-1\" href=\"#pt\">Portuguese<\/a><\/td>\n<\/tr>\n<tr>\n<td><a tabindex=\"-1\" href=\"#ca\">Catalan<\/a><\/td>\n<td><a tabindex=\"-1\" href=\"#mww\">Hmong Daw<\/a><\/td>\n<td><a tabindex=\"-1\" href=\"#ro\">Romanian<\/a><\/td>\n<\/tr>\n<tr>\n<td><a tabindex=\"-1\" href=\"#zh-CHS\">Chinese Simplified<\/a><\/td>\n<td><a tabindex=\"-1\" href=\"#hu\">Hungarian<\/a><\/td>\n<td><a tabindex=\"-1\" href=\"#ru\">Russian<\/a><\/td>\n<\/tr>\n<tr>\n<td><a tabindex=\"-1\" href=\"#zh-CHT\">Chinese Traditional<\/a><\/td>\n<td><a tabindex=\"-1\" href=\"#id\">Indonesian<\/a><\/td>\n<td><a tabindex=\"-1\" href=\"#sk\">Slovak<\/a><\/td>\n<\/tr>\n<tr>\n<td><a tabindex=\"-1\" href=\"#cs\">Czech<\/a><\/td>\n<td><a tabindex=\"-1\" href=\"#it\">Italian<\/a><\/td>\n<td><a tabindex=\"-1\" href=\"#sl\">Slovenian<\/a><\/td>\n<\/tr>\n<tr>\n<td><a tabindex=\"-1\" href=\"#da\">Danish<\/a><\/td>\n<td><a tabindex=\"-1\" href=\"#ja\">Japanese<\/a><\/td>\n<td><a tabindex=\"-1\" href=\"#es\">Spanish<\/a><\/td>\n<\/tr>\n<tr>\n<td><a tabindex=\"-1\" href=\"#nl\">Dutch<\/a><\/td>\n<td><a tabindex=\"-1\" href=\"#tlh\">Klingon<\/a><\/td>\n<td><a tabindex=\"-1\" href=\"#sv\">Swedish<\/a><\/td>\n<\/tr>\n<tr>\n<td><a tabindex=\"-1\" href=\"#en\">English<\/a><\/td>\n<td><a tabindex=\"-1\" href=\"#ko\">Korean<\/a><\/td>\n<td><a tabindex=\"-1\" href=\"#th\">Thai<\/a><\/td>\n<\/tr>\n<tr>\n<td><a tabindex=\"-1\" href=\"#et\">Estonian<\/a><\/td>\n<td><a tabindex=\"-1\" href=\"#lv\">Latvian<\/a><\/td>\n<td><a tabindex=\"-1\" href=\"#tr\">Turkish<\/a><\/td>\n<\/tr>\n<tr>\n<td><a tabindex=\"-1\" href=\"#fi\">Finnish<\/a><\/td>\n<td><a tabindex=\"-1\" href=\"#lt\">Lithuanian<\/a><\/td>\n<td><a tabindex=\"-1\" href=\"#uk\">Ukrainian<\/a><\/td>\n<\/tr>\n<tr>\n<td><a tabindex=\"-1\" href=\"#fr\">French<\/a><\/td>\n<td><a tabindex=\"-1\" href=\"#ms\">Malay<\/a><\/td>\n<td><a tabindex=\"-1\" href=\"#ur\">Urdu<\/a><\/td>\n<\/tr>\n<tr>\n<td><a tabindex=\"-1\" href=\"#de\">German<\/a><\/td>\n<td><a tabindex=\"-1\" href=\"#mt\">Maltese<\/a><\/td>\n<td><a tabindex=\"-1\" href=\"#vi\">Vietnamese<\/a><\/td>\n<\/tr>\n<tr>\n<td><a tabindex=\"-1\" href=\"#el\">Greek<\/a><\/td>\n<td><a tabindex=\"-1\" href=\"#no\">Norwegian<\/a><\/td>\n<td><a tabindex=\"-1\" href=\"#cy\">Welsh<\/a><\/td>\n<\/tr>\n<tr>\n<td><a tabindex=\"-1\" href=\"#ht\">Haitian Creole<\/a><\/td>\n<td><a tabindex=\"-1\" href=\"#fa\">Persian<\/a><\/td>\n<td><\/td>\n<\/tr>\n<\/tbody>\n<\/table>\n<p><img style=\"height: 7px; width: 17px; border-width: 0px; left: 20px;\" alt=\"\" \/><\/p>\n<\/div>\n<\/div>\n<\/div>\n<\/div>\n<p><script type=\"text\/javascript\"> var LanguageMenu; var LanguageMenu_keys=[\"ar\",\"bg\",\"ca\",\"zh-CHS\",\"zh-CHT\",\"cs\",\"da\",\"nl\",\"en\",\"et\",\"fi\",\"fr\",\"de\",\"el\",\"ht\",\"he\",\"hi\",\"mww\",\"hu\",\"id\",\"it\",\"ja\",\"tlh\",\"ko\",\"lv\",\"lt\",\"ms\",\"mt\",\"no\",\"fa\",\"pl\",\"pt\",\"ro\",\"ru\",\"sk\",\"sl\",\"es\",\"sv\",\"th\",\"tr\",\"uk\",\"ur\",\"vi\",\"cy\"]; var LanguageMenu_values=[\"Arabic\",\"Bulgarian\",\"Catalan\",\"Chinese Simplified\",\"Chinese Traditional\",\"Czech\",\"Danish\",\"Dutch\",\"English\",\"Estonian\",\"Finnish\",\"French\",\"German\",\"Greek\",\"Haitian Creole\",\"Hebrew\",\"Hindi\",\"Hmong Daw\",\"Hungarian\",\"Indonesian\",\"Italian\",\"Japanese\",\"Klingon\",\"Korean\",\"Latvian\",\"Lithuanian\",\"Malay\",\"Maltese\",\"Norwegian\",\"Persian\",\"Polish\",\"Portuguese\",\"Romanian\",\"Russian\",\"Slovak\",\"Slovenian\",\"Spanish\",\"Swedish\",\"Thai\",\"Turkish\",\"Ukrainian\",\"Urdu\",\"Vietnamese\",\"Welsh\"]; var LanguageMenu_callback=function(){ }; var LanguageMenu_popupid='__LanguageMenu_popup'; <\/script><\/p>\n<\/div>\n<div id=\"CTFLinksPanel\"><span id=\"ExternalLinksPanel\"><a id=\"HelpLink\" title=\"Help\" href=\"https:\/\/go.microsoft.com\/?linkid=9722454\" target=\"_blank\" rel=\"noopener\"> <img id=\"HelpImg\" \/><\/a> <a id=\"EmbedLink\" title=\"Get this widget for your own site\"><\/a> <img id=\"EmbedImg\" \/> <a id=\"ShareLink\" title=\"Share translated page with friends\"><\/a> <img id=\"ShareImg\" \/> <\/span><\/div>\n<div id=\"FloaterProgressBar\"><\/div>\n<\/div>\n<div id=\"WidgetFloaterCollapsed\" style=\"display: none;\">TRANSLATE with <img id=\"CollapsedLogoImg\" \/><\/div>\n<div id=\"FloaterSharePanel\" style=\"display: none;\">\n<div id=\"ShareTextDiv\"><span id=\"ShareTextSpan\"> COPY THE URL BELOW <\/span><\/div>\n<div id=\"ShareTextboxDiv\"><input id=\"ShareTextbox\" name=\"ShareTextbox\" readonly=\"readonly\" type=\"text\" \/> <!--a id=\"TwitterLink\" title=\"Share on Twitter\"> <img id=\"TwitterImg\" \/> <a-- id=\"FacebookLink\" title=\"Share on Facebook\"> <img id=\"FacebookImg\" \/><\/a--> <a id=\"EmailLink\" title=\"Email this translation\"><\/a> <img id=\"EmailImg\" \/><\/div>\n<div id=\"ShareFooter\"><span id=\"ShareHelpSpan\"><a id=\"ShareHelpLink\"><\/a> <img id=\"ShareHelpImg\" \/><\/span> <span id=\"ShareBackSpan\"><a id=\"ShareBack\" title=\"Back To Translation\"><\/a> Back<\/span><\/div>\n<p><input id=\"EmailSubject\" name=\"EmailSubject\" type=\"hidden\" value=\"Check out this page in {0} translated from {1}\" \/> <input id=\"EmailBody\" name=\"EmailBody\" type=\"hidden\" value=\"Translated: {0}%0d%0aOriginal: {1}%0d%0a%0d%0aAutomatic translation powered by Microsoft\u00ae Translator%0d%0ahttp:\/\/www.bing.com\/translator?ref=MSTWidget\" \/> <input id=\"ShareHelpText\" type=\"hidden\" value=\"This link allows visitors to launch this page and automatically translate it to {0}.\" \/><\/p>\n<\/div>\n<div id=\"FloaterEmbed\" style=\"display: none;\">\n<div id=\"EmbedTextDiv\"><span id=\"EmbedTextSpan\">EMBED THE SNIPPET BELOW IN YOUR SITE<\/span> <a id=\"EmbedHelpLink\" title=\"Copy this code and place it into your HTML.\"><\/a> <img id=\"EmbedHelpImg\" \/><\/div>\n<div id=\"EmbedTextboxDiv\"><input id=\"EmbedSnippetTextBox\" name=\"EmbedSnippetTextBox\" readonly=\"readonly\" type=\"text\" value=\"&lt;div id='MicrosoftTranslatorWidget' class='Dark' style='color:white;background-color:#555555'&gt;&lt;\/div&gt;&lt;script type='text\/javascript'&gt;setTimeout(function(){var s=document.createElement('script');s.type='text\/javascript';s.charset='UTF-8';s.src=((location &amp;&amp; location.href &amp;&amp; location.href.indexOf('https') == 0)?'https:\/\/ssl.microsofttranslator.com':'http:\/\/www.microsofttranslator.com')+'\/ajax\/v3\/WidgetV3.ashx?siteData=ueOIGRSKkd965FeEGM5JtQ**&amp;ctf=true&amp;ui=true&amp;settings=manual&amp;from=en';var p=document.getElementsByTagName('head')&#091;0&#093;||document.documentElement;p.insertBefore(s,p.firstChild); },0);&lt;\/script&gt;\" \/><\/div>\n<div id=\"EmbedNoticeDiv\"><span id=\"EmbedNoticeSpan\">Enable collaborative features and customize widget: <a href=\"http:\/\/www.bing.com\/widget\/translator\" target=\"_blank\" rel=\"noopener\">Bing Webmaster Portal<\/a><\/span><\/div>\n<div id=\"EmbedFooterDiv\"><span id=\"EmbedBackSpan\"><a title=\"Back To Translation\">Back<\/a><\/span><\/div>\n<\/div>\n<p><script type=\"text\/javascript\"> var intervalId = setInterval(function () { if (MtPopUpList) { LanguageMenu = new MtPopUpList(); var langMenu = document.getElementById(LanguageMenu_popupid); var origLangDiv = document.createElement(\"div\"); origLangDiv.id = \"OriginalLanguageDiv\"; origLangDiv.innerHTML = \"<span id='OriginalTextSpan'>ORIGINAL: <\/span><span id='OriginalLanguageSpan'><\/span>\"; langMenu.appendChild(origLangDiv); LanguageMenu.Init('LanguageMenu', LanguageMenu_keys, LanguageMenu_values, LanguageMenu_callback, LanguageMenu_popupid); window[\"LanguageMenu\"] = LanguageMenu; clearInterval(intervalId); } }, 1); <\/script><\/p>\n<\/div>\n<\/div><\/div><\/div><p style=\"text-align:center;\"><a class=\"ka_button tt_animate_none small_button small_orange\" target=\"_blank\" title=\"\" href=\"https:\/\/musicole78.fr\/?product=entree-pestacles-mille-et-une-notes\">Je r\u00e8gle en ligne !<\/a><\/p>[\/vc_column][\/vc_row]\n<\/div>","protected":false},"excerpt":{"rendered":"<p>[vc_row][vc_column][\/vc_column][\/vc_row]<\/p>\n","protected":false},"author":1,"featured_media":0,"parent":0,"menu_order":0,"comment_status":"closed","ping_status":"closed","template":"template-full-width.php","meta":{"_acf_changed":false,"_bbp_topic_count":0,"_bbp_reply_count":0,"_bbp_total_topic_count":0,"_bbp_total_reply_count":0,"_bbp_voice_count":0,"_bbp_anonymous_reply_count":0,"_bbp_topic_count_hidden":0,"_bbp_reply_count_hidden":0,"_bbp_forum_subforum_count":0,"footnotes":""},"class_list":["post-4283","page","type-page","status-publish","hentry"],"acf":[],"aioseo_notices":[],"_links":{"self":[{"href":"https:\/\/musicole78.fr\/index.php?rest_route=\/wp\/v2\/pages\/4283","targetHints":{"allow":["GET"]}}],"collection":[{"href":"https:\/\/musicole78.fr\/index.php?rest_route=\/wp\/v2\/pages"}],"about":[{"href":"https:\/\/musicole78.fr\/index.php?rest_route=\/wp\/v2\/types\/page"}],"author":[{"embeddable":true,"href":"https:\/\/musicole78.fr\/index.php?rest_route=\/wp\/v2\/users\/1"}],"replies":[{"embeddable":true,"href":"https:\/\/musicole78.fr\/index.php?rest_route=%2Fwp%2Fv2%2Fcomments&post=4283"}],"version-history":[{"count":6,"href":"https:\/\/musicole78.fr\/index.php?rest_route=\/wp\/v2\/pages\/4283\/revisions"}],"predecessor-version":[{"id":23481,"href":"https:\/\/musicole78.fr\/index.php?rest_route=\/wp\/v2\/pages\/4283\/revisions\/23481"}],"wp:attachment":[{"href":"https:\/\/musicole78.fr\/index.php?rest_route=%2Fwp%2Fv2%2Fmedia&parent=4283"}],"curies":[{"name":"wp","href":"https:\/\/api.w.org\/{rel}","templated":true}]}}