{"id":5631,"date":"2017-05-25T11:42:43","date_gmt":"2017-05-25T10:42:43","guid":{"rendered":"http:\/\/musicole78.fr\/?page_id=5631"},"modified":"2023-01-28T14:25:13","modified_gmt":"2023-01-28T13:25:13","slug":"enregistrez-vos-maquettes","status":"publish","type":"page","link":"https:\/\/musicole78.fr\/?page_id=5631","title":{"rendered":"Enregistrez vos maquettes !"},"content":{"rendered":"<div class=\"wpb-content-wrapper\">[vc_row][vc_column][vc_btn title=\u00a0\u00bb(cliquez ici) Le Site de notre Studio\u00a0\u00bb shape=\u00a0\u00bbround\u00a0\u00bb color=\u00a0\u00bbwarning\u00a0\u00bb align=\u00a0\u00bbcenter\u00a0\u00bb css_animation=\u00a0\u00bbfadeInDown\u00a0\u00bb button_block=\u00a0\u00bbtrue\u00a0\u00bb link=\u00a0\u00bburl:https%3A%2F%2Fstudio.musicole78.fr||target:%20_blank|\u00a0\u00bb]<div class=\"true-contentbox tt_animate_none \"><div class=\"true-contentbox-title true-cb-title-cherry\"> <span>Notre Studio<\/span><\/div><div class=\"true-contentbox-content true-content-style-cherry\">\n<p style=\"text-align: center;\">CONTRASTE d\u00e9veloppe et met \u00e0 la disposition des musiciens un studio \u00e9quip\u00e9 :<\/p>\n<p style=\"text-align: center;\"><strong>R\u00e9gie 32 PISTES NUMERIQUE SOUS LOGIC PRO<\/strong><\/p>\n<p style=\"text-align: center;\"><strong>Batterie, amplis, claviers, micros, multi-effets, simulateurs.<br \/>\nEspace d\u00e9tente<\/strong><\/p>\n<div class=\"wa-comp wa-text wa-bg-gradient param[grad(rgba(0,0,0,0)) border(0 #969696)] \">\n<div>\n<p style=\"text-align: center;\"><strong>La prestation comprend une session d\u2019enregistrement, le mixage et le pr\u00e9-mastering. Le r\u00e9sultat fourni est un Master sur support CD Audio ou fichiers mp3..<\/strong><\/p>\n<\/div>\n<\/div>\n<\/div><\/div>[vc_separator color=\u00a0\u00bborange\u00a0\u00bb border_width=\u00a0\u00bb8&Prime;][\/vc_column][\/vc_row][vc_row][vc_column width=\u00a0\u00bb1\/2&Prime;]<div class=\"true-image-box-1 tt_animate_none  cDCZxOAw\"><div class=\"true-img-wrap\"><img loading=\"lazy\" decoding=\"async\" width=\"1024\" height=\"264\" src=\"https:\/\/musicole78.fr\/wp-content\/uploads\/2016\/11\/studio2-sepia-1024x264.jpg\" class=\"attachment-large size-large\" alt=\"\" srcset=\"https:\/\/musicole78.fr\/wp-content\/uploads\/2016\/11\/studio2-sepia-1024x264.jpg 1024w, https:\/\/musicole78.fr\/wp-content\/uploads\/2016\/11\/studio2-sepia-700x180.jpg 700w, https:\/\/musicole78.fr\/wp-content\/uploads\/2016\/11\/studio2-sepia-300x77.jpg 300w, https:\/\/musicole78.fr\/wp-content\/uploads\/2016\/11\/studio2-sepia-768x198.jpg 768w, https:\/\/musicole78.fr\/wp-content\/uploads\/2016\/11\/studio2-sepia-500x129.jpg 500w, https:\/\/musicole78.fr\/wp-content\/uploads\/2016\/11\/studio2-sepia-400x103.jpg 400w, https:\/\/musicole78.fr\/wp-content\/uploads\/2016\/11\/studio2-sepia.jpg 2048w\" sizes=\"auto, (max-width: 1024px) 100vw, 1024px\" \/><\/div><div class=\"true-text-wrap\"><div class=\"callout-heading-wrap true-montserrat\"><h4><\/h4><h3>Le Studio<\/h3><\/div><div class=\"callout-details-wrap\"><strong>Notre studio offre la possibilit\u00e9 d&rsquo;enregistrer s\u00e9par\u00e9ment ou en condition live.<\/strong><\/div><\/div><\/div>[vc_column_text]\n<div class=\"wa-comp wa-text wa-bg-gradient param[grad(rgba(0,0,0,0)) border(0 #969696)] \">\n<div>\n<div style=\"text-align: center;\" align=\"justify\">\n<div class=\"wa-comp wa-text wa-bg-gradient param[grad(rgba(0,0,0,0)) border(0 #969696)] \">\n<div>\n<div class=\"wa-comp wa-text wa-bg-gradient param[grad(60 2 82 2 #66ff00 #00cccc) border(0 #969696)] \">\n<blockquote>\n<div><\/div>\n<\/blockquote>\n<\/div>\n<\/div>\n<\/div>\n<\/div>\n<\/div>\n<\/div>\n<div class=\"wa-comp wa-text wa-bg-gradient param[grad(rgba(0,0,0,0)) border(0 #969696)] \">\n<div>\n<div align=\"center\"><\/div>\n<div align=\"center\">\n\n\t\t<style type=\"text\/css\">\n\t\t\t#gallery-1 {\n\t\t\t\tmargin: auto;\n\t\t\t}\n\t\t\t#gallery-1 .gallery-item {\n\t\t\t\tfloat: left;\n\t\t\t\tmargin-top: 10px;\n\t\t\t\ttext-align: center;\n\t\t\t\twidth: 25%;\n\t\t\t}\n\t\t\t#gallery-1 img {\n\t\t\t\tborder: 2px solid #cfcfcf;\n\t\t\t}\n\t\t\t#gallery-1 .gallery-caption {\n\t\t\t\tmargin-left: 0;\n\t\t\t}\n\t\t\t\/* see gallery_shortcode() in wp-includes\/media.php *\/\n\t\t<\/style>\n\t\t<div id='gallery-1' class='gallery galleryid-5631 gallery-columns-4 gallery-size-thumbnail'><dl class='gallery-item'>\n\t\t\t<dt class='gallery-icon landscape'>\n\t\t\t\t<img loading=\"lazy\" decoding=\"async\" width=\"150\" height=\"150\" src=\"https:\/\/musicole78.fr\/wp-content\/uploads\/2016\/11\/enregistrez-150x150.png\" class=\"attachment-thumbnail size-thumbnail\" alt=\"\" srcset=\"https:\/\/musicole78.fr\/wp-content\/uploads\/2016\/11\/enregistrez-150x150.png 150w, https:\/\/musicole78.fr\/wp-content\/uploads\/2016\/11\/enregistrez-100x100.png 100w, https:\/\/musicole78.fr\/wp-content\/uploads\/2016\/11\/enregistrez-71x71.png 71w, https:\/\/musicole78.fr\/wp-content\/uploads\/2016\/11\/enregistrez-36x36.png 36w, https:\/\/musicole78.fr\/wp-content\/uploads\/2016\/11\/enregistrez-200x200.png 200w\" sizes=\"auto, (max-width: 150px) 100vw, 150px\" \/>\n\t\t\t<\/dt><\/dl><dl class='gallery-item'>\n\t\t\t<dt class='gallery-icon landscape'>\n\t\t\t\t<img loading=\"lazy\" decoding=\"async\" width=\"150\" height=\"150\" src=\"https:\/\/musicole78.fr\/wp-content\/uploads\/2016\/11\/Mao1-150x150.jpg\" class=\"attachment-thumbnail size-thumbnail\" alt=\"\" srcset=\"https:\/\/musicole78.fr\/wp-content\/uploads\/2016\/11\/Mao1-150x150.jpg 150w, https:\/\/musicole78.fr\/wp-content\/uploads\/2016\/11\/Mao1-100x100.jpg 100w, https:\/\/musicole78.fr\/wp-content\/uploads\/2016\/11\/Mao1-71x71.jpg 71w, https:\/\/musicole78.fr\/wp-content\/uploads\/2016\/11\/Mao1-36x36.jpg 36w\" sizes=\"auto, (max-width: 150px) 100vw, 150px\" \/>\n\t\t\t<\/dt><\/dl><dl class='gallery-item'>\n\t\t\t<dt class='gallery-icon landscape'>\n\t\t\t\t<img loading=\"lazy\" decoding=\"async\" width=\"150\" height=\"150\" src=\"https:\/\/musicole78.fr\/wp-content\/uploads\/2017\/05\/casque-150x150.jpg\" class=\"attachment-thumbnail size-thumbnail\" alt=\"\" srcset=\"https:\/\/musicole78.fr\/wp-content\/uploads\/2017\/05\/casque-150x150.jpg 150w, https:\/\/musicole78.fr\/wp-content\/uploads\/2017\/05\/casque-100x100.jpg 100w, https:\/\/musicole78.fr\/wp-content\/uploads\/2017\/05\/casque-71x71.jpg 71w, https:\/\/musicole78.fr\/wp-content\/uploads\/2017\/05\/casque-36x36.jpg 36w, https:\/\/musicole78.fr\/wp-content\/uploads\/2017\/05\/casque-200x200.jpg 200w\" sizes=\"auto, (max-width: 150px) 100vw, 150px\" \/>\n\t\t\t<\/dt><\/dl><dl class='gallery-item'>\n\t\t\t<dt class='gallery-icon landscape'>\n\t\t\t\t<img loading=\"lazy\" decoding=\"async\" width=\"150\" height=\"150\" src=\"https:\/\/musicole78.fr\/wp-content\/uploads\/2017\/05\/Studio-2-150x150.png\" class=\"attachment-thumbnail size-thumbnail\" alt=\"\" srcset=\"https:\/\/musicole78.fr\/wp-content\/uploads\/2017\/05\/Studio-2-150x150.png 150w, https:\/\/musicole78.fr\/wp-content\/uploads\/2017\/05\/Studio-2-100x100.png 100w, https:\/\/musicole78.fr\/wp-content\/uploads\/2017\/05\/Studio-2-300x300.png 300w, https:\/\/musicole78.fr\/wp-content\/uploads\/2017\/05\/Studio-2-71x71.png 71w, https:\/\/musicole78.fr\/wp-content\/uploads\/2017\/05\/Studio-2-36x36.png 36w, https:\/\/musicole78.fr\/wp-content\/uploads\/2017\/05\/Studio-2-200x200.png 200w\" sizes=\"auto, (max-width: 150px) 100vw, 150px\" \/>\n\t\t\t<\/dt><\/dl><br style=\"clear: both\" \/><dl class='gallery-item'>\n\t\t\t<dt class='gallery-icon landscape'>\n\t\t\t\t<img loading=\"lazy\" decoding=\"async\" width=\"150\" height=\"145\" src=\"https:\/\/musicole78.fr\/wp-content\/uploads\/2017\/05\/Studio-3-150x145.png\" class=\"attachment-thumbnail size-thumbnail\" alt=\"\" srcset=\"https:\/\/musicole78.fr\/wp-content\/uploads\/2017\/05\/Studio-3.png 150w, https:\/\/musicole78.fr\/wp-content\/uploads\/2017\/05\/Studio-3-36x36.png 36w\" sizes=\"auto, (max-width: 150px) 100vw, 150px\" \/>\n\t\t\t<\/dt><\/dl><dl class='gallery-item'>\n\t\t\t<dt class='gallery-icon portrait'>\n\t\t\t\t<img loading=\"lazy\" decoding=\"async\" width=\"150\" height=\"150\" src=\"https:\/\/musicole78.fr\/wp-content\/uploads\/2017\/05\/Studio-4-150x150.png\" class=\"attachment-thumbnail size-thumbnail\" alt=\"\" srcset=\"https:\/\/musicole78.fr\/wp-content\/uploads\/2017\/05\/Studio-4-150x150.png 150w, https:\/\/musicole78.fr\/wp-content\/uploads\/2017\/05\/Studio-4-100x100.png 100w, https:\/\/musicole78.fr\/wp-content\/uploads\/2017\/05\/Studio-4-71x71.png 71w, https:\/\/musicole78.fr\/wp-content\/uploads\/2017\/05\/Studio-4-36x36.png 36w\" sizes=\"auto, (max-width: 150px) 100vw, 150px\" \/>\n\t\t\t<\/dt><\/dl><dl class='gallery-item'>\n\t\t\t<dt class='gallery-icon landscape'>\n\t\t\t\t<img loading=\"lazy\" decoding=\"async\" width=\"150\" height=\"150\" src=\"https:\/\/musicole78.fr\/wp-content\/uploads\/2016\/12\/Groupe4-150x150.jpg\" class=\"attachment-thumbnail size-thumbnail\" alt=\"\" srcset=\"https:\/\/musicole78.fr\/wp-content\/uploads\/2016\/12\/Groupe4-150x150.jpg 150w, https:\/\/musicole78.fr\/wp-content\/uploads\/2016\/12\/Groupe4-scaled-500x500.jpg 500w, https:\/\/musicole78.fr\/wp-content\/uploads\/2016\/12\/Groupe4-scaled-100x100.jpg 100w, https:\/\/musicole78.fr\/wp-content\/uploads\/2016\/12\/Groupe4-71x71.jpg 71w, https:\/\/musicole78.fr\/wp-content\/uploads\/2016\/12\/Groupe4-36x36.jpg 36w, https:\/\/musicole78.fr\/wp-content\/uploads\/2016\/12\/Groupe4-200x200.jpg 200w\" sizes=\"auto, (max-width: 150px) 100vw, 150px\" \/>\n\t\t\t<\/dt><\/dl><dl class='gallery-item'>\n\t\t\t<dt class='gallery-icon landscape'>\n\t\t\t\t<img loading=\"lazy\" decoding=\"async\" width=\"150\" height=\"150\" src=\"https:\/\/musicole78.fr\/wp-content\/uploads\/2016\/11\/Mao4-150x150.jpg\" class=\"attachment-thumbnail size-thumbnail\" alt=\"\" srcset=\"https:\/\/musicole78.fr\/wp-content\/uploads\/2016\/11\/Mao4-150x150.jpg 150w, https:\/\/musicole78.fr\/wp-content\/uploads\/2016\/11\/Mao4-100x100.jpg 100w, https:\/\/musicole78.fr\/wp-content\/uploads\/2016\/11\/Mao4-71x71.jpg 71w, https:\/\/musicole78.fr\/wp-content\/uploads\/2016\/11\/Mao4-36x36.jpg 36w\" sizes=\"auto, (max-width: 150px) 100vw, 150px\" \/>\n\t\t\t<\/dt><\/dl><br style=\"clear: both\" \/>\n\t\t<\/div>\n<\/div>\n<\/div>\n<\/div>\n[\/vc_column_text][\/vc_column][vc_column width=\u00a0\u00bb1\/2&Prime;]<div class=\"true-image-box-1 tt_animate_none  DREqAOZL\"><div class=\"true-img-wrap\"><img loading=\"lazy\" decoding=\"async\" width=\"311\" height=\"266\" src=\"https:\/\/musicole78.fr\/wp-content\/uploads\/2016\/11\/enregistrez.png\" class=\"attachment-large size-large\" alt=\"\" srcset=\"https:\/\/musicole78.fr\/wp-content\/uploads\/2016\/11\/enregistrez.png 311w, https:\/\/musicole78.fr\/wp-content\/uploads\/2016\/11\/enregistrez-300x257.png 300w\" sizes=\"auto, (max-width: 311px) 100vw, 311px\" \/><\/div><div class=\"true-text-wrap\"><div class=\"callout-heading-wrap true-montserrat\"><h4><\/h4><h3>L'Enregistrement<\/h3><\/div><div class=\"callout-details-wrap\"><strong>Les op\u00e9rations d&rsquo;enregistrement et mixage sont g\u00e9r\u00e9es et assur\u00e9es par un ing\u00e9nieur du son qui vous assistera et vous conseillera pendant les sessions<\/strong><\/div><\/div><\/div>[\/vc_column][\/vc_row][vc_row][vc_column][vc_separator color=\u00a0\u00bborange\u00a0\u00bb border_width=\u00a0\u00bb8&Prime;]<div class=\"true-pricing-column tt_animate_none true-pricing-style-1 \"><div class=\"true-pricing-top true-cb-title-limegreen\">\n\t<p class=\"true-pricing-plan\">A partir de<\/p>\n\t<p class=\"true-pricing-price\"><sup>\u20ac<\/sup>80<\/p>\n\t<p class=\"true-pricing-term\"><\/p>\n\t<\/div><hr \/>\n\t<a href=\"https:\/\/studio.musicole78.fr\" class=\"small_button small_orange ka_button\" target=\"\" title=\"\">Je r\u00e9serve !<\/a><\/div>[vc_separator color=\u00a0\u00bborange\u00a0\u00bb border_width=\u00a0\u00bb8&Prime;][vc_column_text]\n<h3 style=\"text-align: center;\">Quelques enregistrements&#8230;<\/h3>\n[\/vc_column_text][vc_column_text css_animation=\u00a0\u00bbbounceIn\u00a0\u00bb]\n<div class=\"wp-playlist wp-audio-playlist wp-playlist-light\">\n\t\t\t<div class=\"wp-playlist-current-item\"><\/div>\n\t\t<audio controls=\"controls\" preload=\"none\" width=\"640\"\n\t\t\t><\/audio>\n\t<div class=\"wp-playlist-next\"><\/div>\n\t<div class=\"wp-playlist-prev\"><\/div>\n\t<noscript>\n\t<ol>\n\t\t<li><a href='https:\/\/musicole78.fr\/wp-content\/uploads\/2018\/07\/Waste-my-time_mst_2-1.mp3'>Waste my time_mst_2-1<\/a><\/li><li><a href='https:\/\/musicole78.fr\/wp-content\/uploads\/2018\/07\/Hymne-\u00d6-lamour_mst_1.mp3'>Hymne \u00e0 l'amour_mst_1<\/a><\/li><li><a href='https:\/\/musicole78.fr\/wp-content\/uploads\/2018\/07\/Take-it-all_mst_2.mp3'>Take it all_mst_2<\/a><\/li><li><a href='https:\/\/musicole78.fr\/wp-content\/uploads\/2018\/07\/I-saved-the-world-today_mst_1.mp3'>I saved the world today_mst_1<\/a><\/li><li><a href='https:\/\/musicole78.fr\/wp-content\/uploads\/2018\/07\/La-maladie-damour_mst_1.mp3'>La maladie d'amour_mst_1<\/a><\/li><li><a href='https:\/\/musicole78.fr\/wp-content\/uploads\/2018\/07\/Veiller-tard_mst-1-1.mp3'>Veiller tard_mst-1-1<\/a><\/li><li><a href='https:\/\/musicole78.fr\/wp-content\/uploads\/2018\/07\/All-of-me_mst_1.mp3'>All of me_mst_1<\/a><\/li><li><a href='https:\/\/musicole78.fr\/wp-content\/uploads\/2018\/07\/In-Bloom_mst_1.mp3'>In Bloom_mst_1<\/a><\/li><li><a href='https:\/\/musicole78.fr\/wp-content\/uploads\/2018\/07\/Les-yeux-de-la-mama_mst_1-1.mp3'>Les yeux de la mama_mst_1-1<\/a><\/li><li><a href='https:\/\/musicole78.fr\/wp-content\/uploads\/2018\/07\/Like-Stone_mst_v2.mp3'>Like Stone_mst_v2<\/a><\/li><li><a href='https:\/\/musicole78.fr\/wp-content\/uploads\/2018\/07\/Pr\u00c7lude-de-Bach_mst_1.mp3'>Pr\u00e9lude de Bach_mst_1<\/a><\/li>\t<\/ol>\n\t<\/noscript>\n\t<script type=\"application\/json\" class=\"wp-playlist-script\">{\"type\":\"audio\",\"tracklist\":true,\"tracknumbers\":true,\"images\":true,\"artists\":true,\"tracks\":[{\"src\":\"https:\/\/musicole78.fr\/wp-content\/uploads\/2018\/07\/Waste-my-time_mst_2-1.mp3\",\"type\":\"audio\/mpeg\",\"title\":\"Waste my time_mst_2-1\",\"caption\":\"\",\"description\":\"\\u003Ci\\u003EWaste my time_mst_2-1\\u003C\/i\\u003E.\",\"meta\":{\"artist\":\"Yann, St\\u00e9phanie, Morgane, Gr\\u00e9gory\",\"length_formatted\":\"3:37\"},\"image\":{\"src\":\"https:\/\/musicole78.fr\/wp-includes\/images\/media\/audio.svg\",\"width\":48,\"height\":64},\"thumb\":{\"src\":\"https:\/\/musicole78.fr\/wp-includes\/images\/media\/audio.svg\",\"width\":48,\"height\":64}},{\"src\":\"https:\/\/musicole78.fr\/wp-content\/uploads\/2018\/07\/Hymne-\\u00d6-lamour_mst_1.mp3\",\"type\":\"audio\/mpeg\",\"title\":\"Hymne \\u00e0 l'amour_mst_1\",\"caption\":\"\",\"description\":\"\\u003Ci\\u003EHymne \\u00e0 l'amour_mst_1\\u003C\/i\\u003E.\",\"meta\":{\"artist\":\"L\\u00e9a\",\"length_formatted\":\"3:12\"},\"image\":{\"src\":\"https:\/\/musicole78.fr\/wp-includes\/images\/media\/audio.svg\",\"width\":48,\"height\":64},\"thumb\":{\"src\":\"https:\/\/musicole78.fr\/wp-includes\/images\/media\/audio.svg\",\"width\":48,\"height\":64}},{\"src\":\"https:\/\/musicole78.fr\/wp-content\/uploads\/2018\/07\/Take-it-all_mst_2.mp3\",\"type\":\"audio\/mpeg\",\"title\":\"Take it all_mst_2\",\"caption\":\"\",\"description\":\"\\u003Ci\\u003ETake it all_mst_2\\u003C\/i\\u003E.\",\"meta\":{\"artist\":\"Emmanuelle\",\"length_formatted\":\"3:37\"},\"image\":{\"src\":\"https:\/\/musicole78.fr\/wp-includes\/images\/media\/audio.svg\",\"width\":48,\"height\":64},\"thumb\":{\"src\":\"https:\/\/musicole78.fr\/wp-includes\/images\/media\/audio.svg\",\"width\":48,\"height\":64}},{\"src\":\"https:\/\/musicole78.fr\/wp-content\/uploads\/2018\/07\/I-saved-the-world-today_mst_1.mp3\",\"type\":\"audio\/mpeg\",\"title\":\"I saved the world today_mst_1\",\"caption\":\"\",\"description\":\"\\u003Ci\\u003EI saved the world today_mst_1\\u003C\/i\\u003E.\",\"meta\":{\"artist\":\"Catherine\",\"length_formatted\":\"4:02\"},\"image\":{\"src\":\"https:\/\/musicole78.fr\/wp-includes\/images\/media\/audio.svg\",\"width\":48,\"height\":64},\"thumb\":{\"src\":\"https:\/\/musicole78.fr\/wp-includes\/images\/media\/audio.svg\",\"width\":48,\"height\":64}},{\"src\":\"https:\/\/musicole78.fr\/wp-content\/uploads\/2018\/07\/La-maladie-damour_mst_1.mp3\",\"type\":\"audio\/mpeg\",\"title\":\"La maladie d'amour_mst_1\",\"caption\":\"\",\"description\":\"\\u003Ci\\u003ELa maladie d'amour_mst_1\\u003C\/i\\u003E.\",\"meta\":{\"artist\":\"Chlo\\u00e9\",\"length_formatted\":\"3:05\"},\"image\":{\"src\":\"https:\/\/musicole78.fr\/wp-includes\/images\/media\/audio.svg\",\"width\":48,\"height\":64},\"thumb\":{\"src\":\"https:\/\/musicole78.fr\/wp-includes\/images\/media\/audio.svg\",\"width\":48,\"height\":64}},{\"src\":\"https:\/\/musicole78.fr\/wp-content\/uploads\/2018\/07\/Veiller-tard_mst-1-1.mp3\",\"type\":\"audio\/mpeg\",\"title\":\"Veiller tard_mst-1-1\",\"caption\":\"\",\"description\":\"\\u003Ci\\u003EVeiller tard_mst-1-1\\u003C\/i\\u003E.\",\"meta\":{\"artist\":\"Armelle, Carine, Emmanuelle\",\"length_formatted\":\"3:31\"},\"image\":{\"src\":\"https:\/\/musicole78.fr\/wp-includes\/images\/media\/audio.svg\",\"width\":48,\"height\":64},\"thumb\":{\"src\":\"https:\/\/musicole78.fr\/wp-includes\/images\/media\/audio.svg\",\"width\":48,\"height\":64}},{\"src\":\"https:\/\/musicole78.fr\/wp-content\/uploads\/2018\/07\/All-of-me_mst_1.mp3\",\"type\":\"audio\/mpeg\",\"title\":\"All of me_mst_1\",\"caption\":\"\",\"description\":\"\\u003Ci\\u003EAll of me_mst_1\\u003C\/i\\u003E.\",\"meta\":{\"artist\":\"Mara\",\"length_formatted\":\"4:31\"},\"image\":{\"src\":\"https:\/\/musicole78.fr\/wp-includes\/images\/media\/audio.svg\",\"width\":48,\"height\":64},\"thumb\":{\"src\":\"https:\/\/musicole78.fr\/wp-includes\/images\/media\/audio.svg\",\"width\":48,\"height\":64}},{\"src\":\"https:\/\/musicole78.fr\/wp-content\/uploads\/2018\/07\/In-Bloom_mst_1.mp3\",\"type\":\"audio\/mpeg\",\"title\":\"In Bloom_mst_1\",\"caption\":\"\",\"description\":\"\\u003Ci\\u003EIn Bloom_mst_1\\u003C\/i\\u003E.\",\"meta\":{\"artist\":\"R\\u00e9mi, Nathan, Hedy, Morgane, Fanny\",\"length_formatted\":\"4:31\"},\"image\":{\"src\":\"https:\/\/musicole78.fr\/wp-includes\/images\/media\/audio.svg\",\"width\":48,\"height\":64},\"thumb\":{\"src\":\"https:\/\/musicole78.fr\/wp-includes\/images\/media\/audio.svg\",\"width\":48,\"height\":64}},{\"src\":\"https:\/\/musicole78.fr\/wp-content\/uploads\/2018\/07\/Les-yeux-de-la-mama_mst_1-1.mp3\",\"type\":\"audio\/mpeg\",\"title\":\"Les yeux de la mama_mst_1-1\",\"caption\":\"\",\"description\":\"\\u003Ci\\u003ELes yeux de la mama_mst_1-1\\u003C\/i\\u003E.\",\"meta\":{\"artist\":\"Armelle\",\"length_formatted\":\"3:20\"},\"image\":{\"src\":\"https:\/\/musicole78.fr\/wp-includes\/images\/media\/audio.svg\",\"width\":48,\"height\":64},\"thumb\":{\"src\":\"https:\/\/musicole78.fr\/wp-includes\/images\/media\/audio.svg\",\"width\":48,\"height\":64}},{\"src\":\"https:\/\/musicole78.fr\/wp-content\/uploads\/2018\/07\/Like-Stone_mst_v2.mp3\",\"type\":\"audio\/mpeg\",\"title\":\"Like Stone_mst_v2\",\"caption\":\"\",\"description\":\"\\u003Ci\\u003ELike Stone_mst_v2\\u003C\/i\\u003E.\",\"meta\":{\"artist\":\"Thibault, Laurent, Alain, Aur\\u00e9lie, Corentin, Antoine\",\"length_formatted\":\"5:00\"},\"image\":{\"src\":\"https:\/\/musicole78.fr\/wp-includes\/images\/media\/audio.svg\",\"width\":48,\"height\":64},\"thumb\":{\"src\":\"https:\/\/musicole78.fr\/wp-includes\/images\/media\/audio.svg\",\"width\":48,\"height\":64}},{\"src\":\"https:\/\/musicole78.fr\/wp-content\/uploads\/2018\/07\/Pr\\u00c7lude-de-Bach_mst_1.mp3\",\"type\":\"audio\/mpeg\",\"title\":\"Pr\\u00e9lude de Bach_mst_1\",\"caption\":\"\",\"description\":\"\\u003Ci\\u003EPr\\u00e9lude de Bach_mst_1\\u003C\/i\\u003E.\",\"meta\":{\"artist\":\"Catherine\",\"length_formatted\":\"4:52\"},\"image\":{\"src\":\"https:\/\/musicole78.fr\/wp-includes\/images\/media\/audio.svg\",\"width\":48,\"height\":64},\"thumb\":{\"src\":\"https:\/\/musicole78.fr\/wp-includes\/images\/media\/audio.svg\",\"width\":48,\"height\":64}}]}<\/script>\n<\/div>\n\t\n[\/vc_column_text][\/vc_column][\/vc_row]\n<\/div>","protected":false},"excerpt":{"rendered":"<p>[vc_row][vc_column][vc_btn title=\u00a0\u00bb(cliquez ici) Le Site de notre Studio\u00a0\u00bb shape=\u00a0\u00bbround\u00a0\u00bb color=\u00a0\u00bbwarning\u00a0\u00bb align=\u00a0\u00bbcenter\u00a0\u00bb css_animation=\u00a0\u00bbfadeInDown\u00a0\u00bb button_block=\u00a0\u00bbtrue\u00a0\u00bb link=\u00a0\u00bburl:https%3A%2F%2Fstudio.musicole78.fr||target:%20_blank|\u00a0\u00bb][vc_separator color=\u00a0\u00bborange\u00a0\u00bb border_width=\u00a0\u00bb8&Prime;][\/vc_column][\/vc_row][vc_row][vc_column width=\u00a0\u00bb1\/2&Prime;][vc_column_text]<\/p>\n<p>\n[\/vc_column_text][\/vc_column][vc_column width=\u00a0\u00bb1\/2&Prime;][\/vc_column][\/vc_row][vc_row][vc_column][vc_separator color=\u00a0\u00bborange\u00a0\u00bb border_width=\u00a0\u00bb8&Prime;][vc_separator color=\u00a0\u00bborange\u00a0\u00bb border_width=\u00a0\u00bb8&Prime;][vc_column_text]<br \/>\nQuelques enregistrements&#8230;<br \/>\n[\/vc_column_text][vc_column_text css_animation=\u00a0\u00bbbounceIn\u00a0\u00bb]<\/p>\n<p>[\/vc_column_text][\/vc_column][\/vc_row]<\/p>\n","protected":false},"author":1,"featured_media":0,"parent":0,"menu_order":2,"comment_status":"closed","ping_status":"closed","template":"template-full-width.php","meta":{"_acf_changed":false,"_bbp_topic_count":0,"_bbp_reply_count":0,"_bbp_total_topic_count":0,"_bbp_total_reply_count":0,"_bbp_voice_count":0,"_bbp_anonymous_reply_count":0,"_bbp_topic_count_hidden":0,"_bbp_reply_count_hidden":0,"_bbp_forum_subforum_count":0,"footnotes":""},"class_list":["post-5631","page","type-page","status-publish","hentry"],"acf":[],"aioseo_notices":[],"_links":{"self":[{"href":"https:\/\/musicole78.fr\/index.php?rest_route=\/wp\/v2\/pages\/5631","targetHints":{"allow":["GET"]}}],"collection":[{"href":"https:\/\/musicole78.fr\/index.php?rest_route=\/wp\/v2\/pages"}],"about":[{"href":"https:\/\/musicole78.fr\/index.php?rest_route=\/wp\/v2\/types\/page"}],"author":[{"embeddable":true,"href":"https:\/\/musicole78.fr\/index.php?rest_route=\/wp\/v2\/users\/1"}],"replies":[{"embeddable":true,"href":"https:\/\/musicole78.fr\/index.php?rest_route=%2Fwp%2Fv2%2Fcomments&post=5631"}],"version-history":[{"count":0,"href":"https:\/\/musicole78.fr\/index.php?rest_route=\/wp\/v2\/pages\/5631\/revisions"}],"wp:attachment":[{"href":"https:\/\/musicole78.fr\/index.php?rest_route=%2Fwp%2Fv2%2Fmedia&parent=5631"}],"curies":[{"name":"wp","href":"https:\/\/api.w.org\/{rel}","templated":true}]}}