{"id":663,"date":"2016-04-18T13:09:03","date_gmt":"2016-04-18T12:09:03","guid":{"rendered":"http:\/\/musicole78.fr\/?page_id=663"},"modified":"2024-08-27T10:13:37","modified_gmt":"2024-08-27T09:13:37","slug":"conditions-dinscription","status":"publish","type":"page","link":"https:\/\/musicole78.fr\/?page_id=663","title":{"rendered":"Conditions d&rsquo;inscription"},"content":{"rendered":"<div class=\"wpb-content-wrapper\">[vc_row][vc_column][vc_column_text]\n<h1 style=\"text-align: center;\">Conditions d&rsquo;inscription<\/h1>\n<p style=\"text-align: center;\">Inscription toute l&rsquo;ann\u00e9e<\/p>\n[\/vc_column_text][\/vc_column][\/vc_row][vc_row][vc_column][vc_column_text css=\u00a0\u00bb\u00a0\u00bb]\n<h3 style=\"text-align: center;\" align=\"left\">Chaque \u00e9l\u00e8ve doit fournir :<\/h3>\n<div style=\"text-align: left;\" align=\"left\"><\/div>\n<div class=\"wa-comp wa-text wa-bg-gradient param[grad(rgba(255,255,0,0)) border(0 #969696)] \">\n<ul>\n<li>La cotisation de ses cours lors de l\u2019inscription sous forme de un ou plusieurs ch\u00e8ques <a href=\"https:\/\/musicole78.fr\/?page_id=22134\">(voir paiement \u00e9chelonn\u00e9 sans frais).<\/a><br \/>\n<h4><strong>\u00a0<\/strong><strong>Tous les ch\u00e8ques doivent \u00eatre remis au moment de l\u2019inscription ou avant la reprise des cours par voie postale \u00e0 Contraste inscription 25 rue Lamartine 78190 Trappes<\/strong>.<\/h4>\n<\/li>\n<li>Les encaissements seront effectu\u00e9s fin septembre, fin octobre, fin novembre, fin d\u00e9cembre et fin janvier.<\/li>\n<\/ul>\n<p style=\"text-align: center;\"><strong>Tous les dossiers incomplets ne seront pas pris en compte<\/strong>.<\/p>\n<div class=\"waCSStext35woiglp6tocw3\">\n<div style=\"text-align: left;\" align=\"left\">Les cours de musique, sont des aventures qui se vivent collectivement.<\/div>\n<div style=\"text-align: left;\" align=\"left\">\n<div class=\"wa-comp wa-text wa-bg-gradient param[grad(rgba(255,255,0,0)) border(0 #969696)] \">\n<div>\n<div style=\"text-align: left;\" align=\"left\">L\u2019absence ou le comportement d\u2019un seul \u00e9l\u00e8ve peut donc g\u00e2cher le travail de tout un groupe.<\/div>\n<div align=\"left\">C\u2019est pourquoi nous demandons \u00e0 chacun de nos \u00e9l\u00e8ves de s\u2019engager \u00e0 :<\/div>\n<ul>\n<li>Etre pr\u00e9sent et ponctuel, chaque semaine et durant toute la saison, pour son atelier<\/li>\n<li>Pr\u00e9venir au pr\u00e9alable de chaque absence exceptionnelle,<\/li>\n<li>Participer \u00e0 une journ\u00e9e de r\u00e9p\u00e9tition suppl\u00e9mentaire, si n\u00e9cessaire,<\/li>\n<li>Participer aux spectacles de fin d\u2019ann\u00e9e dont nous vous donnerons les dates d\u00e8s que possible,<\/li>\n<li>Faire confiance \u00e0 son professeur et suivre ses instructions.<\/li>\n<\/ul>\n<\/div>\n<\/div>\n<\/div>\n<p align=\"left\">\u00a0Nous vous signalons par ailleurs que les inscriptions sont enregistr\u00e9es dans l\u2019ordre d\u2019arriv\u00e9e et que nous limiterons le nombre d\u2019\u00e9l\u00e8ves dans chaque atelier afin de garantir la qualit\u00e9 du travail qui y est effectu\u00e9. Nous vous conseillons donc de <strong><a href=\"https:\/\/musicole78.fr\/?page_id=659\">r\u00e9server votre place au plus vite<\/a><\/strong> en renvoyant votre bulletin d\u2019inscription.<\/p>\n<\/div>\n<\/div>\n<p>Attention : nous vous rappelons que toute ann\u00e9e commenc\u00e9e est due en entier.<\/p>\n<div class=\"wa-comp wa-text wa-bg-gradient param[grad(#ffffff) border(0 #969696)] \">\n<div>\n<div align=\"left\">Contraste prend en effet des engagements financiers \u00e0 l\u2019ann\u00e9e, calcul\u00e9s en fonction du nombre d\u2019\u00e9l\u00e8ves inscrits en d\u00e9but de saison. Pour cette raison, aucun r\u00e8glement per\u00e7u par Contraste ne pourra \u00eatre rembours\u00e9.<\/div>\n<\/div>\n<\/div>\n<div class=\"wa-button-link wa-comp param[bord(rgba(68,0,68,0)) inner_bord(rgba(122,0,122,0)) bg(rgba(102,0,102,0) rgba(102,0,102,0)) txt(#ffff00) u(1) bg_img() img() ]\"><\/div>\n<div class=\"wa-comp\"><\/div>\n[\/vc_column_text][vc_btn title=\u00a0\u00bbJe m&rsquo;inscris\u00a0\u00bb shape=\u00a0\u00bbround\u00a0\u00bb color=\u00a0\u00bbwarning\u00a0\u00bb align=\u00a0\u00bbcenter\u00a0\u00bb i_icon_fontawesome=\u00a0\u00bbfa fa-wpforms\u00a0\u00bb add_icon=\u00a0\u00bbtrue\u00a0\u00bb link=\u00a0\u00bburl:https%3A%2F%2Fmusicole78.fr%2F%3Fpage_id%3D659|||\u00a0\u00bb][\/vc_column][\/vc_row]\n<\/div>","protected":false},"excerpt":{"rendered":"<p>[vc_row][vc_column][vc_column_text]<br \/>\nConditions d&rsquo;inscription<br \/>\nInscription toute l&rsquo;ann\u00e9e<br \/>\n[\/vc_column_text][\/vc_column][\/vc_row][vc_row][vc_column][vc_column_text css=\u00a0\u00bb\u00a0\u00bb]<br \/>\nChaque \u00e9l\u00e8ve doit fournir :<\/p>\n<p>La cotisation de ses cours lors de l\u2019inscription sous forme de un ou plusieurs ch\u00e8ques (voir paiement \u00e9chelonn\u00e9 sans frais).<br \/>\n\u00a0Tous les ch\u00e8ques doivent \u00eatre remis au moment de l\u2019inscription ou avant la reprise des cours par voie postale \u00e0 Contraste inscription 25 rue Lamartine 78190 Trappes.<\/p>\n<p>Les encaissements seront effectu\u00e9s fin septembre, fin octobre, fin novembre, fin d\u00e9cembre et fin janvier.<br \/>\n<br ...\n<\/p>\n","protected":false},"author":1,"featured_media":0,"parent":0,"menu_order":0,"comment_status":"closed","ping_status":"closed","template":"template-full-width.php","meta":{"_acf_changed":false,"_bbp_topic_count":0,"_bbp_reply_count":0,"_bbp_total_topic_count":0,"_bbp_total_reply_count":0,"_bbp_voice_count":0,"_bbp_anonymous_reply_count":0,"_bbp_topic_count_hidden":0,"_bbp_reply_count_hidden":0,"_bbp_forum_subforum_count":0,"footnotes":""},"class_list":["post-663","page","type-page","status-publish","hentry"],"acf":[],"aioseo_notices":[],"_links":{"self":[{"href":"https:\/\/musicole78.fr\/index.php?rest_route=\/wp\/v2\/pages\/663","targetHints":{"allow":["GET"]}}],"collection":[{"href":"https:\/\/musicole78.fr\/index.php?rest_route=\/wp\/v2\/pages"}],"about":[{"href":"https:\/\/musicole78.fr\/index.php?rest_route=\/wp\/v2\/types\/page"}],"author":[{"embeddable":true,"href":"https:\/\/musicole78.fr\/index.php?rest_route=\/wp\/v2\/users\/1"}],"replies":[{"embeddable":true,"href":"https:\/\/musicole78.fr\/index.php?rest_route=%2Fwp%2Fv2%2Fcomments&post=663"}],"version-history":[{"count":3,"href":"https:\/\/musicole78.fr\/index.php?rest_route=\/wp\/v2\/pages\/663\/revisions"}],"predecessor-version":[{"id":23102,"href":"https:\/\/musicole78.fr\/index.php?rest_route=\/wp\/v2\/pages\/663\/revisions\/23102"}],"wp:attachment":[{"href":"https:\/\/musicole78.fr\/index.php?rest_route=%2Fwp%2Fv2%2Fmedia&parent=663"}],"curies":[{"name":"wp","href":"https:\/\/api.w.org\/{rel}","templated":true}]}}