{"id":7903,"date":"2019-03-26T22:51:45","date_gmt":"2019-03-26T21:51:45","guid":{"rendered":"http:\/\/musicole78.fr\/?page_id=7903"},"modified":"2024-04-26T11:53:51","modified_gmt":"2024-04-26T10:53:51","slug":"formulaire-benevole","status":"publish","type":"page","link":"https:\/\/musicole78.fr\/?page_id=7903","title":{"rendered":"Devenir B\u00e9n\u00e9vole"},"content":{"rendered":"<div class=\"wpb-content-wrapper\">[vc_row][vc_column]<div class=\"true-image-box-1 tt_animate_none  CTiHkYHd\"><div class=\"true-img-wrap\"><\/div><div class=\"true-text-wrap\"><div class=\"callout-heading-wrap true-montserrat\"><h4><\/h4><h3>Devenir B\u00e9n\u00e9vole<\/h3><\/div><div class=\"callout-details-wrap\">\n<p style=\"text-align: center;\"><img loading=\"lazy\" decoding=\"async\" class=\"wp-image-3220 alignleft\" src=\"http:\/\/musicole78.fr\/wp-content\/uploads\/2016\/12\/benevole.jpg\" alt=\"\" width=\"68\" height=\"68\" srcset=\"https:\/\/musicole78.fr\/wp-content\/uploads\/2016\/12\/benevole.jpg 192w, https:\/\/musicole78.fr\/wp-content\/uploads\/2016\/12\/benevole-100x100.jpg 100w, https:\/\/musicole78.fr\/wp-content\/uploads\/2016\/12\/benevole-150x150.jpg 150w, https:\/\/musicole78.fr\/wp-content\/uploads\/2016\/12\/benevole-71x71.jpg 71w, https:\/\/musicole78.fr\/wp-content\/uploads\/2016\/12\/benevole-36x36.jpg 36w\" sizes=\"auto, (max-width: 68px) 100vw, 68px\" \/><\/p>\n<p style=\"text-align: left;\">Contraste Music\u2019Ole organise diff\u00e9rents \u00e9v\u00e9nements au cours de l\u2019ann\u00e9e et rien de tout cela ne serait possible sans l\u2019aide pr\u00e9cieuse des b\u00e9n\u00e9voles.<br \/>\nCes derniers \u00e9voluent sur\u00a0<strong>diff\u00e9rents postes<\/strong>\u00a0allant du montage d\u2019un plateau live (<strong>son, lumi\u00e8re, installation \u00e9lectrique<\/strong>\u2026) jusqu\u2019\u00e0 l\u2019<strong>accueil des artistes<\/strong>\u00a0en passant par la\u00a0<strong>gestion des entr\u00e9es<\/strong>, la\u00a0<strong>gestion du bar,\u00a0<\/strong>la<strong>\u00a0photographie,\u00a0<\/strong>la<strong>\u00a0vid\u00e9o\u00a0<\/strong>etc\u2026 Le tout dans la bonne humeur et la convivialit\u00e9.<\/p>\n<p style=\"text-align: center;\"><div class=\"frm_forms  with_frm_style frm_style_style-formidable\" id=\"frm_form_12_container\">\n<form enctype=\"multipart\/form-data\" method=\"post\" class=\"frm-show-form \" id=\"form_61cqj2\">\n<div class=\"frm_form_fields \">\n<fieldset>\n<legend class=\"frm_hidden\">Devenir B\u00e9n\u00e9vole<\/legend>\r\n\r\n<div class=\"frm_fields_container\">\n<input type=\"hidden\" name=\"frm_action\" value=\"create\" \/>\n<input type=\"hidden\" name=\"form_id\" value=\"12\" \/>\n<input type=\"hidden\" name=\"frm_hide_fields_12\" id=\"frm_hide_fields_12\" value=\"\" \/>\n<input type=\"hidden\" name=\"form_key\" value=\"61cqj2\" \/>\n<input type=\"hidden\" name=\"item_meta[0]\" value=\"\" \/>\n<input type=\"hidden\" id=\"frm_submit_entry_12\" name=\"frm_submit_entry_12\" value=\"4b475d4a7d\" \/><input type=\"hidden\" name=\"_wp_http_referer\" value=\"\/index.php?rest_route=%2Fwp%2Fv2%2Fpages%2F7903\" \/><div id=\"frm_field_181_container\" class=\"frm_form_field form-field  frm_required_field frm_top_container frm_first frm_half\">\r\n    <label for=\"field_3sme32\" class=\"frm_primary_label\">Votre Nom\r\n        <span class=\"frm_required\">*<\/span>\r\n    <\/label>\r\n    <input type=\"text\" id=\"field_3sme32\" name=\"item_meta[181]\" value=\"\"  data-reqmsg=\"Ce champ ne peut pas \u00eatre vide\" aria-required=\"true\" data-invmsg=\"Votre Nom est non valide\" aria-invalid=\"false\"  \/>\r\n    \r\n    \r\n<\/div>\n<div id=\"frm_field_182_container\" class=\"frm_form_field form-field  frm_required_field frm_top_container frm_half\">\r\n    <label for=\"field_sglx82\" class=\"frm_primary_label\">Votre Pr\u00e9nom\r\n        <span class=\"frm_required\">*<\/span>\r\n    <\/label>\r\n    <input type=\"text\" id=\"field_sglx82\" name=\"item_meta[182]\" value=\"\"  data-reqmsg=\"Ce champ ne peut pas \u00eatre vide\" aria-required=\"true\" data-invmsg=\"Votre Pr\u00e9nom est non valide\" aria-invalid=\"false\"  \/>\r\n    \r\n    \r\n<\/div>\n<div id=\"frm_field_183_container\" class=\"frm_form_field form-field  frm_required_field frm_top_container\">\n    <label for=\"field_vk2252\" id=\"field_vk2252_label\" class=\"frm_primary_label\">Code postal\/Ville\n        <span class=\"frm_required\">*<\/span>\n    <\/label>\n    <input type=\"text\" id=\"field_vk2252\" name=\"item_meta[183]\" value=\"\"  data-reqmsg=\"Ce champ ne peut pas \u00eatre vide\" aria-required=\"true\" data-invmsg=\"texte est non valide\" aria-invalid=\"false\"  \/>\n    \n    \n<\/div>\n<div id=\"frm_field_184_container\" class=\"frm_form_field form-field  frm_required_field frm_top_container\">\r\n    <label for=\"field_y1sbh2\" class=\"frm_primary_label\">Votre Adresse e-mail\r\n        <span class=\"frm_required\">*<\/span>\r\n    <\/label>\r\n    <input type=\"email\" id=\"field_y1sbh2\" name=\"item_meta[184]\" value=\"\"  data-reqmsg=\"Ce champ ne peut pas \u00eatre vide\" aria-required=\"true\" data-invmsg=\"Votre Adresse e-mail est non valide\" aria-invalid=\"false\"  \/>\r\n    \r\n    \r\n<\/div>\n<div id=\"frm_field_185_container\" class=\"frm_form_field form-field  frm_required_field frm_top_container\">\n    <label for=\"field_17a3y2\" class=\"frm_primary_label\">Votre t\u00e9l\u00e9phone\n        <span class=\"frm_required\">*<\/span>\n    <\/label>\n    <input type=\"text\" id=\"field_17a3y2\" name=\"item_meta[185]\" value=\"\"  data-reqmsg=\"Ce champ ne peut pas \u00eatre vide\" aria-required=\"true\" data-invmsg=\"Votre t\u00e9l\u00e9phone est non valide\" aria-invalid=\"false\"  \/>\n    \n    \n<\/div>\n<div id=\"frm_field_186_container\" class=\"frm_form_field form-field  frm_required_field frm_top_container\">\r\n    <label for=\"field_hjiug2\" class=\"frm_primary_label\">Votre Message\r\n        <span class=\"frm_required\">*<\/span>\r\n    <\/label>\r\n    <textarea name=\"item_meta[186]\" id=\"field_hjiug2\" rows=\"5\"  placeholder=\"Vos comp\u00e9tences, votre disponibilit\u00e9, ...\" data-reqmsg=\"Ce champ ne peut pas \u00eatre vide\" aria-required=\"true\" data-invmsg=\"Votre Message est non valide\" aria-invalid=\"false\"><\/textarea>\r\n    \r\n    \r\n<\/div>\n<div id=\"frm_field_192_container\" class=\"frm_form_field form-field  frm_none_container\">\n    <label for=\"g-recaptcha-response\" id=\"field_ozchx_label\" class=\"frm_primary_label\">reCAPTCHA\n        <span class=\"frm_required\" aria-hidden=\"true\"><\/span>\n    <\/label>\n    <div  id=\"field_ozchx\" class=\"frm-g-recaptcha\" data-sitekey=\"6LceVhAUAAAAAArfLEdJcVq7LkbeLUToni3nC10N\" data-size=\"normal\" data-theme=\"light\"><\/div>\n    \n    \n<\/div>\n<div id=\"frm_field_255_container\" class=\"frm_form_field form-field \">\n\t<div class=\"frm_submit\">\r\n\r\n<input type=\"submit\" value=\"Envoyer\"  \/>\r\n<img decoding=\"async\" class=\"frm_ajax_loading\" src=\"https:\/\/musicole78.fr\/wp-content\/plugins\/formidable\/images\/ajax_loader.gif\" alt=\"Envoi\"\/>\r\n\r\n<\/div>\n<\/div>\n\t<input type=\"hidden\" name=\"item_key\" value=\"\" \/>\n\t\t\t<div id=\"frm_field_263_container\">\n\t\t\t<label for=\"field_xxmw7\">\n\t\t\t\tSi vous \u00eates un humain, ne remplissez pas ce champ.\t\t\t<\/label>\n\t\t\t<input id=\"field_xxmw7\" type=\"text\" class=\"frm_form_field form-field frm_verify\" name=\"item_meta[263]\" value=\"\"  \/>\n\t\t<\/div>\n\t\t<input name=\"frm_state\" type=\"hidden\" value=\"9\/GYUn9Jhoh9VEcPVC2bOUbJVxiFuX559\/k3R17iOr8=\" \/><\/div>\n<\/fieldset>\n<\/div>\n\n<p style=\"display: none !important;\" class=\"akismet-fields-container\" data-prefix=\"ak_\"><label>&#916;<textarea name=\"ak_hp_textarea\" cols=\"45\" rows=\"8\" maxlength=\"100\"><\/textarea><\/label><input type=\"hidden\" id=\"ak_js_1\" name=\"ak_js\" value=\"219\"\/><script>document.getElementById( \"ak_js_1\" ).setAttribute( \"value\", ( new Date() ).getTime() );<\/script><\/p><\/form>\n<\/div><\/div><\/div><\/div>[\/vc_column][\/vc_row][vc_row][vc_column][vc_separator color=\u00a0\u00bborange\u00a0\u00bb border_width=\u00a0\u00bb8&Prime;][\/vc_column][\/vc_row][vc_row][vc_column width=\u00a0\u00bb1\/3&Prime;][vc_column_text]\n<div class=\"wa-comp wa-text wa-bg-gradient param[grad(114 -19 140 84 #00cccc #ffff00) border(0 #0066cc)] \">\n<div>\n<div style=\"text-align: center;\" align=\"right\"><img loading=\"lazy\" decoding=\"async\" class=\"wp-image-3151 aligncenter\" src=\"http:\/\/musicole78.fr\/wp-content\/uploads\/2016\/06\/ECRIRE-150x150.jpg\" alt=\"ecrire\" width=\"62\" height=\"62\" srcset=\"https:\/\/musicole78.fr\/wp-content\/uploads\/2016\/06\/ECRIRE-150x150.jpg 150w, https:\/\/musicole78.fr\/wp-content\/uploads\/2016\/06\/ECRIRE-100x100.jpg 100w, https:\/\/musicole78.fr\/wp-content\/uploads\/2016\/06\/ECRIRE-71x71.jpg 71w, https:\/\/musicole78.fr\/wp-content\/uploads\/2016\/06\/ECRIRE-36x36.jpg 36w, https:\/\/musicole78.fr\/wp-content\/uploads\/2016\/06\/ECRIRE-200x200.jpg 200w\" sizes=\"auto, (max-width: 62px) 100vw, 62px\" \/>Contraste<\/div>\n<div style=\"text-align: center;\" align=\"right\">25, rue Lamartine<\/div>\n<div style=\"text-align: center;\" align=\"right\">78190 Trappes<\/div>\n<\/div>\n<\/div>\n[\/vc_column_text][\/vc_column][vc_column width=\u00a0\u00bb1\/3&Prime;][vc_column_text]\n<div class=\"wa-comp wa-text wa-bg-gradient param[grad(114 -19 140 84 #00cccc #ffff00) border(0 #0066cc)] \">\n<div style=\"text-align: center;\" align=\"right\"><img loading=\"lazy\" decoding=\"async\" class=\"wp-image-3153 aligncenter\" src=\"http:\/\/musicole78.fr\/wp-content\/uploads\/2016\/06\/EMAIL2-150x150.jpg\" alt=\"email2\" width=\"64\" height=\"64\" srcset=\"https:\/\/musicole78.fr\/wp-content\/uploads\/2016\/06\/EMAIL2-150x150.jpg 150w, https:\/\/musicole78.fr\/wp-content\/uploads\/2016\/06\/EMAIL2-100x100.jpg 100w, https:\/\/musicole78.fr\/wp-content\/uploads\/2016\/06\/EMAIL2-71x71.jpg 71w, https:\/\/musicole78.fr\/wp-content\/uploads\/2016\/06\/EMAIL2-36x36.jpg 36w, https:\/\/musicole78.fr\/wp-content\/uploads\/2016\/06\/EMAIL2-200x200.jpg 200w, https:\/\/musicole78.fr\/wp-content\/uploads\/2016\/06\/EMAIL2.jpg 225w\" sizes=\"auto, (max-width: 64px) 100vw, 64px\" \/>contact@musicole78.fr<\/div>\n<\/div>\n[\/vc_column_text][\/vc_column][vc_column width=\u00a0\u00bb1\/3&Prime;][vc_column_text css=\u00a0\u00bb\u00a0\u00bb]\n<div class=\"wa-comp wa-text wa-bg-gradient param[grad(114 -19 140 84 #00cccc #ffff00) border(0 #0066cc)] \">\n<div style=\"text-align: center;\" align=\"right\"><img loading=\"lazy\" decoding=\"async\" class=\"wp-image-2063 aligncenter\" src=\"http:\/\/musicole78.fr\/wp-content\/uploads\/2016\/11\/TELEPHONE3-150x150.jpg\" width=\"82\" height=\"82\" srcset=\"https:\/\/musicole78.fr\/wp-content\/uploads\/2016\/11\/TELEPHONE3-150x150.jpg 150w, https:\/\/musicole78.fr\/wp-content\/uploads\/2016\/11\/TELEPHONE3-100x100.jpg 100w, https:\/\/musicole78.fr\/wp-content\/uploads\/2016\/11\/TELEPHONE3-71x71.jpg 71w, https:\/\/musicole78.fr\/wp-content\/uploads\/2016\/11\/TELEPHONE3-36x36.jpg 36w, https:\/\/musicole78.fr\/wp-content\/uploads\/2016\/11\/TELEPHONE3-200x200.jpg 200w\" sizes=\"auto, (max-width: 82px) 100vw, 82px\" \/>06.50.83.34.51 ou 06.60.56.06.03<\/div>\n<\/div>\n[\/vc_column_text][\/vc_column][\/vc_row]\n<\/div>","protected":false},"excerpt":{"rendered":"<p>[vc_row][vc_column][\/vc_column][\/vc_row][vc_row][vc_column][vc_separator color=\u00a0\u00bborange\u00a0\u00bb border_width=\u00a0\u00bb8&Prime;][\/vc_column][\/vc_row][vc_row][vc_column width=\u00a0\u00bb1\/3&Prime;][vc_column_text]<\/p>\n<p>\nContraste<br \/>\n25, rue Lamartine<br \/>\n78190 Trappes<\/p>\n<p>\n[\/vc_column_text][\/vc_column][vc_column width=\u00a0\u00bb1\/3&Prime;][vc_column_text]<\/p>\n<p>contact@musicole78.fr<\/p>\n<p>[\/vc_column_text][\/vc_column][vc_column width=\u00a0\u00bb1\/3&Prime;][vc_column_text css=\u00a0\u00bb\u00a0\u00bb]<\/p>\n<p>06.50.83.34.51 ou 06.60.56.06.03<\/p>\n<p>[\/vc_column_text][\/vc_column][\/vc_row]<\/p>\n","protected":false},"author":1,"featured_media":3151,"parent":0,"menu_order":0,"comment_status":"closed","ping_status":"closed","template":"template-full-width.php","meta":{"_acf_changed":false,"_bbp_topic_count":0,"_bbp_reply_count":0,"_bbp_total_topic_count":0,"_bbp_total_reply_count":0,"_bbp_voice_count":0,"_bbp_anonymous_reply_count":0,"_bbp_topic_count_hidden":0,"_bbp_reply_count_hidden":0,"_bbp_forum_subforum_count":0,"footnotes":""},"class_list":["post-7903","page","type-page","status-publish","has-post-thumbnail","hentry"],"acf":[],"aioseo_notices":[],"_links":{"self":[{"href":"https:\/\/musicole78.fr\/index.php?rest_route=\/wp\/v2\/pages\/7903","targetHints":{"allow":["GET"]}}],"collection":[{"href":"https:\/\/musicole78.fr\/index.php?rest_route=\/wp\/v2\/pages"}],"about":[{"href":"https:\/\/musicole78.fr\/index.php?rest_route=\/wp\/v2\/types\/page"}],"author":[{"embeddable":true,"href":"https:\/\/musicole78.fr\/index.php?rest_route=\/wp\/v2\/users\/1"}],"replies":[{"embeddable":true,"href":"https:\/\/musicole78.fr\/index.php?rest_route=%2Fwp%2Fv2%2Fcomments&post=7903"}],"version-history":[{"count":1,"href":"https:\/\/musicole78.fr\/index.php?rest_route=\/wp\/v2\/pages\/7903\/revisions"}],"predecessor-version":[{"id":22940,"href":"https:\/\/musicole78.fr\/index.php?rest_route=\/wp\/v2\/pages\/7903\/revisions\/22940"}],"wp:featuredmedia":[{"embeddable":true,"href":"https:\/\/musicole78.fr\/index.php?rest_route=\/wp\/v2\/media\/3151"}],"wp:attachment":[{"href":"https:\/\/musicole78.fr\/index.php?rest_route=%2Fwp%2Fv2%2Fmedia&parent=7903"}],"curies":[{"name":"wp","href":"https:\/\/api.w.org\/{rel}","templated":true}]}}