{"id":18895,"date":"2020-05-08T12:58:28","date_gmt":"2020-05-08T11:58:28","guid":{"rendered":"https:\/\/musicole78.fr\/?post_type=product&#038;p=18895"},"modified":"2020-12-17T09:27:43","modified_gmt":"2020-12-17T08:27:43","slug":"the-entertainer","status":"publish","type":"product","link":"https:\/\/musicole78.fr\/?product=the-entertainer","title":{"rendered":"The Entertainer"},"content":{"rendered":"<div class=\"wpb-content-wrapper\">[vc_row][vc_column][vc_column_text]Compos\u00e9 par Scott Joplin en 1902, <em>The Entertainer<\/em> est le refrain-phare de l&rsquo; \u00e9poque du ragtime.<\/p>\n<p>Voici une adaptation facile \u00e0 jouer pour 1er ou 2\u00e8me ann\u00e9e !<\/p>\n<ul>\n<li>1 Partition en PDF<\/li>\n<li>1 vid\u00e9o tempo 140 (avec partition d\u00e9filante)<\/li>\n<li>1 vid\u00e9o tempo 200 (avec partition d\u00e9filante)<\/li>\n<\/ul>\n[\/vc_column_text][\/vc_column][\/vc_row]\n<\/div>","protected":false},"excerpt":{"rendered":"[video width=\"1920\" height=\"886\" mp4=\"https:\/\/musicole78.fr\/wp-content\/uploads\/2020\/05\/The-entertainer-200.mp4\"][\/video]\n","protected":false},"featured_media":18899,"comment_status":"open","ping_status":"closed","template":"","meta":{"_acf_changed":false,"_bbp_topic_count":0,"_bbp_reply_count":0,"_bbp_total_topic_count":0,"_bbp_total_reply_count":0,"_bbp_voice_count":0,"_bbp_anonymous_reply_count":0,"_bbp_topic_count_hidden":0,"_bbp_reply_count_hidden":0,"_bbp_forum_subforum_count":0},"product_brand":[],"product_cat":[32,35,86,154,157,161],"product_tag":[145,178,191],"class_list":{"0":"post-18895","1":"product","2":"type-product","3":"status-publish","4":"has-post-thumbnail","6":"product_cat-partitions","7":"product_cat-boutique-partitions-piano","8":"product_cat-partitions-piano-variete","9":"product_cat-partitions-videos","10":"product_cat-partitions-videos-piano","11":"product_cat-partitions-videos-piano-variete","12":"product_tag-partition","13":"product_tag-piano","14":"product_tag-the-entertainer","16":"first","17":"instock","18":"downloadable","19":"virtual","20":"purchasable","21":"product-type-simple"},"acf":[],"aioseo_notices":[],"_links":{"self":[{"href":"https:\/\/musicole78.fr\/index.php?rest_route=\/wp\/v2\/product\/18895","targetHints":{"allow":["GET"]}}],"collection":[{"href":"https:\/\/musicole78.fr\/index.php?rest_route=\/wp\/v2\/product"}],"about":[{"href":"https:\/\/musicole78.fr\/index.php?rest_route=\/wp\/v2\/types\/product"}],"replies":[{"embeddable":true,"href":"https:\/\/musicole78.fr\/index.php?rest_route=%2Fwp%2Fv2%2Fcomments&post=18895"}],"wp:featuredmedia":[{"embeddable":true,"href":"https:\/\/musicole78.fr\/index.php?rest_route=\/wp\/v2\/media\/18899"}],"wp:attachment":[{"href":"https:\/\/musicole78.fr\/index.php?rest_route=%2Fwp%2Fv2%2Fmedia&parent=18895"}],"wp:term":[{"taxonomy":"product_brand","embeddable":true,"href":"https:\/\/musicole78.fr\/index.php?rest_route=%2Fwp%2Fv2%2Fproduct_brand&post=18895"},{"taxonomy":"product_cat","embeddable":true,"href":"https:\/\/musicole78.fr\/index.php?rest_route=%2Fwp%2Fv2%2Fproduct_cat&post=18895"},{"taxonomy":"product_tag","embeddable":true,"href":"https:\/\/musicole78.fr\/index.php?rest_route=%2Fwp%2Fv2%2Fproduct_tag&post=18895"}],"curies":[{"name":"wp","href":"https:\/\/api.w.org\/{rel}","templated":true}]}}