{"id":19214,"date":"2020-11-20T16:17:28","date_gmt":"2020-11-20T15:17:28","guid":{"rendered":"https:\/\/musicole78.fr\/?post_type=product&#038;p=19214"},"modified":"2020-11-21T08:23:29","modified_gmt":"2020-11-21T07:23:29","slug":"hard-rock-guitare","status":"publish","type":"product","link":"https:\/\/musicole78.fr\/?product=hard-rock-guitare","title":{"rendered":"Hard Rock Guitare"},"content":{"rendered":"<div class=\"wpb-content-wrapper\">[vc_row][vc_column][vc_column_text]Des mythiques AC\/DC \u00e0 Guns \u2018n\u2019 Roses, en passant par Van Halen, Aerosmith, Scorpions&#8230; les sources<br \/>\nd\u2019inspiration ne manquent pas pour \u00e9voquer ce style !<br \/>\nPour chaque accompagnement et solo, vous trouverez la partition compl\u00e8te, bien entendu, mais aussi<br \/>\nquelques explications essentielles qui vous permettront de comprendre les caract\u00e9ristiques de l\u2019exemple<br \/>\npropos\u00e9 et surtout d\u2019en surmonter les \u00e9ventuelles difficult\u00e9s.<br \/>\nVous y trouverez \u00e9galement, et ce pour chaque accompagnement ou solo, 5 enregistrements diff\u00e9rents sur le<br \/>\nCD MP3 joint \u00e0 la m\u00e9thode[\/vc_column_text][\/vc_column][\/vc_row]\n<\/div>","protected":false},"excerpt":{"rendered":"<p>Cet ouvrage a pour objectif de vous faire d\u00e9couvrir et jouer des accompagnements et des solos de guitare<br \/>\ndans le style Hard Rock.<br \/>\nD\u2019un c\u00f4t\u00e9 les rythmiques, avec toutes les caract\u00e9ristiques propres au style : accompagnements en accords<br \/>\nouverts, utilisation des power chords, riffs m\u00e9lodiques en single notes\u2026 et toutes les techniques s\u2019y<br \/>\nrapportant (palm mute, gliss\u00e9s, notes mortes&#8230;).<br \/>\nDe l\u2019autre, les solos. Construits sur les principales progressions harmoniques typiques du style, ces solos de<br \/>\nguitare, faits de technicit\u00e9, de v\u00e9locit\u00e9 et de feeling, en utilisent tous les artifices : tir\u00e9s, liaisons ascendantes<br \/>\net descendantes, plans flash, tapping, jeu legato, doubles notes&#8230;<\/p>\n[audio mp3=\"https:\/\/musicole78.fr\/wp-content\/uploads\/2020\/11\/3-Hard-Rock-1.mp3\"][\/audio]\n","protected":false},"featured_media":19147,"comment_status":"open","ping_status":"closed","template":"","meta":{"_acf_changed":false,"_bbp_topic_count":0,"_bbp_reply_count":0,"_bbp_total_topic_count":0,"_bbp_total_reply_count":0,"_bbp_voice_count":0,"_bbp_anonymous_reply_count":0,"_bbp_topic_count_hidden":0,"_bbp_reply_count_hidden":0,"_bbp_forum_subforum_count":0},"product_brand":[],"product_cat":[38,37],"product_tag":[],"class_list":{"0":"post-19214","1":"product","2":"type-product","3":"status-publish","4":"has-post-thumbnail","6":"product_cat-partitions-guitare-rock-blues","7":"product_cat-partitions-methode-guitare","9":"first","10":"instock","11":"downloadable","12":"virtual","13":"purchasable","14":"product-type-simple"},"acf":[],"aioseo_notices":[],"_links":{"self":[{"href":"https:\/\/musicole78.fr\/index.php?rest_route=\/wp\/v2\/product\/19214","targetHints":{"allow":["GET"]}}],"collection":[{"href":"https:\/\/musicole78.fr\/index.php?rest_route=\/wp\/v2\/product"}],"about":[{"href":"https:\/\/musicole78.fr\/index.php?rest_route=\/wp\/v2\/types\/product"}],"replies":[{"embeddable":true,"href":"https:\/\/musicole78.fr\/index.php?rest_route=%2Fwp%2Fv2%2Fcomments&post=19214"}],"wp:featuredmedia":[{"embeddable":true,"href":"https:\/\/musicole78.fr\/index.php?rest_route=\/wp\/v2\/media\/19147"}],"wp:attachment":[{"href":"https:\/\/musicole78.fr\/index.php?rest_route=%2Fwp%2Fv2%2Fmedia&parent=19214"}],"wp:term":[{"taxonomy":"product_brand","embeddable":true,"href":"https:\/\/musicole78.fr\/index.php?rest_route=%2Fwp%2Fv2%2Fproduct_brand&post=19214"},{"taxonomy":"product_cat","embeddable":true,"href":"https:\/\/musicole78.fr\/index.php?rest_route=%2Fwp%2Fv2%2Fproduct_cat&post=19214"},{"taxonomy":"product_tag","embeddable":true,"href":"https:\/\/musicole78.fr\/index.php?rest_route=%2Fwp%2Fv2%2Fproduct_tag&post=19214"}],"curies":[{"name":"wp","href":"https:\/\/api.w.org\/{rel}","templated":true}]}}