{"id":23023,"date":"2024-06-20T16:32:39","date_gmt":"2024-06-20T15:32:39","guid":{"rendered":"https:\/\/musicole78.fr\/?post_type=product&#038;p=23023"},"modified":"2024-06-20T16:32:39","modified_gmt":"2024-06-20T15:32:39","slug":"korg-kronos-61-music-workstation","status":"publish","type":"product","link":"https:\/\/musicole78.fr\/?product=korg-kronos-61-music-workstation","title":{"rendered":"Korg Kronos 61 Music Workstation"},"content":{"rendered":"<p><strong>Caract\u00e9ristiques<\/strong><\/p>\n<ul>\n<li>KORG Kronos 61 2015<\/li>\n<li>Synth\u00e9tiseur au clavier semi-lest\u00e9 de 61 notes avec aftertouch<\/li>\n<li>Multi synth\u00e8ses (9 moteurs de synth\u00e8se diff\u00e9rents)<\/li>\n<li>\u00c9chantillonneur<\/li>\n<li>S\u00e9quenceur MIDI de 16 pistes<\/li>\n<li>S\u00e9quenceur AUDIO de 16 pistes<\/li>\n<li>Section DRUMTRACK<\/li>\n<li>Syst\u00e8me KARMA<\/li>\n<li>12 inserts effets, 2 master et 2 g\u00e9n\u00e9raux<\/li>\n<li>Entr\u00e9e \/ sortie S\/PDIF, USB type A &amp; B, 6 sorties audio, 2 entr\u00e9es Line, 2 entr\u00e9es micro<\/li>\n<li>\u00c9cran tactile couleur de 8 pouces<\/li>\n<li>Dimensions : 1 040 x 364 x 134 mm<\/li>\n<li>poids : 14.3 kg<\/li>\n<\/ul>\n<p><strong>La nouvelle g\u00e9n\u00e9ration de KRONOS ajoute :<\/strong><\/p>\n<ul>\n<li>Nouvelle coque plus compacte et flancs en bois.<\/li>\n<li>Nouveau moteur piano SGX-2 am\u00e9lior\u00e9. Int\u00e9grant le nouveau Berlin Grand.<\/li>\n<li>S\u00e9lection de sons impressionnante :<\/li>\n<li>Master Sound Design Team<\/li>\n<li>Kronos Expansion Sound Libraries<\/li>\n<li>Kronos Expansion Sound<\/li>\n<li>Artist Sound Libraries<\/li>\n<li>Famous Song Sounds<\/li>\n<li>Nouvelles sonorit\u00e9s de violons et cuivres avec la banque EXs 18<\/li>\n<li>La mod\u00e9lisation des harmoniques des cordes venant s&rsquo;ajouter aux \u00e9chantillons.<\/li>\n<li>L&rsquo;\u00e9cran couleur tactile qui dispose d&rsquo;une fonction toucher-glisser<\/li>\n<\/ul>\n<p><strong>9 types de synth\u00e8se :<\/strong><\/p>\n<ul>\n<li>Piano Premium SGX-2 (piano acoustique)<\/li>\n<li>Piano \u00e9lectrique MDS EP-1 (piano \u00e9lectrique)<\/li>\n<li>Synth\u00e9tiseur haute d\u00e9finition HD-1 (technologie de PCM \u00e0 m\u00e9moire virtuelle)<\/li>\n<li>Synth\u00e9tiseur analogique AL-1 (mod\u00e9lisation analogique)<\/li>\n<li>Orgue \u00e0 roues phoniques CX-3 (mod\u00e9lisation d\u2019orgue \u00e0 roues phoniques)<\/li>\n<li>Instruments \u00e0 cordes pinc\u00e9es STR-1 (mod\u00e9lisation physique)<\/li>\n<li>Synth\u00e9tiseur \u00e0 forme d\u2019ondes et modulation \u00e0 phase variable MOD-7 (synth\u00e8se VPM)<\/li>\n<li>MS-20EX (mod\u00e9lisation analogique CMT)<\/li>\n<li>PolysixEX (mod\u00e9lisation analogique CMT)<\/li>\n<\/ul>\n","protected":false},"excerpt":{"rendered":"<p>Le Kronos va bien au-del\u00e0 de la workstation traditionnel, \u00e0 la fois gros synth\u00e9 modulaire multi synth\u00e8se, puissant \u00e9chantillonneur et processeur d\u2019effets de r\u00eave. Le Kronos d\u00e9passe m\u00eame l\u2019Oasys en puissance pure, puisqu\u2019il int\u00e8gre d\u00e9j\u00e0 de base tous ses moteurs de synth\u00e8se internes et optionnels, ajoutant le streaming des samples (banques piano SGX-1), la transition douce des sons et l\u2019int\u00e9gration totale de l\u2019audio.<\/p>\n<p>Le KRONOS 61 2015 de Korg est toujours plus compact, toujours plus puissant et toujours plus beau. Il \u00e9tait d\u00e9j\u00e0 reconnu pour l\u2019impressionnante qualit\u00e9 de ses sons de pianos et ajoute d\u00e9sormais un piano \u00e0 queue de 9 G0 appel\u00e9 Berlin piano. Le KORG Kronos 61 est en m\u00eame temps un synth\u00e9tiseur rassemblant toute l\u2019histoire des synth\u00e9s Korg mais aussi une station de travail de qualit\u00e9 studio.<\/p>\n<p>Notice : <a href=\"https:\/\/musicole78.fr\/wp-content\/uploads\/2024\/06\/korg_kronos_quick_start-fr.pdf\">korg_kronos_quick_start fr<\/a><\/p>\n","protected":false},"featured_media":23024,"comment_status":"open","ping_status":"closed","template":"","meta":{"_acf_changed":false,"_bbp_topic_count":0,"_bbp_reply_count":0,"_bbp_total_topic_count":0,"_bbp_total_reply_count":0,"_bbp_voice_count":0,"_bbp_anonymous_reply_count":0,"_bbp_topic_count_hidden":0,"_bbp_reply_count_hidden":0,"_bbp_forum_subforum_count":0},"product_brand":[],"product_cat":[82],"product_tag":[],"class_list":{"0":"post-23023","1":"product","2":"type-product","3":"status-publish","4":"has-post-thumbnail","6":"product_cat-les-petites-annonces","7":"product_shipping_class-colis-lourd","9":"first","10":"instock","11":"sale","12":"sold-individually","13":"purchasable","14":"product-type-simple"},"acf":[],"aioseo_notices":[],"_links":{"self":[{"href":"https:\/\/musicole78.fr\/index.php?rest_route=\/wp\/v2\/product\/23023","targetHints":{"allow":["GET"]}}],"collection":[{"href":"https:\/\/musicole78.fr\/index.php?rest_route=\/wp\/v2\/product"}],"about":[{"href":"https:\/\/musicole78.fr\/index.php?rest_route=\/wp\/v2\/types\/product"}],"replies":[{"embeddable":true,"href":"https:\/\/musicole78.fr\/index.php?rest_route=%2Fwp%2Fv2%2Fcomments&post=23023"}],"wp:featuredmedia":[{"embeddable":true,"href":"https:\/\/musicole78.fr\/index.php?rest_route=\/wp\/v2\/media\/23024"}],"wp:attachment":[{"href":"https:\/\/musicole78.fr\/index.php?rest_route=%2Fwp%2Fv2%2Fmedia&parent=23023"}],"wp:term":[{"taxonomy":"product_brand","embeddable":true,"href":"https:\/\/musicole78.fr\/index.php?rest_route=%2Fwp%2Fv2%2Fproduct_brand&post=23023"},{"taxonomy":"product_cat","embeddable":true,"href":"https:\/\/musicole78.fr\/index.php?rest_route=%2Fwp%2Fv2%2Fproduct_cat&post=23023"},{"taxonomy":"product_tag","embeddable":true,"href":"https:\/\/musicole78.fr\/index.php?rest_route=%2Fwp%2Fv2%2Fproduct_tag&post=23023"}],"curies":[{"name":"wp","href":"https:\/\/api.w.org\/{rel}","templated":true}]}}