{"id":4083,"date":"2016-12-18T11:29:49","date_gmt":"2016-12-18T10:29:49","guid":{"rendered":"http:\/\/musicole78.fr\/?p=4083"},"modified":"2019-03-29T14:42:43","modified_gmt":"2019-03-29T13:42:43","slug":"le-papier-a-musique","status":"publish","type":"product","link":"https:\/\/musicole78.fr\/?product=le-papier-a-musique","title":{"rendered":"Le Papier \u00e0 Musique"},"content":{"rendered":"<p>Voici du papier \u00e0 musique \u00e0 t\u00e9l\u00e9charger sans mod\u00e9ration !<\/p>\n<p>Il vous permettra d&rsquo;\u00e9crire vos belles m\u00e9lodies ou de noter vos id\u00e9es !<\/p>\n<div class=\"one_third tt-column\">\n\n<!-- G\u00e9n\u00e9ration r\u00e9alis\u00e9e avec Document Gallery. Obtenez votre version ici :http:\/\/wordpress.org\/extend\/plugins\/document-gallery -->\n<div id=\"document-gallery-1\" class=\"document-gallery\" data-shortcode='{\"id\":4083,\"include\":\"4090\",\"exclude\":\"\",\"columns\":2,\"order\":\"ASC\",\"orderby\":\"post__in\",\"relation\":\"AND\",\"limit\":-1,\"mime_types\":\"application,video,text,audio,image\",\"new_window\":true,\"paginate\":true,\"post_status\":\"any\",\"post_type\":\"attachment\",\"descriptions\":true,\"fancy\":true,\"attachment_pg\":false,\"skip\":0}'>\n<div class='document-icon-row descriptions'>\n   <div class=\"document-icon\">\n      <a href=\"https:\/\/musicole78.fr\/wp-content\/uploads\/2016\/12\/PapierChantGuitTab.pdf\" target=\"_blank\">\n         <img decoding=\"async\" src=\"https:\/\/musicole78.fr\/wp-content\/uploads\/2016\/12\/PapierChantGuitTab-thumb.png\" title=\"PapierChantGuitTab\" alt=\"PapierChantGuitTab\" data-ext=\"pdf\"\/>\n         <span class=\"title\">PapierChantGuitTab<\/span>\n      <\/a>\n   <\/div>\n   <p><\/p>\n<\/div>\n<\/div>\n<\/div>\n<div class=\"one_third tt-column\">\n\n<!-- G\u00e9n\u00e9ration r\u00e9alis\u00e9e avec Document Gallery. Obtenez votre version ici :http:\/\/wordpress.org\/extend\/plugins\/document-gallery -->\n<div id=\"document-gallery-2\" class=\"document-gallery\" data-shortcode='{\"id\":4083,\"include\":\"4089\",\"exclude\":\"\",\"columns\":2,\"order\":\"ASC\",\"orderby\":\"post__in\",\"relation\":\"AND\",\"limit\":-1,\"mime_types\":\"application,video,text,audio,image\",\"new_window\":true,\"paginate\":true,\"post_status\":\"any\",\"post_type\":\"attachment\",\"descriptions\":true,\"fancy\":true,\"attachment_pg\":false,\"skip\":0}'>\n<div class='document-icon-row descriptions'>\n   <div class=\"document-icon\">\n      <a href=\"https:\/\/musicole78.fr\/wp-content\/uploads\/2016\/12\/PapierPianoChant.pdf\" target=\"_blank\">\n         <img decoding=\"async\" src=\"https:\/\/musicole78.fr\/wp-content\/uploads\/2016\/12\/PapierPianoChant-thumb.png\" title=\"PapierPianoChant\" alt=\"PapierPianoChant\" data-ext=\"pdf\"\/>\n         <span class=\"title\">PapierPianoChant<\/span>\n      <\/a>\n   <\/div>\n   <p><\/p>\n<\/div>\n<\/div>\n<\/div>\n<div class=\"one_third_last tt-column\">\n\n<!-- G\u00e9n\u00e9ration r\u00e9alis\u00e9e avec Document Gallery. Obtenez votre version ici :http:\/\/wordpress.org\/extend\/plugins\/document-gallery -->\n<div id=\"document-gallery-3\" class=\"document-gallery\" data-shortcode='{\"id\":4083,\"include\":\"4088\",\"exclude\":\"\",\"columns\":2,\"order\":\"ASC\",\"orderby\":\"post__in\",\"relation\":\"AND\",\"limit\":-1,\"mime_types\":\"application,video,text,audio,image\",\"new_window\":true,\"paginate\":true,\"post_status\":\"any\",\"post_type\":\"attachment\",\"descriptions\":true,\"fancy\":true,\"attachment_pg\":false,\"skip\":0}'>\n<div class='document-icon-row descriptions'>\n   <div class=\"document-icon\">\n      <a href=\"https:\/\/musicole78.fr\/wp-content\/uploads\/2016\/12\/Diagramme.pdf\" target=\"_blank\">\n         <img decoding=\"async\" src=\"https:\/\/musicole78.fr\/wp-content\/uploads\/2016\/12\/Diagramme-thumb.png\" title=\"Diagramme\" alt=\"Diagramme\" data-ext=\"pdf\"\/>\n         <span class=\"title\">Diagramme<\/span>\n      <\/a>\n   <\/div>\n   <p><\/p>\n<\/div>\n<\/div>\n<\/div><br class=\"clear\" \/>\n<div class=\"one_third tt-column\">\n\n<!-- G\u00e9n\u00e9ration r\u00e9alis\u00e9e avec Document Gallery. Obtenez votre version ici :http:\/\/wordpress.org\/extend\/plugins\/document-gallery -->\n<div id=\"document-gallery-4\" class=\"document-gallery\" data-shortcode='{\"id\":4083,\"include\":\"4087\",\"exclude\":\"\",\"columns\":1,\"order\":\"ASC\",\"orderby\":\"post__in\",\"relation\":\"AND\",\"limit\":-1,\"mime_types\":\"application,video,text,audio,image\",\"new_window\":true,\"paginate\":true,\"post_status\":\"any\",\"post_type\":\"attachment\",\"descriptions\":true,\"fancy\":true,\"attachment_pg\":false,\"skip\":0}'>\n<div class='document-icon-row descriptions'>\n   <div class=\"document-icon\">\n      <a href=\"https:\/\/musicole78.fr\/wp-content\/uploads\/2016\/12\/PapierGuitTab.pdf\" target=\"_blank\">\n         <img decoding=\"async\" src=\"https:\/\/musicole78.fr\/wp-content\/uploads\/2016\/12\/PapierGuitTab-thumb.png\" title=\"PapierGuitTab\" alt=\"PapierGuitTab\" data-ext=\"pdf\"\/>\n         <span class=\"title\">PapierGuitTab<\/span>\n      <\/a>\n   <\/div>\n   <p><\/p>\n<\/div>\n<\/div>\n<\/div>\n<div class=\"one_third tt-column\">\n\n<!-- G\u00e9n\u00e9ration r\u00e9alis\u00e9e avec Document Gallery. Obtenez votre version ici :http:\/\/wordpress.org\/extend\/plugins\/document-gallery -->\n<div id=\"document-gallery-5\" class=\"document-gallery\" data-shortcode='{\"id\":4083,\"include\":\"4086\",\"exclude\":\"\",\"columns\":2,\"order\":\"ASC\",\"orderby\":\"post__in\",\"relation\":\"AND\",\"limit\":-1,\"mime_types\":\"application,video,text,audio,image\",\"new_window\":true,\"paginate\":true,\"post_status\":\"any\",\"post_type\":\"attachment\",\"descriptions\":true,\"fancy\":true,\"attachment_pg\":false,\"skip\":0}'>\n<div class='document-icon-row descriptions'>\n   <div class=\"document-icon\">\n      <a href=\"https:\/\/musicole78.fr\/wp-content\/uploads\/2016\/12\/PapierSol.pdf\" target=\"_blank\">\n         <img decoding=\"async\" src=\"https:\/\/musicole78.fr\/wp-content\/uploads\/2016\/12\/PapierSol-thumb.png\" title=\"PapierSol\" alt=\"PapierSol\" data-ext=\"pdf\"\/>\n         <span class=\"title\">PapierSol<\/span>\n      <\/a>\n   <\/div>\n   <p><\/p>\n<\/div>\n<\/div>\n<\/div>\n<div class=\"one_third_last tt-column\">\n\n<!-- G\u00e9n\u00e9ration r\u00e9alis\u00e9e avec Document Gallery. Obtenez votre version ici :http:\/\/wordpress.org\/extend\/plugins\/document-gallery -->\n<div id=\"document-gallery-6\" class=\"document-gallery\" data-shortcode='{\"id\":4083,\"include\":\"4085\",\"exclude\":\"\",\"columns\":2,\"order\":\"ASC\",\"orderby\":\"post__in\",\"relation\":\"AND\",\"limit\":-1,\"mime_types\":\"application,video,text,audio,image\",\"new_window\":true,\"paginate\":true,\"post_status\":\"any\",\"post_type\":\"attachment\",\"descriptions\":true,\"fancy\":true,\"attachment_pg\":false,\"skip\":0}'>\n<div class='document-icon-row descriptions'>\n   <div class=\"document-icon\">\n      <a href=\"https:\/\/musicole78.fr\/wp-content\/uploads\/2016\/12\/PapierPIANO1.pdf\" target=\"_blank\">\n         <img decoding=\"async\" src=\"https:\/\/musicole78.fr\/wp-content\/uploads\/2016\/12\/PapierPIANO1-thumb.png\" title=\"PapierPIANO(1)\" alt=\"PapierPIANO(1)\" data-ext=\"pdf\"\/>\n         <span class=\"title\">PapierPIANO(1)<\/span>\n      <\/a>\n   <\/div>\n   <p><\/p>\n<\/div>\n<\/div>\n<\/div><br class=\"clear\" \/>\n","protected":false},"excerpt":{"rendered":"<p>Voici du papier \u00e0 musique \u00e0 t\u00e9l\u00e9charger sans mod\u00e9ration !<br \/>\nIl vous permettra d&rsquo;\u00e9crire vos belles m\u00e9lodies ou de noter vos id\u00e9es !<\/p>\n","protected":false},"featured_media":4084,"comment_status":"open","ping_status":"closed","template":"","meta":{"_acf_changed":false,"_bbp_topic_count":0,"_bbp_reply_count":0,"_bbp_total_topic_count":0,"_bbp_total_reply_count":0,"_bbp_voice_count":0,"_bbp_anonymous_reply_count":0,"_bbp_topic_count_hidden":0,"_bbp_reply_count_hidden":0,"_bbp_forum_subforum_count":0},"product_brand":[],"product_cat":[32,53],"product_tag":[],"class_list":{"0":"post-4083","1":"product","2":"type-product","3":"status-publish","4":"has-post-thumbnail","6":"product_cat-partitions","7":"product_cat-partitions-solfege","9":"first","10":"instock","11":"downloadable","12":"virtual","13":"taxable","14":"purchasable","15":"product-type-simple"},"acf":[],"aioseo_notices":[],"_links":{"self":[{"href":"https:\/\/musicole78.fr\/index.php?rest_route=\/wp\/v2\/product\/4083","targetHints":{"allow":["GET"]}}],"collection":[{"href":"https:\/\/musicole78.fr\/index.php?rest_route=\/wp\/v2\/product"}],"about":[{"href":"https:\/\/musicole78.fr\/index.php?rest_route=\/wp\/v2\/types\/product"}],"replies":[{"embeddable":true,"href":"https:\/\/musicole78.fr\/index.php?rest_route=%2Fwp%2Fv2%2Fcomments&post=4083"}],"wp:featuredmedia":[{"embeddable":true,"href":"https:\/\/musicole78.fr\/index.php?rest_route=\/wp\/v2\/media\/4084"}],"wp:attachment":[{"href":"https:\/\/musicole78.fr\/index.php?rest_route=%2Fwp%2Fv2%2Fmedia&parent=4083"}],"wp:term":[{"taxonomy":"product_brand","embeddable":true,"href":"https:\/\/musicole78.fr\/index.php?rest_route=%2Fwp%2Fv2%2Fproduct_brand&post=4083"},{"taxonomy":"product_cat","embeddable":true,"href":"https:\/\/musicole78.fr\/index.php?rest_route=%2Fwp%2Fv2%2Fproduct_cat&post=4083"},{"taxonomy":"product_tag","embeddable":true,"href":"https:\/\/musicole78.fr\/index.php?rest_route=%2Fwp%2Fv2%2Fproduct_tag&post=4083"}],"curies":[{"name":"wp","href":"https:\/\/api.w.org\/{rel}","templated":true}]}}