{"id":4948,"date":"2017-01-21T10:02:42","date_gmt":"2017-01-21T09:02:42","guid":{"rendered":"http:\/\/musicole78.fr\/?post_type=product&#038;p=4948"},"modified":"2021-12-10T16:03:13","modified_gmt":"2021-12-10T15:03:13","slug":"ampli-guitare-zoom-fire-36m","status":"publish","type":"product","link":"https:\/\/musicole78.fr\/?product=ampli-guitare-zoom-fire-36m","title":{"rendered":"Ampli Guitare Zoom Fire-36M VENDU !"},"content":{"rendered":"<div class=\"wpb-content-wrapper\">[vc_row][vc_column][vc_video link=\u00a0\u00bbhttps:\/\/www.youtube.com\/watch?v=UKNAb11K8q0&Prime;][vc_column_text]Bonne occasion ! C&rsquo;est un Fire-36 avec en plus 2 micros int\u00e9gr\u00e9s (pour capturer le son du haut-parleur), et des sorties ligne pour enregistrer. La plage de choix va des amplis vintage aux sons de distorsion modernes, en passant par tous les interm\u00e9diaires. Il y a \u00e9galement des boutons directs vous permettant d&rsquo;augmenter la pression sonore, de prolonger le sustain et d&rsquo;accentuer les graves ou les aigus.<\/p>\n<p>&#8211; Effets num\u00e9riques id\u00e9aux pour le jeu de guitare<br \/>\nLe FIRE-36 comprend aussi une panoplie compl\u00e8te d&rsquo;effets de modulation et reverb\/delay.<\/p>\n<p>&#8211; M\u00e9morisation des r\u00e9glages de l&rsquo;ampli sous forme de \u00ab\u00a0patches\u00a0\u00bb<br \/>\nLes multiples r\u00e9glages d&rsquo;amplificateur et effets peuvent ais\u00e9ment \u00eatre m\u00e9moris\u00e9s comme \u00ab\u00a0patches\u00a0\u00bb personnels. Cela vous permet d&rsquo;instantan\u00e9ment rappeler la combinaison de r\u00e9glages et effets d\u00e9sir\u00e9e, depuis les boutons de la fa\u00e7ade ou \u00e0 l&rsquo;aide d&rsquo;une p\u00e9dale commutateur optionnelle.<\/p>\n<p>Un certain nombre de patches pr\u00e9-programm\u00e9s (preset) ayant des r\u00e9glages recommand\u00e9s est aussi disponible.[\/vc_column_text][\/vc_column][\/vc_row]\n<\/div>","protected":false},"excerpt":{"rendered":"<p>Le Fire-36M est un ampli combo guitare \u00e0 mod\u00e9lisation de 36W. Il contient 22 simulations d&rsquo;ampli et des effets ! Parfait pour un premier ampli&#8230; pour jouer dans sa chambre. Bonne occasion !<\/p>\n<p>Notice en Fran\u00e7ais : <a href=\"http:\/\/musicole78.fr\/wp-content\/uploads\/woocommerce_uploads\/2017\/01\/F_FIRE36M.pdf\">F_FIRE36M<\/a><\/p>\n","protected":false},"featured_media":4949,"comment_status":"open","ping_status":"closed","template":"","meta":{"_acf_changed":false,"_bbp_topic_count":0,"_bbp_reply_count":0,"_bbp_total_topic_count":0,"_bbp_total_reply_count":0,"_bbp_voice_count":0,"_bbp_anonymous_reply_count":0,"_bbp_topic_count_hidden":0,"_bbp_reply_count_hidden":0,"_bbp_forum_subforum_count":0},"product_brand":[],"product_cat":[82],"product_tag":[135],"class_list":{"0":"post-4948","1":"product","2":"type-product","3":"status-publish","4":"has-post-thumbnail","6":"product_cat-les-petites-annonces","7":"product_tag-ampli-guitare","9":"first","10":"outofstock","11":"downloadable","12":"sold-individually","13":"taxable","14":"shipping-taxable","15":"product-type-simple"},"acf":[],"aioseo_notices":[],"_links":{"self":[{"href":"https:\/\/musicole78.fr\/index.php?rest_route=\/wp\/v2\/product\/4948","targetHints":{"allow":["GET"]}}],"collection":[{"href":"https:\/\/musicole78.fr\/index.php?rest_route=\/wp\/v2\/product"}],"about":[{"href":"https:\/\/musicole78.fr\/index.php?rest_route=\/wp\/v2\/types\/product"}],"replies":[{"embeddable":true,"href":"https:\/\/musicole78.fr\/index.php?rest_route=%2Fwp%2Fv2%2Fcomments&post=4948"}],"wp:featuredmedia":[{"embeddable":true,"href":"https:\/\/musicole78.fr\/index.php?rest_route=\/wp\/v2\/media\/4949"}],"wp:attachment":[{"href":"https:\/\/musicole78.fr\/index.php?rest_route=%2Fwp%2Fv2%2Fmedia&parent=4948"}],"wp:term":[{"taxonomy":"product_brand","embeddable":true,"href":"https:\/\/musicole78.fr\/index.php?rest_route=%2Fwp%2Fv2%2Fproduct_brand&post=4948"},{"taxonomy":"product_cat","embeddable":true,"href":"https:\/\/musicole78.fr\/index.php?rest_route=%2Fwp%2Fv2%2Fproduct_cat&post=4948"},{"taxonomy":"product_tag","embeddable":true,"href":"https:\/\/musicole78.fr\/index.php?rest_route=%2Fwp%2Fv2%2Fproduct_tag&post=4948"}],"curies":[{"name":"wp","href":"https:\/\/api.w.org\/{rel}","templated":true}]}}