{"id":4980,"date":"2017-01-21T14:16:04","date_gmt":"2017-01-21T13:16:04","guid":{"rendered":"http:\/\/musicole78.fr\/?post_type=product&#038;p=4980"},"modified":"2017-01-30T09:35:35","modified_gmt":"2017-01-30T08:35:35","slug":"table-de-mixage-mackie-1604-vlz-pro","status":"publish","type":"product","link":"https:\/\/musicole78.fr\/?product=table-de-mixage-mackie-1604-vlz-pro","title":{"rendered":"Table de mixage MACKIE 1604-VLZ Pro VENDUE"},"content":{"rendered":"<ul>\n<li>Console 16 entr\u00e9es XLR<\/li>\n<li>Pr\u00e9amplis de 60dB de gain super transparent , et une dynamique de 130 dB<\/li>\n<li>Egalisation trois bandes semi-param\u00e9trique avec m\u00e9diums glissants<\/li>\n<li>Filtre passe haut qui coupe a 75Hz<\/li>\n<li>4 sous groupe<\/li>\n<li>6 aux<\/li>\n<li>1 mute, pan, solo par piste<\/li>\n<li>4 sous groupes par curseurs lin\u00e9aires<\/li>\n<li>8 sorties directes<\/li>\n<li>4 retours st\u00e9r\u00e9o<br \/>\nDimensions : 44,2 x 44,7 x 12,7 cm<\/li>\n<\/ul>\n<p>&nbsp;<\/p>\n<p>&nbsp;<\/p>\n","protected":false},"excerpt":{"rendered":"<p>Le top c&rsquo;est la sortie sub r\u00e9glable qui restitue un vrai Mono du Main. Sa force r\u00e9side dans les pr\u00e9amps qui ne font vraiment aucun bruit m\u00eame avec 50dB mais le fait qu&rsquo;il n&rsquo;y est pas d&rsquo;effet prouve que les concepteurs ne voulaient que de la qualit\u00e9 dans cette table. c&rsquo;est une table tr\u00e8s simple et robuste, MADE IN U.S.A<\/p>\n<p>Notice en Fran\u00e7ais : <a href=\"http:\/\/musicole78.fr\/wp-content\/uploads\/2017\/01\/notice-francais.pdf\">notice francais Mackie<\/a><\/p>\n","protected":false},"featured_media":4981,"comment_status":"open","ping_status":"closed","template":"","meta":{"_acf_changed":false,"_bbp_topic_count":0,"_bbp_reply_count":0,"_bbp_total_topic_count":0,"_bbp_total_reply_count":0,"_bbp_voice_count":0,"_bbp_anonymous_reply_count":0,"_bbp_topic_count_hidden":0,"_bbp_reply_count_hidden":0,"_bbp_forum_subforum_count":0},"product_brand":[],"product_cat":[82],"product_tag":[139,138],"class_list":{"0":"post-4980","1":"product","2":"type-product","3":"status-publish","4":"has-post-thumbnail","6":"product_cat-les-petites-annonces","7":"product_tag-mixage","8":"product_tag-sono","10":"first","11":"instock","12":"taxable","13":"shipping-taxable","14":"product-type-simple"},"acf":[],"aioseo_notices":[],"_links":{"self":[{"href":"https:\/\/musicole78.fr\/index.php?rest_route=\/wp\/v2\/product\/4980","targetHints":{"allow":["GET"]}}],"collection":[{"href":"https:\/\/musicole78.fr\/index.php?rest_route=\/wp\/v2\/product"}],"about":[{"href":"https:\/\/musicole78.fr\/index.php?rest_route=\/wp\/v2\/types\/product"}],"replies":[{"embeddable":true,"href":"https:\/\/musicole78.fr\/index.php?rest_route=%2Fwp%2Fv2%2Fcomments&post=4980"}],"wp:featuredmedia":[{"embeddable":true,"href":"https:\/\/musicole78.fr\/index.php?rest_route=\/wp\/v2\/media\/4981"}],"wp:attachment":[{"href":"https:\/\/musicole78.fr\/index.php?rest_route=%2Fwp%2Fv2%2Fmedia&parent=4980"}],"wp:term":[{"taxonomy":"product_brand","embeddable":true,"href":"https:\/\/musicole78.fr\/index.php?rest_route=%2Fwp%2Fv2%2Fproduct_brand&post=4980"},{"taxonomy":"product_cat","embeddable":true,"href":"https:\/\/musicole78.fr\/index.php?rest_route=%2Fwp%2Fv2%2Fproduct_cat&post=4980"},{"taxonomy":"product_tag","embeddable":true,"href":"https:\/\/musicole78.fr\/index.php?rest_route=%2Fwp%2Fv2%2Fproduct_tag&post=4980"}],"curies":[{"name":"wp","href":"https:\/\/api.w.org\/{rel}","templated":true}]}}