{"id":4992,"date":"2017-01-21T16:44:32","date_gmt":"2017-01-21T15:44:32","guid":{"rendered":"http:\/\/musicole78.fr\/?post_type=product&#038;p=4992"},"modified":"2021-11-12T18:12:19","modified_gmt":"2021-11-12T17:12:19","slug":"ampli-guitare-fender-gdec","status":"publish","type":"product","link":"https:\/\/musicole78.fr\/?product=ampli-guitare-fender-gdec","title":{"rendered":"Ampli Guitare Fender GDEC  VENDU !"},"content":{"rendered":"<div class=\"wpb-content-wrapper\">[vc_row][vc_column][vc_video link=\u00a0\u00bbhttps:\/\/www.youtube.com\/watch?v=FCF267KHEPg\u00a0\u00bb][vc_column_text]\n<div>Le G-DEC est un ampli de travail unique en son genre. Vous vous surprendrez \u00e0 le jouer pendant des heures durant car il est tout simplement facile \u00e0 utiliser et r\u00e9ellement fun !!! Le G-DEC\u2122 peut se vanter d&rsquo;avoir, malgr\u00e9 sa petite taille, plus de technologie que n&rsquo;importe quel gros ampli du march\u00e9. Son synth\u00e9tiseur MIDI int\u00e9gr\u00e9 vous permettra de commander du bout des doigts pas moins de 70 boucles de batterie que vous pourrez agr\u00e9menter d&rsquo;un accompagnement de votre choix, de la basse au piano en passant par les percussions. Le G-DEC\u2122 vous propose 17 types d&rsquo;amplis diff\u00e9rents, 29 effets, 10 types de Reverb une tonne de param\u00e8tres qui vous permettront de sculpter, travailler et sauvegarder votre son. Vous pouvez aussi tout simplement tourner la molette et vous exercer sur les 50 programmes d&rsquo;usine Fender\u00ae comprenant basse, batterie et accompagnement ainsi que le son de guitare appropri\u00e9 au style de musique d\u00e9fini dans le programme. Le G-DEC\u2122 propose de surcro\u00eet un \u00e9chantillonneur de 14 secondes. Il poss\u00e8de un synth\u00e9tiseur MIDI complet pouvant \u00eatre pilot\u00e9 par n&rsquo;importe quel clavier externe ou par un ordinateur au travers de fichiers MIDI (MIDI files). Une entr\u00e9e auxiliaire st\u00e9r\u00e9o permet de brancher une platine CD ou lecteur MP3 pour vous accompagner . Il sera id\u00e9al pour les d\u00e9butants qui d\u00e9sirent apprendre \u00e0 jouer en mesure et avec fun. Il conviendra aussi aux guitaristes expriment\u00e9s qui s&rsquo;en serviront comme outil pour la composition de morceaux ou tout simplement pour s&rsquo;entra\u00eener. A vous de jouer!<\/div>\n[\/vc_column_text][\/vc_column][\/vc_row]\n<\/div>","protected":false},"excerpt":{"rendered":"<p><strong>Ampli Combo Guitare Electrique\u00a0 Fender &#8211; GDEC &#8211; 15 Watts tout ce dont vous avez besoin est d\u00e9j\u00e0 l\u00e0! Cet ampli est capable de contenir des sons, loops et playback, de basses et de batteries qui vous aiderons \u00e0 vous exercer et \u00e0 am\u00e9liorer votre jeu !<br \/>\n<\/strong><\/p>\n<p>Notice : <a href=\"http:\/\/musicole78.fr\/wp-content\/uploads\/2017\/01\/G-DEC3_advanced_manual_French.pdf\">G-DEC3_advanced_manual_French<\/a><\/p>\n<p>&nbsp;<\/p>\n","protected":false},"featured_media":4993,"comment_status":"open","ping_status":"closed","template":"","meta":{"_acf_changed":false,"_bbp_topic_count":0,"_bbp_reply_count":0,"_bbp_total_topic_count":0,"_bbp_total_reply_count":0,"_bbp_voice_count":0,"_bbp_anonymous_reply_count":0,"_bbp_topic_count_hidden":0,"_bbp_reply_count_hidden":0,"_bbp_forum_subforum_count":0},"product_brand":[],"product_cat":[82],"product_tag":[135],"class_list":{"0":"post-4992","1":"product","2":"type-product","3":"status-publish","4":"has-post-thumbnail","6":"product_cat-les-petites-annonces","7":"product_tag-ampli-guitare","9":"first","10":"outofstock","11":"sold-individually","12":"product-type-simple"},"acf":[],"aioseo_notices":[],"_links":{"self":[{"href":"https:\/\/musicole78.fr\/index.php?rest_route=\/wp\/v2\/product\/4992","targetHints":{"allow":["GET"]}}],"collection":[{"href":"https:\/\/musicole78.fr\/index.php?rest_route=\/wp\/v2\/product"}],"about":[{"href":"https:\/\/musicole78.fr\/index.php?rest_route=\/wp\/v2\/types\/product"}],"replies":[{"embeddable":true,"href":"https:\/\/musicole78.fr\/index.php?rest_route=%2Fwp%2Fv2%2Fcomments&post=4992"}],"wp:featuredmedia":[{"embeddable":true,"href":"https:\/\/musicole78.fr\/index.php?rest_route=\/wp\/v2\/media\/4993"}],"wp:attachment":[{"href":"https:\/\/musicole78.fr\/index.php?rest_route=%2Fwp%2Fv2%2Fmedia&parent=4992"}],"wp:term":[{"taxonomy":"product_brand","embeddable":true,"href":"https:\/\/musicole78.fr\/index.php?rest_route=%2Fwp%2Fv2%2Fproduct_brand&post=4992"},{"taxonomy":"product_cat","embeddable":true,"href":"https:\/\/musicole78.fr\/index.php?rest_route=%2Fwp%2Fv2%2Fproduct_cat&post=4992"},{"taxonomy":"product_tag","embeddable":true,"href":"https:\/\/musicole78.fr\/index.php?rest_route=%2Fwp%2Fv2%2Fproduct_tag&post=4992"}],"curies":[{"name":"wp","href":"https:\/\/api.w.org\/{rel}","templated":true}]}}