{"id":4996,"date":"2017-01-21T17:10:43","date_gmt":"2017-01-21T16:10:43","guid":{"rendered":"http:\/\/musicole78.fr\/?post_type=product&#038;p=4996"},"modified":"2019-01-11T11:07:04","modified_gmt":"2019-01-11T10:07:04","slug":"ampli-guitare-line-6-micro-spider","status":"publish","type":"product","link":"https:\/\/musicole78.fr\/?product=ampli-guitare-line-6-micro-spider","title":{"rendered":"Ampli Guitare Line 6 micro spider  VENDU"},"content":{"rendered":"<div class=\"wpb-content-wrapper\">[vc_row][vc_column][vc_video link=\u00a0\u00bbhttps:\/\/www.youtube.com\/watch?v=RK0x9hohCbc\u00a0\u00bb][vc_column_text]Ce petit bo\u00eetier est extr\u00eamement muscl\u00e9 : Le son de six piles LR14 (C) de 1,5 V d\u00e9livrant six Watts de pure furie dans un haut-parleur de 16,5 cm n\u2019a jamais sembl\u00e9 autant d\u00e9vastateur. Gr\u00e2ce \u00e0 sa sortie directe ch\u00e8re \u00e0 la gamme Spider, le Micro Spider est parfait pour le travail au casque et l\u2019enregistrement direct sans souci. Que ce soit \u00e0 la maison ou \u00e0 la plage, au studio ou \u00e0 l\u2019arri\u00e8re d\u2019un bus de tourn\u00e9e, le Micro Spider vous offre la c\u00e9l\u00e8bre qualit\u00e9 Line 6.<\/p>\n<p>\u201cLe Micro Spider est tr\u00e8s puissant, rapide et totalement hors de contr\u00f4le\u201d d\u00e9clare Darrell Smith, chef de produit Line 6. \u201cLa combinaison de la polyvalence, de la facilit\u00e9 et de la pure f\u00e9rocit\u00e9 de la gamme Spider III, rend le Micro Spider tout aussi puissant qu\u2019il est compact et portatif\u201d.<\/p>\n<p>Le Micro Spider\u2122 offre la m\u00eame diversit\u00e9 sonore que ses grands fr\u00e8res de la famille Spider. Vous b\u00e9n\u00e9ficiez de sons de fou pour vos guitares \u00e9lectriques ou acoustiques. De plus, gr\u00e2ce \u00e0 son entr\u00e9e micro, le Micro Spider est pr\u00eat \u00e0 hurler pour vous \u2014 o\u00f9 que vous soyez !<\/p>\n<p>Notice en Fran\u00e7ais : <a href=\"http:\/\/musicole78.fr\/wp-content\/uploads\/2017\/01\/Micro-Spider-Pilots-Guide-French-Rev-A-.pdf\">Micro Spider Pilot&rsquo;s Guide &#8211; French ( Rev A )<\/a>[\/vc_column_text][\/vc_column][\/vc_row]\n<\/div>","protected":false},"excerpt":{"rendered":"<p>Le Micro Spider offre des fonctions intuitives, une polyvalence totale et des sons exceptionnels. \u00c9quip\u00e9 d\u2019une gamme impressionnante de mod\u00e8les d\u2019amplis, d\u2019une interface d\u2019effets Smart FX (r\u00e9verb\u00e9ration, Chorus, Tap Delay, etc.) et d\u2019un accordeur pr\u00e9cis et sensible, le Micro Spider offre un son et une polyvalence in\u00e9gal\u00e9s par des amplis deux fois plus gros. De plus, le Micro Spider est l\u00e9ger et compact et offre un plus unique : Vous l\u2019avez toujours avec vous \u2014 peut importe o\u00f9 et quand l\u2019inspiration se manifeste.<\/p>\n","protected":false},"featured_media":4997,"comment_status":"open","ping_status":"closed","template":"","meta":{"_acf_changed":false,"_bbp_topic_count":0,"_bbp_reply_count":0,"_bbp_total_topic_count":0,"_bbp_total_reply_count":0,"_bbp_voice_count":0,"_bbp_anonymous_reply_count":0,"_bbp_topic_count_hidden":0,"_bbp_reply_count_hidden":0,"_bbp_forum_subforum_count":0},"product_brand":[],"product_cat":[82],"product_tag":[135],"class_list":{"0":"post-4996","1":"product","2":"type-product","3":"status-publish","4":"has-post-thumbnail","6":"product_cat-les-petites-annonces","7":"product_tag-ampli-guitare","9":"first","10":"instock","11":"taxable","12":"shipping-taxable","13":"product-type-simple"},"acf":[],"aioseo_notices":[],"_links":{"self":[{"href":"https:\/\/musicole78.fr\/index.php?rest_route=\/wp\/v2\/product\/4996","targetHints":{"allow":["GET"]}}],"collection":[{"href":"https:\/\/musicole78.fr\/index.php?rest_route=\/wp\/v2\/product"}],"about":[{"href":"https:\/\/musicole78.fr\/index.php?rest_route=\/wp\/v2\/types\/product"}],"replies":[{"embeddable":true,"href":"https:\/\/musicole78.fr\/index.php?rest_route=%2Fwp%2Fv2%2Fcomments&post=4996"}],"wp:featuredmedia":[{"embeddable":true,"href":"https:\/\/musicole78.fr\/index.php?rest_route=\/wp\/v2\/media\/4997"}],"wp:attachment":[{"href":"https:\/\/musicole78.fr\/index.php?rest_route=%2Fwp%2Fv2%2Fmedia&parent=4996"}],"wp:term":[{"taxonomy":"product_brand","embeddable":true,"href":"https:\/\/musicole78.fr\/index.php?rest_route=%2Fwp%2Fv2%2Fproduct_brand&post=4996"},{"taxonomy":"product_cat","embeddable":true,"href":"https:\/\/musicole78.fr\/index.php?rest_route=%2Fwp%2Fv2%2Fproduct_cat&post=4996"},{"taxonomy":"product_tag","embeddable":true,"href":"https:\/\/musicole78.fr\/index.php?rest_route=%2Fwp%2Fv2%2Fproduct_tag&post=4996"}],"curies":[{"name":"wp","href":"https:\/\/api.w.org\/{rel}","templated":true}]}}