{"id":5101,"date":"2017-01-28T13:58:36","date_gmt":"2017-01-28T12:58:36","guid":{"rendered":"http:\/\/musicole78.fr\/?post_type=product&#038;p=5101"},"modified":"2024-06-20T13:19:36","modified_gmt":"2024-06-20T12:19:36","slug":"cable-multipaire-164-30m","status":"publish","type":"product","link":"https:\/\/musicole78.fr\/?product=cable-multipaire-164-30m","title":{"rendered":"CABLE MULTIPAIRE   16\/4 30m"},"content":{"rendered":"<p>&nbsp;<\/p>\n<ul>\n<li>&#8211; Boitier M\u00e9tal haute r\u00e9sistance<\/li>\n<li>&#8211; &#8211; Blindage par paire<\/li>\n<li>&#8211; &#8211; Connecteurs XLR M\u00e9tal PRO<\/li>\n<li>&#8211; &#8211; 16 in \/ 4 out<\/li>\n<li>&#8211; &#8211; 30 m\u00e8tres<\/li>\n<\/ul>\n<p>&nbsp;<\/p>\n<p>&nbsp;<\/p>\n","protected":false},"excerpt":{"rendered":"<p>CABLE MULTIPAIRE\u00a0\u00a0 16\/4 30m ; Ces boitiers de sc\u00e8ne sont construits \u00e0 partir de composants de premier choix en associant qualit\u00e9 et fiabilit\u00e9. Rapport qualit\u00e9\/prix et long\u00e9vit\u00e9 exceptionnels.<\/p>\n","protected":false},"featured_media":5104,"comment_status":"open","ping_status":"closed","template":"","meta":{"_acf_changed":false,"_bbp_topic_count":0,"_bbp_reply_count":0,"_bbp_total_topic_count":0,"_bbp_total_reply_count":0,"_bbp_voice_count":0,"_bbp_anonymous_reply_count":0,"_bbp_topic_count_hidden":0,"_bbp_reply_count_hidden":0,"_bbp_forum_subforum_count":0},"product_brand":[],"product_cat":[82],"product_tag":[139,138],"class_list":{"0":"post-5101","1":"product","2":"type-product","3":"status-publish","4":"has-post-thumbnail","6":"product_cat-les-petites-annonces","7":"product_tag-mixage","8":"product_tag-sono","9":"product_shipping_class-colis-lourd","11":"first","12":"instock","13":"sale","14":"taxable","15":"shipping-taxable","16":"purchasable","17":"product-type-simple"},"acf":[],"aioseo_notices":[],"_links":{"self":[{"href":"https:\/\/musicole78.fr\/index.php?rest_route=\/wp\/v2\/product\/5101","targetHints":{"allow":["GET"]}}],"collection":[{"href":"https:\/\/musicole78.fr\/index.php?rest_route=\/wp\/v2\/product"}],"about":[{"href":"https:\/\/musicole78.fr\/index.php?rest_route=\/wp\/v2\/types\/product"}],"replies":[{"embeddable":true,"href":"https:\/\/musicole78.fr\/index.php?rest_route=%2Fwp%2Fv2%2Fcomments&post=5101"}],"wp:featuredmedia":[{"embeddable":true,"href":"https:\/\/musicole78.fr\/index.php?rest_route=\/wp\/v2\/media\/5104"}],"wp:attachment":[{"href":"https:\/\/musicole78.fr\/index.php?rest_route=%2Fwp%2Fv2%2Fmedia&parent=5101"}],"wp:term":[{"taxonomy":"product_brand","embeddable":true,"href":"https:\/\/musicole78.fr\/index.php?rest_route=%2Fwp%2Fv2%2Fproduct_brand&post=5101"},{"taxonomy":"product_cat","embeddable":true,"href":"https:\/\/musicole78.fr\/index.php?rest_route=%2Fwp%2Fv2%2Fproduct_cat&post=5101"},{"taxonomy":"product_tag","embeddable":true,"href":"https:\/\/musicole78.fr\/index.php?rest_route=%2Fwp%2Fv2%2Fproduct_tag&post=5101"}],"curies":[{"name":"wp","href":"https:\/\/api.w.org\/{rel}","templated":true}]}}