{"id":5107,"date":"2017-01-29T11:12:27","date_gmt":"2017-01-29T10:12:27","guid":{"rendered":"http:\/\/musicole78.fr\/?post_type=product&#038;p=5107"},"modified":"2017-02-03T13:09:33","modified_gmt":"2017-02-03T12:09:33","slug":"carte-son-rme-fireface-400","status":"publish","type":"product","link":"https:\/\/musicole78.fr\/?product=carte-son-rme-fireface-400","title":{"rendered":"Carte Son Rme &#8211; Fireface 400 Vendue"},"content":{"rendered":"<div>Apr\u00e8s avoir r\u00e9volutionn\u00e9 le monde des interfaces audio FireWire avec la Fireface 800, RME continue sur sa lan\u00e7\u00e9e avec la Fireface 400. Il ne s&rsquo;agit pas d&rsquo;une version simplifie de la Fireface 800, mais bien d&rsquo;une nouvelle interface avec un design bien sp\u00e9cifique. C&rsquo;est la seule interface de sa cat\u00e9gorie \u00e0 proposer une suppression active du jitter, un fonctionnement en mode autonome, un contr\u00f4le complet \u00e0 partir de la face avant, une gestion des entres\/sorties souple et de qualit\u00e9 professionnelle, une matrice de routing de 648 canaux, le tout \u00e0 des fr\u00e9quences d&rsquo;\u00e9chantillonnage allant jusqu&rsquo; 192 kHz.<\/div>\n","protected":false},"excerpt":{"rendered":"<div>Interface Audio Num\u00e9rique FireWire, 36 canaux 24 bits 192 kHz, excelle en tant que solution portable tout en un !<\/div>\n<div>Notice en Fran\u00e7ais : <a href=\"http:\/\/musicole78.fr\/wp-content\/uploads\/2017\/01\/FireFace400.pdf\">FireFace400<\/a><\/div>\n<div>VENDUE<\/div>\n","protected":false},"featured_media":5108,"comment_status":"open","ping_status":"closed","template":"","meta":{"_acf_changed":false,"_bbp_topic_count":0,"_bbp_reply_count":0,"_bbp_total_topic_count":0,"_bbp_total_reply_count":0,"_bbp_voice_count":0,"_bbp_anonymous_reply_count":0,"_bbp_topic_count_hidden":0,"_bbp_reply_count_hidden":0,"_bbp_forum_subforum_count":0},"product_brand":[],"product_cat":[82],"product_tag":[139,138],"class_list":{"0":"post-5107","1":"product","2":"type-product","3":"status-publish","4":"has-post-thumbnail","6":"product_cat-les-petites-annonces","7":"product_tag-mixage","8":"product_tag-sono","10":"first","11":"instock","12":"taxable","13":"shipping-taxable","14":"product-type-simple"},"acf":[],"aioseo_notices":[],"_links":{"self":[{"href":"https:\/\/musicole78.fr\/index.php?rest_route=\/wp\/v2\/product\/5107","targetHints":{"allow":["GET"]}}],"collection":[{"href":"https:\/\/musicole78.fr\/index.php?rest_route=\/wp\/v2\/product"}],"about":[{"href":"https:\/\/musicole78.fr\/index.php?rest_route=\/wp\/v2\/types\/product"}],"replies":[{"embeddable":true,"href":"https:\/\/musicole78.fr\/index.php?rest_route=%2Fwp%2Fv2%2Fcomments&post=5107"}],"wp:featuredmedia":[{"embeddable":true,"href":"https:\/\/musicole78.fr\/index.php?rest_route=\/wp\/v2\/media\/5108"}],"wp:attachment":[{"href":"https:\/\/musicole78.fr\/index.php?rest_route=%2Fwp%2Fv2%2Fmedia&parent=5107"}],"wp:term":[{"taxonomy":"product_brand","embeddable":true,"href":"https:\/\/musicole78.fr\/index.php?rest_route=%2Fwp%2Fv2%2Fproduct_brand&post=5107"},{"taxonomy":"product_cat","embeddable":true,"href":"https:\/\/musicole78.fr\/index.php?rest_route=%2Fwp%2Fv2%2Fproduct_cat&post=5107"},{"taxonomy":"product_tag","embeddable":true,"href":"https:\/\/musicole78.fr\/index.php?rest_route=%2Fwp%2Fv2%2Fproduct_tag&post=5107"}],"curies":[{"name":"wp","href":"https:\/\/api.w.org\/{rel}","templated":true}]}}