{"id":5128,"date":"2017-01-31T13:02:42","date_gmt":"2017-01-31T12:02:42","guid":{"rendered":"http:\/\/musicole78.fr\/?post_type=product&#038;p=5128"},"modified":"2024-06-20T13:56:49","modified_gmt":"2024-06-20T12:56:49","slug":"clavier-maitre-m-audio-axiom-25","status":"publish","type":"product","link":"https:\/\/musicole78.fr\/?product=clavier-maitre-m-audio-axiom-25","title":{"rendered":"Clavier Ma\u00eetre  M AUDIO &#8211; Axiom 25"},"content":{"rendered":"<div>Le contr\u00f4leur compact M-Audio\u00ae Axiom 25 portable vous offre toute la puissance de production et les performances dont vous avez besoin pour profiter au maximum de votre logiciel de musique et de votre \u00e9quipement MIDI. Bien plus qu&rsquo;un simple contr\u00f4leur de saisie de donn\u00e9es, le clavier Axiom 25 est dot\u00e9 de touches de type piano semi-lourdes pour satisfaire votre exp\u00e9rience de jeu, tout en \u00e9tant suffisamment compact pour tenir dans votre sac \u00e0 dos. Il est \u00e9galement \u00e9quip\u00e9 de pads d\u00e9clencheurs dynamiques de grande taille pour une programmation facilit\u00e9e des rythmes et le d\u00e9clenchement instantan\u00e9 d&rsquo;\u00e9chantillons non r\u00e9p\u00e9titifs, tandis que les boutons encodeurs vous offrent un contr\u00f4le total sur votre logiciel en temps r\u00e9el. Le mode DirectLink offre un acc\u00e8s simplifi\u00e9 et automatique aux fonctions courantes des stations de travail audionum\u00e9riques, telles que les commandes de transport, de mixage et de panoramique des pistes, ainsi qu&rsquo;aux param\u00e8tres d&rsquo;instruments virtuels, sans n\u00e9cessiter de configuration complexe. Le contr\u00f4leur Axiom 25 comporte m\u00eame un panneau sup\u00e9rieur \u00e9l\u00e9gant inclin\u00e9 pour faciliter la lecture dans n&rsquo;importe quel environnement.<\/div>\n","protected":false},"excerpt":{"rendered":"<div>Contrleur clavier ma\u00eetre MIDI USB\u00a0 25 touches semi-lourdes type piano M-AUDIO Axiom 25, large cran LCD, Fonction Direct Link. une R\u00e9f\u00e9rence !<\/div>\n<div>Notice en Fran\u00e7ais : <a href=\"http:\/\/musicole78.fr\/wp-content\/uploads\/2017\/01\/Axiom-Guide-d-utilisation-v1.0-Francais.pdf\">Axiom &#8211; Guide d utilisation &#8211; v1.0 &#8211; Francais<\/a><\/div>\n","protected":false},"featured_media":5129,"comment_status":"open","ping_status":"closed","template":"","meta":{"_acf_changed":false,"_bbp_topic_count":0,"_bbp_reply_count":0,"_bbp_total_topic_count":0,"_bbp_total_reply_count":0,"_bbp_voice_count":0,"_bbp_anonymous_reply_count":0,"_bbp_topic_count_hidden":0,"_bbp_reply_count_hidden":0,"_bbp_forum_subforum_count":0},"product_brand":[],"product_cat":[82],"product_tag":[149],"class_list":{"0":"post-5128","1":"product","2":"type-product","3":"status-publish","4":"has-post-thumbnail","6":"product_cat-les-petites-annonces","7":"product_tag-clavier","8":"product_shipping_class-colis-moyen","10":"first","11":"instock","12":"sale","13":"purchasable","14":"product-type-simple"},"acf":[],"aioseo_notices":[],"_links":{"self":[{"href":"https:\/\/musicole78.fr\/index.php?rest_route=\/wp\/v2\/product\/5128","targetHints":{"allow":["GET"]}}],"collection":[{"href":"https:\/\/musicole78.fr\/index.php?rest_route=\/wp\/v2\/product"}],"about":[{"href":"https:\/\/musicole78.fr\/index.php?rest_route=\/wp\/v2\/types\/product"}],"replies":[{"embeddable":true,"href":"https:\/\/musicole78.fr\/index.php?rest_route=%2Fwp%2Fv2%2Fcomments&post=5128"}],"wp:featuredmedia":[{"embeddable":true,"href":"https:\/\/musicole78.fr\/index.php?rest_route=\/wp\/v2\/media\/5129"}],"wp:attachment":[{"href":"https:\/\/musicole78.fr\/index.php?rest_route=%2Fwp%2Fv2%2Fmedia&parent=5128"}],"wp:term":[{"taxonomy":"product_brand","embeddable":true,"href":"https:\/\/musicole78.fr\/index.php?rest_route=%2Fwp%2Fv2%2Fproduct_brand&post=5128"},{"taxonomy":"product_cat","embeddable":true,"href":"https:\/\/musicole78.fr\/index.php?rest_route=%2Fwp%2Fv2%2Fproduct_cat&post=5128"},{"taxonomy":"product_tag","embeddable":true,"href":"https:\/\/musicole78.fr\/index.php?rest_route=%2Fwp%2Fv2%2Fproduct_tag&post=5128"}],"curies":[{"name":"wp","href":"https:\/\/api.w.org\/{rel}","templated":true}]}}