{"id":5256,"date":"2017-02-08T20:29:57","date_gmt":"2017-02-08T19:29:57","guid":{"rendered":"http:\/\/musicole78.fr\/?post_type=product&#038;p=5256"},"modified":"2024-11-15T09:56:03","modified_gmt":"2024-11-15T08:56:03","slug":"entree-pestacle-musicole","status":"publish","type":"product","link":"https:\/\/musicole78.fr\/?product=entree-pestacle-musicole","title":{"rendered":"Entr\u00e9e Pestacle Music&rsquo;Ole"},"content":{"rendered":"<div class=\"wpb-content-wrapper\">[vc_row][vc_column][vc_column_text css=\u00a0\u00bb\u00a0\u00bb]\n<ul>\n<li>Comme chaque ann\u00e9e, CONTRASTE organise\u00a0 une soir\u00e9e \u00e0 th\u00e8me.<\/li>\n<\/ul>\n<div align=\"center\">\n<p>\u00ab\u00a0MUSIC\u2019OLE \u00a0\u00bb est un spectacle o\u00f9 tout le monde est d\u00e9guis\u00e9, les artistes ainsi que les spectateurs.<\/p>\n<p>A vous de trouver LE costume qui vous mettra en lumi\u00e8re.<\/p>\n<h2 class=\"slider-post-title\">Vari\u00e9es et de qualit\u00e9s<\/h2>\n<p>Ces prestations vous feront passer une soir\u00e9e inoubliable et contrast\u00e9e !<\/p>\n<\/div>\n[\/vc_column_text][\/vc_column][\/vc_row]\n<\/div>","protected":false},"excerpt":{"rendered":"<p>Soir\u00e9e\u00a0d\u00e9guis\u00e9e Music\u2019Ole\u2019 \u00a0&#8230; <a href=\"https:\/\/musicole78.fr\/?page_id=3261\" target=\"_blank\" rel=\"noopener\">En savoir plus<\/a><\/p>\n<div align=\"center\">Sc\u00e8ne ouverte pour petits et grands talents.<\/div>\n<div align=\"center\">C\u2019est un spectacle o\u00f9 tout le monde est d\u00e9guis\u00e9 les artistes et les spectateurs.<\/div>\n<div align=\"center\">Ambiance conviviale et chaleureuse !<\/div>\n","protected":false},"featured_media":444,"comment_status":"open","ping_status":"closed","template":"","meta":{"_acf_changed":false,"_bbp_topic_count":0,"_bbp_reply_count":0,"_bbp_total_topic_count":0,"_bbp_total_reply_count":0,"_bbp_voice_count":0,"_bbp_anonymous_reply_count":0,"_bbp_topic_count_hidden":0,"_bbp_reply_count_hidden":0,"_bbp_forum_subforum_count":0},"product_brand":[],"product_cat":[153,163],"product_tag":[152],"class_list":{"0":"post-5256","1":"product","2":"type-product","3":"status-publish","4":"has-post-thumbnail","6":"product_cat-les-spectacles","7":"product_cat-les-spectacles-musicole","8":"product_tag-spectacle","10":"first","11":"instock","12":"virtual","13":"purchasable","14":"product-type-simple"},"acf":[],"aioseo_notices":[],"_links":{"self":[{"href":"https:\/\/musicole78.fr\/index.php?rest_route=\/wp\/v2\/product\/5256","targetHints":{"allow":["GET"]}}],"collection":[{"href":"https:\/\/musicole78.fr\/index.php?rest_route=\/wp\/v2\/product"}],"about":[{"href":"https:\/\/musicole78.fr\/index.php?rest_route=\/wp\/v2\/types\/product"}],"replies":[{"embeddable":true,"href":"https:\/\/musicole78.fr\/index.php?rest_route=%2Fwp%2Fv2%2Fcomments&post=5256"}],"wp:featuredmedia":[{"embeddable":true,"href":"https:\/\/musicole78.fr\/index.php?rest_route=\/wp\/v2\/media\/444"}],"wp:attachment":[{"href":"https:\/\/musicole78.fr\/index.php?rest_route=%2Fwp%2Fv2%2Fmedia&parent=5256"}],"wp:term":[{"taxonomy":"product_brand","embeddable":true,"href":"https:\/\/musicole78.fr\/index.php?rest_route=%2Fwp%2Fv2%2Fproduct_brand&post=5256"},{"taxonomy":"product_cat","embeddable":true,"href":"https:\/\/musicole78.fr\/index.php?rest_route=%2Fwp%2Fv2%2Fproduct_cat&post=5256"},{"taxonomy":"product_tag","embeddable":true,"href":"https:\/\/musicole78.fr\/index.php?rest_route=%2Fwp%2Fv2%2Fproduct_tag&post=5256"}],"curies":[{"name":"wp","href":"https:\/\/api.w.org\/{rel}","templated":true}]}}