{"id":5966,"date":"2017-08-09T17:37:43","date_gmt":"2017-08-09T16:37:43","guid":{"rendered":"http:\/\/musicole78.fr\/?post_type=product&#038;p=5966"},"modified":"2026-02-16T15:41:40","modified_gmt":"2026-02-16T14:41:40","slug":"lecture-de-notes","status":"publish","type":"product","link":"https:\/\/musicole78.fr\/?product=lecture-de-notes","title":{"rendered":"Lecture de notes"},"content":{"rendered":"","protected":false},"excerpt":{"rendered":"<p>Pour jouer d&rsquo;un instrument, il faut parfois passer par l&rsquo;apprentissage du solf\u00e8ge. Voici une m\u00e9thode pour rapidement d\u00e9chiffrer une partition !<\/p>\n","protected":false},"featured_media":5967,"comment_status":"open","ping_status":"closed","template":"","meta":{"_acf_changed":false,"_bbp_topic_count":0,"_bbp_reply_count":0,"_bbp_total_topic_count":0,"_bbp_total_reply_count":0,"_bbp_voice_count":0,"_bbp_anonymous_reply_count":0,"_bbp_topic_count_hidden":0,"_bbp_reply_count_hidden":0,"_bbp_forum_subforum_count":0},"product_brand":[],"product_cat":[32,177,34,36,37,53,156,157,158,161],"product_tag":[],"class_list":{"0":"post-5966","1":"product","2":"type-product","3":"status-publish","4":"has-post-thumbnail","6":"product_cat-partitions","7":"product_cat-partitions-methode-piano","8":"product_cat-partitions-guitare","9":"product_cat-partitions-guitare-classique","10":"product_cat-partitions-methode-guitare","11":"product_cat-partitions-solfege","12":"product_cat-videos-guitare-classique","13":"product_cat-partitions-videos-piano","14":"product_cat-partitions-videos-piano-classique","15":"product_cat-partitions-videos-piano-variete","17":"first","18":"instock","19":"downloadable","20":"virtual","21":"purchasable","22":"product-type-simple"},"acf":[],"aioseo_notices":[],"_links":{"self":[{"href":"https:\/\/musicole78.fr\/index.php?rest_route=\/wp\/v2\/product\/5966","targetHints":{"allow":["GET"]}}],"collection":[{"href":"https:\/\/musicole78.fr\/index.php?rest_route=\/wp\/v2\/product"}],"about":[{"href":"https:\/\/musicole78.fr\/index.php?rest_route=\/wp\/v2\/types\/product"}],"replies":[{"embeddable":true,"href":"https:\/\/musicole78.fr\/index.php?rest_route=%2Fwp%2Fv2%2Fcomments&post=5966"}],"wp:featuredmedia":[{"embeddable":true,"href":"https:\/\/musicole78.fr\/index.php?rest_route=\/wp\/v2\/media\/5967"}],"wp:attachment":[{"href":"https:\/\/musicole78.fr\/index.php?rest_route=%2Fwp%2Fv2%2Fmedia&parent=5966"}],"wp:term":[{"taxonomy":"product_brand","embeddable":true,"href":"https:\/\/musicole78.fr\/index.php?rest_route=%2Fwp%2Fv2%2Fproduct_brand&post=5966"},{"taxonomy":"product_cat","embeddable":true,"href":"https:\/\/musicole78.fr\/index.php?rest_route=%2Fwp%2Fv2%2Fproduct_cat&post=5966"},{"taxonomy":"product_tag","embeddable":true,"href":"https:\/\/musicole78.fr\/index.php?rest_route=%2Fwp%2Fv2%2Fproduct_tag&post=5966"}],"curies":[{"name":"wp","href":"https:\/\/api.w.org\/{rel}","templated":true}]}}