{"id":5973,"date":"2017-08-12T16:23:22","date_gmt":"2017-08-12T15:23:22","guid":{"rendered":"http:\/\/musicole78.fr\/?post_type=product&#038;p=5973"},"modified":"2020-03-17T18:57:09","modified_gmt":"2020-03-17T17:57:09","slug":"piano-recueil-1","status":"publish","type":"product","link":"https:\/\/musicole78.fr\/?product=piano-recueil-1","title":{"rendered":"Piano Recueil N\u00b01"},"content":{"rendered":"<div class=\"wpb-content-wrapper\">[vc_row][vc_column][vc_column_text]Enfin ! Depuis tr\u00e8s longtemps j\u2019exp\u00e9rimente diff\u00e9rentes m\u00e9thodes de piano pour enseigner. Ce recueil synth\u00e9tise mes ann\u00e9es de professorat et permet d\u2019aller \u00e0 l\u2019essentiel tout en jouant rapidement, en se faisant plaisir. Laurent Schmid.[\/vc_column_text][\/vc_column][\/vc_row]\n<\/div>","protected":false},"excerpt":{"rendered":"<p>Tr\u00e8s bonne m\u00e9thode pour d\u00e9buter le piano !<\/p>\n","protected":false},"featured_media":5977,"comment_status":"open","ping_status":"closed","template":"","meta":{"_acf_changed":false,"_bbp_topic_count":0,"_bbp_reply_count":0,"_bbp_total_topic_count":0,"_bbp_total_reply_count":0,"_bbp_voice_count":0,"_bbp_anonymous_reply_count":0,"_bbp_topic_count_hidden":0,"_bbp_reply_count_hidden":0,"_bbp_forum_subforum_count":0},"product_brand":[],"product_cat":[35,177],"product_tag":[179,178],"class_list":{"0":"post-5973","1":"product","2":"type-product","3":"status-publish","4":"has-post-thumbnail","6":"product_cat-boutique-partitions-piano","7":"product_cat-partitions-methode-piano","8":"product_tag-methode","9":"product_tag-piano","11":"first","12":"instock","13":"downloadable","14":"virtual","15":"purchasable","16":"product-type-simple"},"acf":[],"aioseo_notices":[],"_links":{"self":[{"href":"https:\/\/musicole78.fr\/index.php?rest_route=\/wp\/v2\/product\/5973","targetHints":{"allow":["GET"]}}],"collection":[{"href":"https:\/\/musicole78.fr\/index.php?rest_route=\/wp\/v2\/product"}],"about":[{"href":"https:\/\/musicole78.fr\/index.php?rest_route=\/wp\/v2\/types\/product"}],"replies":[{"embeddable":true,"href":"https:\/\/musicole78.fr\/index.php?rest_route=%2Fwp%2Fv2%2Fcomments&post=5973"}],"wp:featuredmedia":[{"embeddable":true,"href":"https:\/\/musicole78.fr\/index.php?rest_route=\/wp\/v2\/media\/5977"}],"wp:attachment":[{"href":"https:\/\/musicole78.fr\/index.php?rest_route=%2Fwp%2Fv2%2Fmedia&parent=5973"}],"wp:term":[{"taxonomy":"product_brand","embeddable":true,"href":"https:\/\/musicole78.fr\/index.php?rest_route=%2Fwp%2Fv2%2Fproduct_brand&post=5973"},{"taxonomy":"product_cat","embeddable":true,"href":"https:\/\/musicole78.fr\/index.php?rest_route=%2Fwp%2Fv2%2Fproduct_cat&post=5973"},{"taxonomy":"product_tag","embeddable":true,"href":"https:\/\/musicole78.fr\/index.php?rest_route=%2Fwp%2Fv2%2Fproduct_tag&post=5973"}],"curies":[{"name":"wp","href":"https:\/\/api.w.org\/{rel}","templated":true}]}}