{"id":6083,"date":"2017-09-05T15:41:48","date_gmt":"2017-09-05T14:41:48","guid":{"rendered":"http:\/\/musicole78.fr\/?post_type=product&#038;p=6083"},"modified":"2024-06-20T13:18:08","modified_gmt":"2024-06-20T12:18:08","slug":"cahier-de-musique","status":"publish","type":"product","link":"https:\/\/musicole78.fr\/?product=cahier-de-musique","title":{"rendered":"Cahier de Musique"},"content":{"rendered":"<p><strong>Cahier de\u00a0musique\u00a0 48 pages.<\/strong><\/p>\n<p>Dimension :\u00a017 x 22 cm.<\/p>\n<p>Cahier de devoir reliure piq\u00fbre.<\/p>\n<p>Nombre de page : 48. 24 pages grands carreaux 90g. 24 pages musique 90g.<\/p>\n<p>Grands carreaux.<\/p>\n<p>Qualit\u00e9 sup\u00e9rieure.<\/p>\n<p>90 grammes.<\/p>\n<p>Cette marque NF Environnement conjugue qualit\u00e9 et environnement : aptitude \u00e0 l&rsquo;usage, limitation des impacts environnementaux li\u00e9s \u00e0 l&rsquo;impression et \u00e0 la fabrication du papier et du produit.<\/p>\n<p>AFAQ AFNOR Certification.<\/p>\n<p><img loading=\"lazy\" decoding=\"async\" src=\"http:\/\/www.milleproduits.com\/img\/cms\/Cahier\/cahier-de-musique.jpg\" alt=\"cahier-de-musique-scolaire\" width=\"65\" height=\"77\" \/><\/p>\n","protected":false},"excerpt":{"rendered":"<p>Cahier de musique 48 pages<\/p>\n","protected":false},"featured_media":6087,"comment_status":"open","ping_status":"closed","template":"","meta":{"_acf_changed":false,"_bbp_topic_count":0,"_bbp_reply_count":0,"_bbp_total_topic_count":0,"_bbp_total_reply_count":0,"_bbp_voice_count":0,"_bbp_anonymous_reply_count":0,"_bbp_topic_count_hidden":0,"_bbp_reply_count_hidden":0,"_bbp_forum_subforum_count":0},"product_brand":[],"product_cat":[53],"product_tag":[],"class_list":{"0":"post-6083","1":"product","2":"type-product","3":"status-publish","4":"has-post-thumbnail","6":"product_cat-partitions-solfege","7":"product_shipping_class-colis-leger","9":"first","10":"instock","11":"virtual","12":"purchasable","13":"product-type-simple"},"acf":[],"aioseo_notices":[],"_links":{"self":[{"href":"https:\/\/musicole78.fr\/index.php?rest_route=\/wp\/v2\/product\/6083","targetHints":{"allow":["GET"]}}],"collection":[{"href":"https:\/\/musicole78.fr\/index.php?rest_route=\/wp\/v2\/product"}],"about":[{"href":"https:\/\/musicole78.fr\/index.php?rest_route=\/wp\/v2\/types\/product"}],"replies":[{"embeddable":true,"href":"https:\/\/musicole78.fr\/index.php?rest_route=%2Fwp%2Fv2%2Fcomments&post=6083"}],"wp:featuredmedia":[{"embeddable":true,"href":"https:\/\/musicole78.fr\/index.php?rest_route=\/wp\/v2\/media\/6087"}],"wp:attachment":[{"href":"https:\/\/musicole78.fr\/index.php?rest_route=%2Fwp%2Fv2%2Fmedia&parent=6083"}],"wp:term":[{"taxonomy":"product_brand","embeddable":true,"href":"https:\/\/musicole78.fr\/index.php?rest_route=%2Fwp%2Fv2%2Fproduct_brand&post=6083"},{"taxonomy":"product_cat","embeddable":true,"href":"https:\/\/musicole78.fr\/index.php?rest_route=%2Fwp%2Fv2%2Fproduct_cat&post=6083"},{"taxonomy":"product_tag","embeddable":true,"href":"https:\/\/musicole78.fr\/index.php?rest_route=%2Fwp%2Fv2%2Fproduct_tag&post=6083"}],"curies":[{"name":"wp","href":"https:\/\/api.w.org\/{rel}","templated":true}]}}