{"id":6089,"date":"2017-09-06T09:42:12","date_gmt":"2017-09-06T08:42:12","guid":{"rendered":"http:\/\/musicole78.fr\/?post_type=product&#038;p=6089"},"modified":"2019-04-05T09:57:06","modified_gmt":"2019-04-05T08:57:06","slug":"pack-03-recueil-piano-n1-lecture-rythme","status":"publish","type":"product","link":"https:\/\/musicole78.fr\/?product=pack-03-recueil-piano-n1-lecture-rythme","title":{"rendered":"Pack 03 Recueil Piano N\u00b01 + Lecture Rythme"},"content":{"rendered":"","protected":false},"excerpt":{"rendered":"<p>Voici un Pack comprenant un recueil d&rsquo;apprentissage pour le piano ainsi qu&rsquo;un recueil de lecture rythmique. Vous voici \u00e9quip\u00e9 pour appr\u00e9hender votre premi\u00e8re ann\u00e9e de piano !<\/p>\n[gallery ids=\"5977,5968,5974,5975,5976,5962,5963\"]\n","protected":false},"featured_media":5977,"comment_status":"open","ping_status":"closed","template":"","meta":{"_acf_changed":false,"_bbp_topic_count":0,"_bbp_reply_count":0,"_bbp_total_topic_count":0,"_bbp_total_reply_count":0,"_bbp_voice_count":0,"_bbp_anonymous_reply_count":0,"_bbp_topic_count_hidden":0,"_bbp_reply_count_hidden":0,"_bbp_forum_subforum_count":0},"product_brand":[],"product_cat":[32,35,42,86,177],"product_tag":[],"class_list":{"0":"post-6089","1":"product","2":"type-product","3":"status-publish","4":"has-post-thumbnail","6":"product_cat-partitions","7":"product_cat-boutique-partitions-piano","8":"product_cat-partitions-piano-classique","9":"product_cat-partitions-piano-variete","10":"product_cat-partitions-methode-piano","12":"first","13":"instock","14":"sale","15":"downloadable","16":"virtual","17":"purchasable","18":"product-type-simple"},"acf":[],"aioseo_notices":[],"_links":{"self":[{"href":"https:\/\/musicole78.fr\/index.php?rest_route=\/wp\/v2\/product\/6089","targetHints":{"allow":["GET"]}}],"collection":[{"href":"https:\/\/musicole78.fr\/index.php?rest_route=\/wp\/v2\/product"}],"about":[{"href":"https:\/\/musicole78.fr\/index.php?rest_route=\/wp\/v2\/types\/product"}],"replies":[{"embeddable":true,"href":"https:\/\/musicole78.fr\/index.php?rest_route=%2Fwp%2Fv2%2Fcomments&post=6089"}],"wp:featuredmedia":[{"embeddable":true,"href":"https:\/\/musicole78.fr\/index.php?rest_route=\/wp\/v2\/media\/5977"}],"wp:attachment":[{"href":"https:\/\/musicole78.fr\/index.php?rest_route=%2Fwp%2Fv2%2Fmedia&parent=6089"}],"wp:term":[{"taxonomy":"product_brand","embeddable":true,"href":"https:\/\/musicole78.fr\/index.php?rest_route=%2Fwp%2Fv2%2Fproduct_brand&post=6089"},{"taxonomy":"product_cat","embeddable":true,"href":"https:\/\/musicole78.fr\/index.php?rest_route=%2Fwp%2Fv2%2Fproduct_cat&post=6089"},{"taxonomy":"product_tag","embeddable":true,"href":"https:\/\/musicole78.fr\/index.php?rest_route=%2Fwp%2Fv2%2Fproduct_tag&post=6089"}],"curies":[{"name":"wp","href":"https:\/\/api.w.org\/{rel}","templated":true}]}}