{"id":8377,"date":"2019-05-04T08:26:03","date_gmt":"2019-05-04T07:26:03","guid":{"rendered":"https:\/\/musicole78.fr\/?post_type=product&#038;p=8377"},"modified":"2020-12-17T09:25:18","modified_gmt":"2020-12-17T08:25:18","slug":"mad-world-guitare","status":"publish","type":"product","link":"https:\/\/musicole78.fr\/?product=mad-world-guitare","title":{"rendered":"Mad World Guitare"},"content":{"rendered":"<div class=\"wpb-content-wrapper\">[vc_row][vc_column][vc_video link=\u00a0\u00bbhttps:\/\/youtu.be\/QwwaeCTThfI\u00a0\u00bb align=\u00a0\u00bbcenter\u00a0\u00bb src=\u00a0\u00bb\u00ab\u00a0https:\/\/www.youtube.com\/embed\/QwwaeCTThfI\u00ab\u00a0\u00a0\u00bb width=\u00a0\u00bb\u00ab\u00a0560\u00ab\u00a0\u00a0\u00bb height=\u00a0\u00bb\u00ab\u00a0315\u00ab\u00a0\u00a0\u00bb frameborder=\u00a0\u00bb\u00ab\u00a00\u00ab\u00a0\u00ab\u00a0][\/vc_column][\/vc_row]\n<\/div>","protected":false},"excerpt":{"rendered":"<p>Une jolie m\u00e9lodie pouvant \u00eatre jou\u00e9 \u00e0 la guitare par un d\u00e9butant !<\/p>\n","protected":false},"featured_media":8375,"comment_status":"open","ping_status":"closed","template":"","meta":{"_acf_changed":false,"_bbp_topic_count":0,"_bbp_reply_count":0,"_bbp_total_topic_count":0,"_bbp_total_reply_count":0,"_bbp_voice_count":0,"_bbp_anonymous_reply_count":0,"_bbp_topic_count_hidden":0,"_bbp_reply_count_hidden":0,"_bbp_forum_subforum_count":0},"product_brand":[],"product_cat":[40,160],"product_tag":[],"class_list":{"0":"post-8377","1":"product","2":"type-product","3":"status-publish","4":"has-post-thumbnail","6":"product_cat-partitions-guitare-variete","7":"product_cat-videos-guitare-variete","9":"first","10":"instock","11":"downloadable","12":"virtual","13":"purchasable","14":"product-type-simple"},"acf":[],"aioseo_notices":[],"_links":{"self":[{"href":"https:\/\/musicole78.fr\/index.php?rest_route=\/wp\/v2\/product\/8377","targetHints":{"allow":["GET"]}}],"collection":[{"href":"https:\/\/musicole78.fr\/index.php?rest_route=\/wp\/v2\/product"}],"about":[{"href":"https:\/\/musicole78.fr\/index.php?rest_route=\/wp\/v2\/types\/product"}],"replies":[{"embeddable":true,"href":"https:\/\/musicole78.fr\/index.php?rest_route=%2Fwp%2Fv2%2Fcomments&post=8377"}],"wp:featuredmedia":[{"embeddable":true,"href":"https:\/\/musicole78.fr\/index.php?rest_route=\/wp\/v2\/media\/8375"}],"wp:attachment":[{"href":"https:\/\/musicole78.fr\/index.php?rest_route=%2Fwp%2Fv2%2Fmedia&parent=8377"}],"wp:term":[{"taxonomy":"product_brand","embeddable":true,"href":"https:\/\/musicole78.fr\/index.php?rest_route=%2Fwp%2Fv2%2Fproduct_brand&post=8377"},{"taxonomy":"product_cat","embeddable":true,"href":"https:\/\/musicole78.fr\/index.php?rest_route=%2Fwp%2Fv2%2Fproduct_cat&post=8377"},{"taxonomy":"product_tag","embeddable":true,"href":"https:\/\/musicole78.fr\/index.php?rest_route=%2Fwp%2Fv2%2Fproduct_tag&post=8377"}],"curies":[{"name":"wp","href":"https:\/\/api.w.org\/{rel}","templated":true}]}}